{"id":10812,"date":"2025-07-29T12:44:15","date_gmt":"2025-07-29T12:44:15","guid":{"rendered":"https:\/\/miamedic.lt\/?post_type=product&#038;p=10812"},"modified":"2026-02-02T17:19:52","modified_gmt":"2026-02-02T17:19:52","slug":"detoxifying-clay-mask","status":"publish","type":"product","link":"https:\/\/miamedic.lt\/en\/shop\/detoxifying-clay-mask\/","title":{"rendered":"Detoxifying Clay Mask"},"content":{"rendered":"<p><b>INIKA Detoxifying Clay Mask<\/b> \u2013 detoksikuojanti molio veido kauk\u0117<\/p>\n<p>\u0160i detoksikuojanti molio veido kauk\u0117 skirta pa\u0161alinti ne\u0161varumus ir toksinus i\u0161 odos.<\/p>\n<p><b>Odos tipas:<\/b> Tinka riebiai ar \u012f akn\u0119 linkusiai odai.<\/p>\n<p><b>Effect:<\/b><\/p>\n<ul>\n<li>Detoksikuojantis poveikis<\/li>\n<li>Padeda suma\u017einti riebal\u0173 pertekli\u0173<\/li>\n<li>Apsaugo od\u0105 nuo aplinkos tar\u0161os<\/li>\n<li>Kaolinas (baltasis molis) padeda u\u017ekirsti keli\u0105 u\u017esikim\u0161usioms poroms<\/li>\n<li>Antioksidant\u0173 gausi liucerna ma\u017eina odos paraudim\u0105 ir dirginim\u0105<\/li>\n<\/ul>\n<p><b>Usage:<\/b><\/p>\n<ul>\n<li>\u0160velniai u\u017etepkite gaus\u0173 sluoksn\u012f ant \u0161varios veido odos, vengdami aki\u0173 ir l\u016bp\u0173 srities.<\/li>\n<li>Palikite 10\u201315 minu\u010di\u0173, tada kruop\u0161\u010diai nuplaukite vandeniu.<\/li>\n<li>Naudokite 1\u20132 kartus per savait\u0119.<\/li>\n<\/ul>\n<p><b>Atsargumo priemon\u0117s:<\/b> Vengti patekimo \u012f aki\u0173 ir l\u016bp\u0173 sritis.<\/p>","protected":false},"excerpt":{"rendered":"<p>Detoksikuojanti molio veido kauk\u0117<\/p>","protected":false},"featured_media":10813,"comment_status":"open","ping_status":"closed","template":"","meta":[],"product_cat":[420],"product_tag":[],"class_list":{"0":"post-10812","1":"product","2":"type-product","3":"status-publish","4":"has-post-thumbnail","6":"product_cat-veido-kaukes","7":"pa_brands-inika","8":"pa_talpa-50ml-2","10":"first","11":"instock","12":"taxable","13":"shipping-taxable","14":"purchasable","15":"product-type-simple"},"_links":{"self":[{"href":"https:\/\/miamedic.lt\/en\/wp-json\/wp\/v2\/product\/10812","targetHints":{"allow":["GET"]}}],"collection":[{"href":"https:\/\/miamedic.lt\/en\/wp-json\/wp\/v2\/product"}],"about":[{"href":"https:\/\/miamedic.lt\/en\/wp-json\/wp\/v2\/types\/product"}],"replies":[{"embeddable":true,"href":"https:\/\/miamedic.lt\/en\/wp-json\/wp\/v2\/comments?post=10812"}],"version-history":[{"count":1,"href":"https:\/\/miamedic.lt\/en\/wp-json\/wp\/v2\/product\/10812\/revisions"}],"predecessor-version":[{"id":10814,"href":"https:\/\/miamedic.lt\/en\/wp-json\/wp\/v2\/product\/10812\/revisions\/10814"}],"wp:featuredmedia":[{"embeddable":true,"href":"https:\/\/miamedic.lt\/en\/wp-json\/wp\/v2\/media\/10813"}],"wp:attachment":[{"href":"https:\/\/miamedic.lt\/en\/wp-json\/wp\/v2\/media?parent=10812"}],"wp:term":[{"taxonomy":"product_cat","embeddable":true,"href":"https:\/\/miamedic.lt\/en\/wp-json\/wp\/v2\/product_cat?post=10812"},{"taxonomy":"product_tag","embeddable":true,"href":"https:\/\/miamedic.lt\/en\/wp-json\/wp\/v2\/product_tag?post=10812"}],"curies":[{"name":"wp","href":"https:\/\/api.w.org\/{rel}","templated":true}]}}