{"id":10809,"date":"2025-07-29T12:09:22","date_gmt":"2025-07-29T12:09:22","guid":{"rendered":"https:\/\/miamedic.lt\/?post_type=product&#038;p=10809"},"modified":"2025-12-01T00:28:48","modified_gmt":"2025-12-01T00:28:48","slug":"bakuchiol-serum","status":"publish","type":"product","link":"https:\/\/miamedic.lt\/en\/shop\/bakuchiol-serum\/","title":{"rendered":"Bakuchiol Serum"},"content":{"rendered":"<p><b>INIKA Bakuchiol Serum<\/b> \u2013 bakuchiolio serumas<\/p>\n<p>\u0160is \u0161velnus, \u0161ilkin\u0117s tekst\u016bros serumas su 2 % bakuchiolio yra apib\u016bdinamas kaip nat\u016brali ir veiksminga retinolio alternatyva.<\/p>\n<p><b>Odos tipas:<\/b> Tinka vis\u0173 tip\u0173 odai, \u012fskaitant jautri\u0105 ir problemati\u0161k\u0105 od\u0105. Bakuchiol yra vegani\u0161kas ir tinka jautriai odai.<\/p>\n<p><b>Effect:<\/b><\/p>\n<ul>\n<li>Klini\u0161kai \u012frodyta, kad yra toks pat veiksmingas kaip retinolis, u\u017ekertant keli\u0105 sen\u0117jimo po\u017eymiams.<\/li>\n<li>Apsaugo od\u0105 nuo pa\u017eeidim\u0173.<\/li>\n<li>Gerina problemati\u0161kos odos b\u016bkl\u0119.<\/li>\n<li>Stimuliuoja kolageno gamyb\u0105.<\/li>\n<li>Gerina odos ton\u0105 ir tekst\u016br\u0105.<\/li>\n<li>Ma\u017eina hiperpigmentacij\u0105 ir u\u017edegimus.<\/li>\n<li>Gali pad\u0117ti suma\u017einti smulkias rauk\u0161leles, rauk\u0161les ir spuogus.<\/li>\n<li>Stiprina nat\u016bral\u0173 odos barjer\u0105 ir sulaiko dr\u0117gm\u0119, kad oda b\u016bt\u0173 putli ir spindinti.<\/li>\n<\/ul>\n<p><b>Usage:<\/b><\/p>\n<ul>\n<li>\u012emasa\u017euokite 2\u20133 la\u0161us ant \u0161varios veido ir kaklo odos.<\/li>\n<li>Galima naudoti ryte ir vakare.<\/li>\n<\/ul>\n<p><b>Atsargumo priemon\u0117s:<\/b> Skirtingai nei retinolis, bakuchiol nesukelia dirginimo ar jautrumo.<\/p>","protected":false},"excerpt":{"rendered":"<p>Bakuchiolio serumas<\/p>","protected":false},"featured_media":10810,"comment_status":"open","ping_status":"closed","template":"","meta":[],"product_cat":[107],"product_tag":[],"class_list":{"0":"post-10809","1":"product","2":"type-product","3":"status-publish","4":"has-post-thumbnail","6":"product_cat-serumai","7":"pa_brands-inika","8":"pa_talpa-30ml-2","10":"first","11":"instock","12":"taxable","13":"shipping-taxable","14":"purchasable","15":"product-type-simple"},"_links":{"self":[{"href":"https:\/\/miamedic.lt\/en\/wp-json\/wp\/v2\/product\/10809","targetHints":{"allow":["GET"]}}],"collection":[{"href":"https:\/\/miamedic.lt\/en\/wp-json\/wp\/v2\/product"}],"about":[{"href":"https:\/\/miamedic.lt\/en\/wp-json\/wp\/v2\/types\/product"}],"replies":[{"embeddable":true,"href":"https:\/\/miamedic.lt\/en\/wp-json\/wp\/v2\/comments?post=10809"}],"version-history":[{"count":1,"href":"https:\/\/miamedic.lt\/en\/wp-json\/wp\/v2\/product\/10809\/revisions"}],"predecessor-version":[{"id":10811,"href":"https:\/\/miamedic.lt\/en\/wp-json\/wp\/v2\/product\/10809\/revisions\/10811"}],"wp:featuredmedia":[{"embeddable":true,"href":"https:\/\/miamedic.lt\/en\/wp-json\/wp\/v2\/media\/10810"}],"wp:attachment":[{"href":"https:\/\/miamedic.lt\/en\/wp-json\/wp\/v2\/media?parent=10809"}],"wp:term":[{"taxonomy":"product_cat","embeddable":true,"href":"https:\/\/miamedic.lt\/en\/wp-json\/wp\/v2\/product_cat?post=10809"},{"taxonomy":"product_tag","embeddable":true,"href":"https:\/\/miamedic.lt\/en\/wp-json\/wp\/v2\/product_tag?post=10809"}],"curies":[{"name":"wp","href":"https:\/\/api.w.org\/{rel}","templated":true}]}}