{"id":10806,"date":"2025-07-29T12:05:58","date_gmt":"2025-07-29T12:05:58","guid":{"rendered":"https:\/\/miamedic.lt\/?post_type=product&#038;p=10806"},"modified":"2025-12-01T00:28:48","modified_gmt":"2025-12-01T00:28:48","slug":"organic-kakadu-plum","status":"publish","type":"product","link":"https:\/\/miamedic.lt\/en\/shop\/organic-kakadu-plum\/","title":{"rendered":"Organic Kakadu Plum"},"content":{"rendered":"<p><b>INIKA Organic Kakadu Plum<\/b> \u2013 serumas su vitaminu C ir Kakadu slyv\u0173 ekstraktu<\/p>\n<p>\u0160is serumas pagamintas i\u0161 25 % sertifikuot\u0173 ekologi\u0161k\u0173 Kakadu slyv\u0173, kuriose yra antioksidant\u0173 mi\u0161inys ir did\u017eiausia \u017einoma nat\u016brali vitamino C koncentracija pasaulyje.<\/p>\n<p><b>Odos tipas:<\/b> Idealiai tinka vis\u0173 tip\u0173 odai.<\/p>\n<p><b>Effect:<\/b><\/p>\n<ul>\n<li>Padeda i\u0161lyginti odos ton\u0105.<\/li>\n<li>Ma\u017eina esam\u0105 pigmentacij\u0105.<\/li>\n<li>Didina elastingum\u0105.<\/li>\n<li>Skatina kolageno gamyb\u0105.<\/li>\n<li>Suteikia stipri\u0105 apsaug\u0105 nuo ter\u0161al\u0173 ir sen\u0117jimo po\u017eymi\u0173.<\/li>\n<\/ul>\n<p><b>Usage:<\/b><\/p>\n<ul>\n<li>U\u017ela\u0161inkite 2\u20133 la\u0161us ant \u0161varios veido ir kaklo odos.<\/li>\n<li>\u0160velniai \u012fmasa\u017euokite.<\/li>\n<li>Galima naudoti ryte ir vakare.<\/li>\n<li>Nor\u0117dami sustiprinti \u0161vyt\u0117jim\u0105, galite naudoti vien\u0105 arba sumai\u0161yti su aliejais ar dr\u0117kinamosiomis priemon\u0117mis.<\/li>\n<\/ul>","protected":false},"excerpt":{"rendered":"<p>Serumas su vitaminu C ir Kakadu slyv\u0173 ekstraktu<\/p>","protected":false},"featured_media":10807,"comment_status":"open","ping_status":"closed","template":"","meta":[],"product_cat":[107],"product_tag":[],"class_list":{"0":"post-10806","1":"product","2":"type-product","3":"status-publish","4":"has-post-thumbnail","6":"product_cat-serumai","7":"pa_brands-inika","8":"pa_talpa-15ml","10":"first","11":"instock","12":"taxable","13":"shipping-taxable","14":"purchasable","15":"product-type-simple"},"_links":{"self":[{"href":"https:\/\/miamedic.lt\/en\/wp-json\/wp\/v2\/product\/10806","targetHints":{"allow":["GET"]}}],"collection":[{"href":"https:\/\/miamedic.lt\/en\/wp-json\/wp\/v2\/product"}],"about":[{"href":"https:\/\/miamedic.lt\/en\/wp-json\/wp\/v2\/types\/product"}],"replies":[{"embeddable":true,"href":"https:\/\/miamedic.lt\/en\/wp-json\/wp\/v2\/comments?post=10806"}],"version-history":[{"count":1,"href":"https:\/\/miamedic.lt\/en\/wp-json\/wp\/v2\/product\/10806\/revisions"}],"predecessor-version":[{"id":10808,"href":"https:\/\/miamedic.lt\/en\/wp-json\/wp\/v2\/product\/10806\/revisions\/10808"}],"wp:featuredmedia":[{"embeddable":true,"href":"https:\/\/miamedic.lt\/en\/wp-json\/wp\/v2\/media\/10807"}],"wp:attachment":[{"href":"https:\/\/miamedic.lt\/en\/wp-json\/wp\/v2\/media?parent=10806"}],"wp:term":[{"taxonomy":"product_cat","embeddable":true,"href":"https:\/\/miamedic.lt\/en\/wp-json\/wp\/v2\/product_cat?post=10806"},{"taxonomy":"product_tag","embeddable":true,"href":"https:\/\/miamedic.lt\/en\/wp-json\/wp\/v2\/product_tag?post=10806"}],"curies":[{"name":"wp","href":"https:\/\/api.w.org\/{rel}","templated":true}]}}