{"id":10803,"date":"2025-07-29T11:48:17","date_gmt":"2025-07-29T11:48:17","guid":{"rendered":"https:\/\/miamedic.lt\/?post_type=product&#038;p=10803"},"modified":"2025-12-01T00:28:48","modified_gmt":"2025-12-01T00:28:48","slug":"hyaluronic-complex","status":"publish","type":"product","link":"https:\/\/miamedic.lt\/en\/shop\/hyaluronic-complex\/","title":{"rendered":"Hyaluronic Complex"},"content":{"rendered":"<p><b>INIKA Hyaluronic Complex<\/b> \u2013 hialurono r\u016bg\u0161ties kompleksas<\/p>\n<p>\u0160is lengvas, be aliejaus serumas sukurtas intensyviai dr\u0117kinti od\u0105 naudojant 2 % augalin\u0117s kilm\u0117s, skirtingo molekulinio svorio hialurono r\u016bg\u0161t\u012f. \u0160i pagrindin\u0117 sudedamoji dalis padeda i\u0161laikyti vandens molekules, pagerinti odos barjerin\u0119 funkcij\u0105 ir apsaugoti nuo dr\u0117gm\u0117s praradimo. Serume taip pat yra Kakadu slyv\u0173 ekstrakto, kuris padeda suma\u017einti pigmentacij\u0105, didina elastingum\u0105 ir skatina kolageno gamyb\u0105. \u0160is galingas botaninis ingredientas, kartu su hialurono r\u016bg\u0161timi, palaiko odos barjer\u0105, apsaugo nuo ter\u0161al\u0173 ir ma\u017eina sen\u0117jimo po\u017eymius. Vandens pagrindo, 100 % nat\u016bralus serumas putlina ir lygina od\u0105, ma\u017eindamas smulki\u0173 rauk\u0161leli\u0173 atsiradim\u0105.<\/p>\n<p><b>Effect:<\/b><\/p>\n<ul>\n<li>Dr\u0117kina od\u0105 ir padeda i\u0161laikyti vandens molekules<\/li>\n<li>Gerina odos barjerin\u0119 funkcij\u0105 ir apsaugo nuo dr\u0117gm\u0117s praradimo<\/li>\n<li>Ma\u017eina pigmentacij\u0105, didina elastingum\u0105 ir skatina kolageno gamyb\u0105<\/li>\n<li>Saugo nuo ter\u0161al\u0173 ir ma\u017eina sen\u0117jimo po\u017eymius<\/li>\n<li>Putlina ir lygina od\u0105, ma\u017eina smulki\u0173 rauk\u0161leli\u0173 ir rauk\u0161li\u0173 atsiradim\u0105<\/li>\n<\/ul>\n<p><b>Usage:<\/b><\/p>\n<ul>\n<li>U\u017ela\u0161inkite 2\u20133 la\u0161us ant \u0161varios veido ir kaklo odos.<\/li>\n<li>\u0160velniai \u012fmasa\u017euokite.<\/li>\n<li>Galima naudoti ryte ir vakare.<\/li>\n<\/ul>","protected":false},"excerpt":{"rendered":"<p>Hialurono r\u016bg\u0161ties kompleksas<\/p>","protected":false},"featured_media":10804,"comment_status":"open","ping_status":"closed","template":"","meta":[],"product_cat":[107],"product_tag":[],"class_list":{"0":"post-10803","1":"product","2":"type-product","3":"status-publish","4":"has-post-thumbnail","6":"product_cat-serumai","7":"pa_brands-inika","8":"pa_talpa-30ml-2","10":"first","11":"instock","12":"taxable","13":"shipping-taxable","14":"purchasable","15":"product-type-simple"},"_links":{"self":[{"href":"https:\/\/miamedic.lt\/en\/wp-json\/wp\/v2\/product\/10803","targetHints":{"allow":["GET"]}}],"collection":[{"href":"https:\/\/miamedic.lt\/en\/wp-json\/wp\/v2\/product"}],"about":[{"href":"https:\/\/miamedic.lt\/en\/wp-json\/wp\/v2\/types\/product"}],"replies":[{"embeddable":true,"href":"https:\/\/miamedic.lt\/en\/wp-json\/wp\/v2\/comments?post=10803"}],"version-history":[{"count":1,"href":"https:\/\/miamedic.lt\/en\/wp-json\/wp\/v2\/product\/10803\/revisions"}],"predecessor-version":[{"id":10805,"href":"https:\/\/miamedic.lt\/en\/wp-json\/wp\/v2\/product\/10803\/revisions\/10805"}],"wp:featuredmedia":[{"embeddable":true,"href":"https:\/\/miamedic.lt\/en\/wp-json\/wp\/v2\/media\/10804"}],"wp:attachment":[{"href":"https:\/\/miamedic.lt\/en\/wp-json\/wp\/v2\/media?parent=10803"}],"wp:term":[{"taxonomy":"product_cat","embeddable":true,"href":"https:\/\/miamedic.lt\/en\/wp-json\/wp\/v2\/product_cat?post=10803"},{"taxonomy":"product_tag","embeddable":true,"href":"https:\/\/miamedic.lt\/en\/wp-json\/wp\/v2\/product_tag?post=10803"}],"curies":[{"name":"wp","href":"https:\/\/api.w.org\/{rel}","templated":true}]}}