{"id":10796,"date":"2025-07-29T11:44:30","date_gmt":"2025-07-29T11:44:30","guid":{"rendered":"https:\/\/miamedic.lt\/?post_type=product&#038;p=10796"},"modified":"2025-12-01T00:30:08","modified_gmt":"2025-12-01T00:30:08","slug":"hydrating-toning-mist","status":"publish","type":"product","link":"https:\/\/miamedic.lt\/en\/shop\/hydrating-toning-mist\/","title":{"rendered":"Hydrating Toning Mist"},"content":{"rendered":"<p><b>INIKA Organic Dr\u0117kinanti Veido Dulksna<\/b> \u2013 intensyviai dr\u0117kinanti veido dulksna<\/p>\n<p>\u0160i intensyviai dr\u0117kinanti ir maitinanti veido dulksna ramina od\u0105 ir atkuria jos pusiausvyr\u0105. Jos nat\u016brali sud\u0117tis praturtinta raminamaisiais ir gaivinamaisiais botaniniais ekstraktais, tod\u0117l tinka odai su pigmentin\u0117mis d\u0117m\u0117mis.<\/p>\n<p><b>Odos tipas:<\/b> Tinka odai su pigmentin\u0117mis d\u0117m\u0117mis.<\/p>\n<p><b>Effect:<\/b><\/p>\n<ul>\n<li>Stiprus antioksidantas: Jerichono ro\u017e\u0117 padeda nuraminti ir apsaugoti od\u0105.<\/li>\n<li>Od\u0105 stangrinantis: Sud\u0117tyje yra gvazdik\u0117li\u0173 pumpur\u0173 aliejaus, tinkan\u010dio brand\u017eiai odai.<\/li>\n<li>Mink\u0161tinantis ir skaistinantis: Alijo\u0161ius mink\u0161tina ir skaistina od\u0105, suteikdamas jai \u0161vyt\u0117jimo.<\/li>\n<\/ul>","protected":false},"excerpt":{"rendered":"<p>Intensyviai dr\u0117kinanti veido dulksna<\/p>","protected":false},"featured_media":10797,"comment_status":"open","ping_status":"closed","template":"","meta":[],"product_cat":[105,224],"product_tag":[],"class_list":{"0":"post-10796","1":"product","2":"type-product","3":"status-publish","4":"has-post-thumbnail","6":"product_cat-tonikai","7":"product_cat-dulksnos","8":"pa_brands-inika","9":"pa_talpa-120ml","10":"pa_talpa-30ml-2","12":"first","13":"instock","14":"taxable","15":"shipping-taxable","16":"purchasable","17":"product-type-variable"},"_links":{"self":[{"href":"https:\/\/miamedic.lt\/en\/wp-json\/wp\/v2\/product\/10796","targetHints":{"allow":["GET"]}}],"collection":[{"href":"https:\/\/miamedic.lt\/en\/wp-json\/wp\/v2\/product"}],"about":[{"href":"https:\/\/miamedic.lt\/en\/wp-json\/wp\/v2\/types\/product"}],"replies":[{"embeddable":true,"href":"https:\/\/miamedic.lt\/en\/wp-json\/wp\/v2\/comments?post=10796"}],"version-history":[{"count":1,"href":"https:\/\/miamedic.lt\/en\/wp-json\/wp\/v2\/product\/10796\/revisions"}],"predecessor-version":[{"id":10802,"href":"https:\/\/miamedic.lt\/en\/wp-json\/wp\/v2\/product\/10796\/revisions\/10802"}],"wp:featuredmedia":[{"embeddable":true,"href":"https:\/\/miamedic.lt\/en\/wp-json\/wp\/v2\/media\/10797"}],"wp:attachment":[{"href":"https:\/\/miamedic.lt\/en\/wp-json\/wp\/v2\/media?parent=10796"}],"wp:term":[{"taxonomy":"product_cat","embeddable":true,"href":"https:\/\/miamedic.lt\/en\/wp-json\/wp\/v2\/product_cat?post=10796"},{"taxonomy":"product_tag","embeddable":true,"href":"https:\/\/miamedic.lt\/en\/wp-json\/wp\/v2\/product_tag?post=10796"}],"curies":[{"name":"wp","href":"https:\/\/api.w.org\/{rel}","templated":true}]}}