{"id":10793,"date":"2025-07-29T11:37:29","date_gmt":"2025-07-29T11:37:29","guid":{"rendered":"https:\/\/miamedic.lt\/?post_type=product&#038;p=10793"},"modified":"2025-12-01T00:30:09","modified_gmt":"2025-12-01T00:30:09","slug":"phytofuse-renew-serum","status":"publish","type":"product","link":"https:\/\/miamedic.lt\/en\/shop\/phytofuse-renew-serum\/","title":{"rendered":"Phytofuse Renew Serum"},"content":{"rendered":"<p><b>INIKA Organic Phytofuse Renew\u2122 Serum<\/b> \u2013 atkuriamasis serumas<\/p>\n<p>\u0160is lengvas, greitai \u012fsigeriantis serumas praturtintas resveratroliu, granat\u0173 s\u0117kl\u0173 ir simondsij\u0173 aliejais. Serume yra 14 botanini\u0173 aliej\u0173, o jo \u0161velnus aromatas suteikia odai gaivos ir \u0161velnumo poj\u016bt\u012f.<\/p>\n<p><b>Odos tipas:<\/b> Tinka odai, turin\u010diai rauk\u0161li\u0173 ar smulki\u0173 linij\u0173.<\/p>\n<p><b>Effect:<\/b><\/p>\n<ul>\n<li>Suteikia odai gaivos ir mink\u0161tumo poj\u016bt\u012f.<\/li>\n<\/ul>\n<p><b>Usage:<\/b><\/p>\n<ul>\n<li>Tepkite ant \u0161varios ir sausos odos.<\/li>\n<li>Rekomenduojama naudoti kartu su kremu ar veido aliejumi.<\/li>\n<li>I\u0161spauskite reikiam\u0105 produkto kiek\u012f ir \u0161velniai \u012ftap\u0161nokite \u012f veido srit\u012f.<\/li>\n<\/ul>","protected":false},"excerpt":{"rendered":"<p>Atkuriamasis serumas<\/p>","protected":false},"featured_media":10794,"comment_status":"open","ping_status":"closed","template":"","meta":[],"product_cat":[107],"product_tag":[],"class_list":{"0":"post-10793","1":"product","2":"type-product","3":"status-publish","4":"has-post-thumbnail","6":"product_cat-serumai","7":"pa_brands-inika","8":"pa_talpa-15ml","9":"pa_talpa-30ml-2","11":"first","12":"instock","13":"taxable","14":"shipping-taxable","15":"purchasable","16":"product-type-variable"},"_links":{"self":[{"href":"https:\/\/miamedic.lt\/en\/wp-json\/wp\/v2\/product\/10793","targetHints":{"allow":["GET"]}}],"collection":[{"href":"https:\/\/miamedic.lt\/en\/wp-json\/wp\/v2\/product"}],"about":[{"href":"https:\/\/miamedic.lt\/en\/wp-json\/wp\/v2\/types\/product"}],"replies":[{"embeddable":true,"href":"https:\/\/miamedic.lt\/en\/wp-json\/wp\/v2\/comments?post=10793"}],"version-history":[{"count":1,"href":"https:\/\/miamedic.lt\/en\/wp-json\/wp\/v2\/product\/10793\/revisions"}],"predecessor-version":[{"id":10795,"href":"https:\/\/miamedic.lt\/en\/wp-json\/wp\/v2\/product\/10793\/revisions\/10795"}],"wp:featuredmedia":[{"embeddable":true,"href":"https:\/\/miamedic.lt\/en\/wp-json\/wp\/v2\/media\/10794"}],"wp:attachment":[{"href":"https:\/\/miamedic.lt\/en\/wp-json\/wp\/v2\/media?parent=10793"}],"wp:term":[{"taxonomy":"product_cat","embeddable":true,"href":"https:\/\/miamedic.lt\/en\/wp-json\/wp\/v2\/product_cat?post=10793"},{"taxonomy":"product_tag","embeddable":true,"href":"https:\/\/miamedic.lt\/en\/wp-json\/wp\/v2\/product_tag?post=10793"}],"curies":[{"name":"wp","href":"https:\/\/api.w.org\/{rel}","templated":true}]}}