{"id":10790,"date":"2025-07-29T11:32:40","date_gmt":"2025-07-29T11:32:40","guid":{"rendered":"https:\/\/miamedic.lt\/?post_type=product&#038;p=10790"},"modified":"2025-12-01T00:30:09","modified_gmt":"2025-12-01T00:30:09","slug":"phyto-active-face-oil-2","status":"publish","type":"product","link":"https:\/\/miamedic.lt\/en\/shop\/phyto-active-face-oil-2\/","title":{"rendered":"Phyto-Active Face Oil"},"content":{"rendered":"<p><b><span class=\"citation-29\">INIKA Organic Phyto-Active Face Oil<\/span><\/b><span class=\"citation-29 citation-end-29\"> \u2013 atkuriamasis veido aliejus<\/span><\/p>\n<p>\u0160is prabangus, lengvos tekst\u016bros veido aliejus yra sukurtas giliai maitinti ir atkurti od\u0105. <span class=\"citation-28 citation-end-28\">Praturtintas galingu augalini\u0173 aliej\u0173 ir antioksidant\u0173 mi\u0161iniu, jis padeda suma\u017einti smulki\u0173 rauk\u0161leli\u0173 atsiradim\u0105, pagerinti odos elastingum\u0105 ir suteikti jai spindesio.<\/span> <span class=\"citation-27 citation-end-27\">Greitai \u012fsigerianti formul\u0117 nepalieka riebumo jausmo, o oda tampa \u0161velni, lygi ir atgaivinta.<\/span> Idealiai tinka naudoti ryte ir vakare.<\/p>\n<p><b>Odos tipas:<\/b> Tinka vis\u0173 tip\u0173 odai, ypa\u010d sausai, brand\u017eiai ar pavargusiai odai.<\/p>\n<p><b>Effect:<\/b><\/p>\n<ul>\n<li><span class=\"citation-26 citation-end-26\">Intensyviai maitina ir dr\u0117kina od\u0105<\/span><\/li>\n<li>Ma\u017eina smulki\u0173 rauk\u0161leli\u0173 atsiradim\u0105<\/li>\n<li>Gerina odos elastingum\u0105 ir stangrum\u0105<\/li>\n<li><span class=\"citation-25 citation-end-25\">Suteikia odai sveik\u0105 spindes\u012f ir atgaivina j\u0105<\/span><\/li>\n<li><span class=\"citation-24 citation-end-24\">Padeda atkurti odos barjerin\u0119 funkcij\u0105<\/span><\/li>\n<\/ul>\n<p><b>Usage:<\/b><\/p>\n<ul>\n<li>Po valymo ir tonizavimo, u\u017ela\u0161inkite 2-3 la\u0161us aliejaus ant pir\u0161t\u0173 galiuk\u0173.<\/li>\n<li>\u0160velniai \u012fmasa\u017euokite \u012f veido, kaklo ir dekolt\u0117 od\u0105.<\/li>\n<li>Naudokite ryte ir\/arba vakare, prie\u0161 krem\u0105.<\/li>\n<\/ul>","protected":false},"excerpt":{"rendered":"<p><span class=\"citation-29 citation-end-29\">Atkuriamasis veido aliejus<\/span><\/p>","protected":false},"featured_media":10791,"comment_status":"open","ping_status":"closed","template":"","meta":[],"product_cat":[379],"product_tag":[],"class_list":{"0":"post-10790","1":"product","2":"type-product","3":"status-publish","4":"has-post-thumbnail","6":"product_cat-veido-aliejai","7":"pa_brands-inika","8":"pa_talpa-15ml","9":"pa_talpa-30ml-2","11":"first","12":"instock","13":"taxable","14":"shipping-taxable","15":"purchasable","16":"product-type-variable"},"_links":{"self":[{"href":"https:\/\/miamedic.lt\/en\/wp-json\/wp\/v2\/product\/10790","targetHints":{"allow":["GET"]}}],"collection":[{"href":"https:\/\/miamedic.lt\/en\/wp-json\/wp\/v2\/product"}],"about":[{"href":"https:\/\/miamedic.lt\/en\/wp-json\/wp\/v2\/types\/product"}],"replies":[{"embeddable":true,"href":"https:\/\/miamedic.lt\/en\/wp-json\/wp\/v2\/comments?post=10790"}],"version-history":[{"count":2,"href":"https:\/\/miamedic.lt\/en\/wp-json\/wp\/v2\/product\/10790\/revisions"}],"predecessor-version":[{"id":12329,"href":"https:\/\/miamedic.lt\/en\/wp-json\/wp\/v2\/product\/10790\/revisions\/12329"}],"wp:featuredmedia":[{"embeddable":true,"href":"https:\/\/miamedic.lt\/en\/wp-json\/wp\/v2\/media\/10791"}],"wp:attachment":[{"href":"https:\/\/miamedic.lt\/en\/wp-json\/wp\/v2\/media?parent=10790"}],"wp:term":[{"taxonomy":"product_cat","embeddable":true,"href":"https:\/\/miamedic.lt\/en\/wp-json\/wp\/v2\/product_cat?post=10790"},{"taxonomy":"product_tag","embeddable":true,"href":"https:\/\/miamedic.lt\/en\/wp-json\/wp\/v2\/product_tag?post=10790"}],"curies":[{"name":"wp","href":"https:\/\/api.w.org\/{rel}","templated":true}]}}