{"id":10783,"date":"2025-07-29T11:26:33","date_gmt":"2025-07-29T11:26:33","guid":{"rendered":"https:\/\/miamedic.lt\/?post_type=product&#038;p=10783"},"modified":"2025-12-01T00:28:49","modified_gmt":"2025-12-01T00:28:49","slug":"phytofuse-renew-rich-night-cream","status":"publish","type":"product","link":"https:\/\/miamedic.lt\/en\/shop\/phytofuse-renew-rich-night-cream\/","title":{"rendered":"Phytofuse Renew Rich Night Cream"},"content":{"rendered":"<p><b>INIKA Organic Phytofuse Renew\u2122 Rich Night Cream<\/b> \u2013 intensyviai regeneruojantis naktinis kremas<\/p>\n<p>\u0160is sodrus naktinis kremas sukurtas skatinti odos atsinaujinim\u0105 miego metu. Jis intensyviai maitina ir giliai dr\u0117kina od\u0105, tod\u0117l ji tampa skaistesn\u0117 ir atsigavusi. Kremas praturtintas saul\u0117gr\u0105\u017e\u0173, er\u0161k\u0117tro\u017ei\u0173 ir argano aliejais, taip pat resveratrolio ekstraktu, kurie padeda atkurti odos barjer\u0105 ir apsaugoti j\u0105 nuo aplinkos \u017ealos.<\/p>\n<p><b>Odos tipas:<\/b> Tinka labai sausai, brand\u017eiai odai, kuriai reikalingas maitinimas ir gilus dr\u0117kinimas.<\/p>\n<p><b>Effect:<\/b><\/p>\n<ul>\n<li>Skatina odos skaistum\u0105, raminim\u0105 ir spartesn\u0119 regeneracij\u0105 nakties metu<\/li>\n<li>Intensyviai maitina ir dr\u0117kina od\u0105 d\u0117l augalini\u0173 aliej\u0173 ir sviest\u0173<\/li>\n<li>Sud\u0117tyje yra galing\u0173 antioksidant\u0173, apsaugan\u010di\u0173 od\u0105<\/li>\n<\/ul>\n<p><b>Usage:<\/b><\/p>\n<ul>\n<li>Tepkite vakare ant \u0161varios ir sausos veido odos.<\/li>\n<li>\u0160velniai \u012fmasa\u017euokite krem\u0105 \u012f veido, kaklo ir dekolt\u0117 sritis.<\/li>\n<li>Geriausiems rezultatams pasiekti, naudokite kartu su serumu arba er\u0161k\u0117tro\u017ei\u0173 aliejumi.<\/li>\n<\/ul>","protected":false},"excerpt":{"rendered":"<p>Intensyviai regeneruojantis naktinis kremas<\/p>","protected":false},"featured_media":10784,"comment_status":"open","ping_status":"closed","template":"","meta":[],"product_cat":[180],"product_tag":[],"class_list":{"0":"post-10783","1":"product","2":"type-product","3":"status-publish","4":"has-post-thumbnail","6":"product_cat-naktiniai-kremai","7":"pa_brands-inika","8":"pa_talpa-50ml-2","10":"first","11":"instock","12":"taxable","13":"shipping-taxable","14":"purchasable","15":"product-type-simple"},"_links":{"self":[{"href":"https:\/\/miamedic.lt\/en\/wp-json\/wp\/v2\/product\/10783","targetHints":{"allow":["GET"]}}],"collection":[{"href":"https:\/\/miamedic.lt\/en\/wp-json\/wp\/v2\/product"}],"about":[{"href":"https:\/\/miamedic.lt\/en\/wp-json\/wp\/v2\/types\/product"}],"replies":[{"embeddable":true,"href":"https:\/\/miamedic.lt\/en\/wp-json\/wp\/v2\/comments?post=10783"}],"version-history":[{"count":1,"href":"https:\/\/miamedic.lt\/en\/wp-json\/wp\/v2\/product\/10783\/revisions"}],"predecessor-version":[{"id":10785,"href":"https:\/\/miamedic.lt\/en\/wp-json\/wp\/v2\/product\/10783\/revisions\/10785"}],"wp:featuredmedia":[{"embeddable":true,"href":"https:\/\/miamedic.lt\/en\/wp-json\/wp\/v2\/media\/10784"}],"wp:attachment":[{"href":"https:\/\/miamedic.lt\/en\/wp-json\/wp\/v2\/media?parent=10783"}],"wp:term":[{"taxonomy":"product_cat","embeddable":true,"href":"https:\/\/miamedic.lt\/en\/wp-json\/wp\/v2\/product_cat?post=10783"},{"taxonomy":"product_tag","embeddable":true,"href":"https:\/\/miamedic.lt\/en\/wp-json\/wp\/v2\/product_tag?post=10783"}],"curies":[{"name":"wp","href":"https:\/\/api.w.org\/{rel}","templated":true}]}}