{"id":10780,"date":"2025-07-29T11:16:10","date_gmt":"2025-07-29T11:16:10","guid":{"rendered":"https:\/\/miamedic.lt\/?post_type=product&#038;p=10780"},"modified":"2025-12-01T00:28:49","modified_gmt":"2025-12-01T00:28:49","slug":"phytofuse-renew-night-cream","status":"publish","type":"product","link":"https:\/\/miamedic.lt\/en\/shop\/phytofuse-renew-night-cream\/","title":{"rendered":"Phytofuse Renew Night Cream"},"content":{"rendered":"<p><strong><span class=\"citation-7 citation-end-7\">INIKA Organic Phytofuse Renew Night Cream \u2013 intensyviai atkuriantis naktinis kremas<\/span><\/strong><\/p>\n<p><span class=\"citation-6 citation-end-6\">\u0160is sodrus, maitinantis naktinis kremas sukurtas intensyviai atkurti ir atnaujinti od\u0105 miego metu.<\/span> Praturtintas galingu argano, saul\u0117gr\u0105\u017e\u0173 ir dygmin\u0173 aliej\u0173 mi\u0161iniu, kartu su hialurono r\u016bg\u0161timi ir antioksidantais, kremas giliai dr\u0117kina, lygina smulkias rauk\u0161leles ir atkuria odos elastingum\u0105. Ryt\u0105 oda atrodo pails\u0117jusi, skaistesn\u0117 ir stangresn\u0117.<\/p>\n<p><strong>Odos tipas:<\/strong><\/p>\n<p>Tinka vis\u0173 tip\u0173 odai, ypa\u010d brand\u017eiai, sausai ar dehidratuotai.<\/p>\n<p>Effect:<\/p>\n<ul>\n<li>Intensyviai dr\u0117kina ir maitina od\u0105<\/li>\n<li><span class=\"citation-5 citation-end-5\">Skatina odos atsinaujinim\u0105 miego metu<\/span><\/li>\n<li>Lygina smulkias rauk\u0161leles ir gerina odos elastingum\u0105<\/li>\n<li><span class=\"citation-4 citation-end-4\">Atkuria odos barjerin\u0119 funkcij\u0105<\/span><\/li>\n<li>Suteikia odai pails\u0117jusios ir skaistesn\u0117s i\u0161vaizdos<\/li>\n<\/ul>\n<p><strong>Usage:<\/strong><\/p>\n<ul>\n<li>Vakare, ant \u0161varios odos, \u0161velniai u\u017etepkite nedidel\u012f kiek\u012f kremo ant veido, kaklo ir dekolt\u0117 srities.<\/li>\n<li>\u0160velniai \u012fmasa\u017euokite judesiais auk\u0161tyn, kol kremas visi\u0161kai \u012fsigers.<\/li>\n<\/ul>\n<p><strong>Atsargumo priemon\u0117s:<\/strong><\/p>\n<ul>\n<li>Tik i\u0161oriniam naudojimui.<\/li>\n<li>Venkite tiesioginio patekimo \u012f akis.<\/li>\n<li>Jei pasirei\u0161kia sudirgimas \u2013 nutraukite naudojim\u0105.<\/li>\n<li>Laikyti vaikams nepasiekiamoje vietoje.<\/li>\n<\/ul>\n<p><strong>Laikymo s\u0105lygos:<\/strong><\/p>\n<ul>\n<li>Laikyti v\u0117sioje, sausoje vietoje.<\/li>\n<li>Saugoti nuo tiesiogini\u0173 saul\u0117s spinduli\u0173.<\/li>\n<\/ul>","protected":false},"excerpt":{"rendered":"<p><span class=\"citation-7 citation-end-7\">Intensyviai atkuriantis naktinis kremas<\/span><\/p>","protected":false},"featured_media":10781,"comment_status":"open","ping_status":"closed","template":"","meta":[],"product_cat":[180,129],"product_tag":[],"class_list":{"0":"post-10780","1":"product","2":"type-product","3":"status-publish","4":"has-post-thumbnail","6":"product_cat-naktiniai-kremai","7":"product_cat-veido-kremai","8":"pa_brands-inika","9":"pa_talpa-50ml-2","11":"first","12":"instock","13":"taxable","14":"shipping-taxable","15":"purchasable","16":"product-type-simple"},"_links":{"self":[{"href":"https:\/\/miamedic.lt\/en\/wp-json\/wp\/v2\/product\/10780","targetHints":{"allow":["GET"]}}],"collection":[{"href":"https:\/\/miamedic.lt\/en\/wp-json\/wp\/v2\/product"}],"about":[{"href":"https:\/\/miamedic.lt\/en\/wp-json\/wp\/v2\/types\/product"}],"replies":[{"embeddable":true,"href":"https:\/\/miamedic.lt\/en\/wp-json\/wp\/v2\/comments?post=10780"}],"version-history":[{"count":1,"href":"https:\/\/miamedic.lt\/en\/wp-json\/wp\/v2\/product\/10780\/revisions"}],"predecessor-version":[{"id":10782,"href":"https:\/\/miamedic.lt\/en\/wp-json\/wp\/v2\/product\/10780\/revisions\/10782"}],"wp:featuredmedia":[{"embeddable":true,"href":"https:\/\/miamedic.lt\/en\/wp-json\/wp\/v2\/media\/10781"}],"wp:attachment":[{"href":"https:\/\/miamedic.lt\/en\/wp-json\/wp\/v2\/media?parent=10780"}],"wp:term":[{"taxonomy":"product_cat","embeddable":true,"href":"https:\/\/miamedic.lt\/en\/wp-json\/wp\/v2\/product_cat?post=10780"},{"taxonomy":"product_tag","embeddable":true,"href":"https:\/\/miamedic.lt\/en\/wp-json\/wp\/v2\/product_tag?post=10780"}],"curies":[{"name":"wp","href":"https:\/\/api.w.org\/{rel}","templated":true}]}}