{"id":10775,"date":"2025-07-29T10:21:17","date_gmt":"2025-07-29T10:21:17","guid":{"rendered":"https:\/\/miamedic.lt\/?post_type=product&#038;p=10775"},"modified":"2025-12-01T00:28:49","modified_gmt":"2025-12-01T00:28:49","slug":"phyto-active-rosewater-micellar","status":"publish","type":"product","link":"https:\/\/miamedic.lt\/en\/shop\/phyto-active-rosewater-micellar\/","title":{"rendered":"Phyto-Active Rosewater Micellar"},"content":{"rendered":"<p data-start=\"148\" data-end=\"248\"><strong data-start=\"148\" data-end=\"197\">INIKA Organic Phyto-Active Rosewater Micellar<\/strong> \u2013 \u0161velnus micelinis vanduo su ro\u017ei\u0173 \u017eied\u0173 vandeniu<\/p>\n<p data-start=\"250\" data-end=\"634\">\u0160i lengva ir gaivinanti micelin\u0117 formul\u0117 \u0161velniai pa\u0161alina makia\u017e\u0105, ne\u0161varumus bei perteklinius riebalus, kartu dr\u0117kindama ir balansuoja od\u0105. Priemon\u0117 pasi\u017eymi raminamuoju poveikiu ir yra praturtinta nat\u016braliais augaliniais ekstraktais, tod\u0117l idealiai tinka jautriai ir \u012f sudirginim\u0105 linkusiai odai. Nereikia nuplauti \u2013 puikiai tinka naudoti kaip pirm\u0105j\u012f \u017eingsn\u012f odos valymo rutinoje.<\/p>\n<p data-start=\"636\" data-end=\"723\"><strong data-start=\"636\" data-end=\"651\">Odos tipas:<\/strong><br data-start=\"651\" data-end=\"654\" \/>Tinka visiems odos tipams \u2013 ypa\u010d jautriai, sausai ar sudirgusiai odai<\/p>\n<p data-start=\"725\" data-end=\"960\"><strong data-start=\"725\" data-end=\"738\">Effect:<\/strong><br data-start=\"738\" data-end=\"741\" \/>\u2022 \u0160velniai, bet efektyviai pa\u0161alina makia\u017e\u0105 ir ne\u0161varumus<br data-start=\"798\" data-end=\"801\" \/>\u2022 Dr\u0117kina, gaivina ir balansuoja od\u0105<br data-start=\"837\" data-end=\"840\" \/>\u2022 Ramina ir ma\u017eina paraudim\u0105<br data-start=\"868\" data-end=\"871\" \/>\u2022 Neapsunkina odos, nesukelia sausumo<br data-start=\"908\" data-end=\"911\" \/>\u2022 Paruo\u0161ia od\u0105 tolimesniems prie\u017ei\u016bros \u017eingsniams<\/p>\n<p data-start=\"962\" data-end=\"1154\"><strong data-start=\"962\" data-end=\"977\">Usage:<\/strong><br data-start=\"977\" data-end=\"980\" \/>\u2022 Sudr\u0117kinkite vatos diskel\u012f miceliniu vandeniu<br data-start=\"1027\" data-end=\"1030\" \/>\u2022 \u0160velniai nuvalykite veid\u0105, akis ir l\u016bpas<br data-start=\"1072\" data-end=\"1075\" \/>\u2022 Nereikia nuplauti \u2013 galima t\u0119sti odos prie\u017ei\u016br\u0105<br data-start=\"1124\" data-end=\"1127\" \/>\u2022 Naudoti ryte ir\/ar vakare<\/p>\n<p data-start=\"1156\" data-end=\"1346\"><strong data-start=\"1156\" data-end=\"1180\">Atsargumo priemon\u0117s:<\/strong><br data-start=\"1180\" data-end=\"1183\" \/>\u2022 Tik i\u0161oriniam naudojimui<br data-start=\"1209\" data-end=\"1212\" \/>\u2022 Venkite tiesioginio patekimo \u012f akis<br data-start=\"1249\" data-end=\"1252\" \/>\u2022 Jei pasirei\u0161kia sudirgimas \u2013 nutraukite naudojim\u0105<br data-start=\"1303\" data-end=\"1306\" \/>\u2022 Laikyti vaikams nepasiekiamoje vietoje<\/p>\n<p data-start=\"1348\" data-end=\"1450\"><strong data-start=\"1348\" data-end=\"1368\">Laikymo s\u0105lygos:<\/strong><br data-start=\"1368\" data-end=\"1371\" \/>\u2022 Laikyti v\u0117sioje, sausoje vietoje<br data-start=\"1405\" data-end=\"1408\" \/>\u2022 Saugoti nuo tiesiogini\u0173 saul\u0117s spinduli\u0173<\/p>","protected":false},"excerpt":{"rendered":"<p>\u0160velnus micelinis vanduo su ro\u017ei\u0173 \u017eied\u0173 vandeniu<\/p>","protected":false},"featured_media":10776,"comment_status":"open","ping_status":"closed","template":"","meta":[],"product_cat":[191],"product_tag":[],"class_list":{"0":"post-10775","1":"product","2":"type-product","3":"status-publish","4":"has-post-thumbnail","6":"product_cat-makiazo-valymas-veido-prieziura","7":"pa_brands-inika","8":"pa_talpa-120ml","10":"first","11":"instock","12":"taxable","13":"shipping-taxable","14":"purchasable","15":"product-type-simple"},"_links":{"self":[{"href":"https:\/\/miamedic.lt\/en\/wp-json\/wp\/v2\/product\/10775","targetHints":{"allow":["GET"]}}],"collection":[{"href":"https:\/\/miamedic.lt\/en\/wp-json\/wp\/v2\/product"}],"about":[{"href":"https:\/\/miamedic.lt\/en\/wp-json\/wp\/v2\/types\/product"}],"replies":[{"embeddable":true,"href":"https:\/\/miamedic.lt\/en\/wp-json\/wp\/v2\/comments?post=10775"}],"version-history":[{"count":3,"href":"https:\/\/miamedic.lt\/en\/wp-json\/wp\/v2\/product\/10775\/revisions"}],"predecessor-version":[{"id":12330,"href":"https:\/\/miamedic.lt\/en\/wp-json\/wp\/v2\/product\/10775\/revisions\/12330"}],"wp:featuredmedia":[{"embeddable":true,"href":"https:\/\/miamedic.lt\/en\/wp-json\/wp\/v2\/media\/10776"}],"wp:attachment":[{"href":"https:\/\/miamedic.lt\/en\/wp-json\/wp\/v2\/media?parent=10775"}],"wp:term":[{"taxonomy":"product_cat","embeddable":true,"href":"https:\/\/miamedic.lt\/en\/wp-json\/wp\/v2\/product_cat?post=10775"},{"taxonomy":"product_tag","embeddable":true,"href":"https:\/\/miamedic.lt\/en\/wp-json\/wp\/v2\/product_tag?post=10775"}],"curies":[{"name":"wp","href":"https:\/\/api.w.org\/{rel}","templated":true}]}}