{"id":10772,"date":"2025-07-29T09:21:28","date_gmt":"2025-07-29T09:21:28","guid":{"rendered":"https:\/\/miamedic.lt\/?post_type=product&#038;p=10772"},"modified":"2025-12-01T10:21:00","modified_gmt":"2025-12-01T10:21:00","slug":"phytofuse-renew-hand-cream","status":"publish","type":"product","link":"https:\/\/miamedic.lt\/en\/shop\/phytofuse-renew-hand-cream\/","title":{"rendered":"Phytofuse Renew Hand Cream"},"content":{"rendered":"<p data-start=\"138\" data-end=\"260\"><strong data-start=\"138\" data-end=\"183\">INIKA Organic Phytofuse Renew\u2122 Hand Cream<\/strong> \u2013 prabangus rank\u0173 kremas su atkuriamuoju poveikiu ir augaliniais ekstraktais<\/p>\n<p data-start=\"262\" data-end=\"577\">\u0160is \u0161ilkin\u0117s tekst\u016bros rank\u0173 kremas sukurtas intensyviai dr\u0117kinti, maitinti ir apsaugoti rank\u0173 od\u0105 nuo i\u0161saus\u0117jimo, skilin\u0117jimo ir aplinkos poveikio. Praturtintas antioksidantais bei nat\u016braliais aliejais, kremas greitai susigeria nepalikdamas riebumo poj\u016b\u010dio, tuo pa\u010diu atkuriant rank\u0173 odos \u0161velnum\u0105 ir elastingum\u0105.<\/p>\n<p data-start=\"579\" data-end=\"664\"><strong data-start=\"579\" data-end=\"594\">Odos tipas:<\/strong><br data-start=\"594\" data-end=\"597\" \/>Tinka visiems odos tipams \u2013 ypa\u010d sausai, jautriai ar brand\u017eiai odai<\/p>\n<p data-start=\"666\" data-end=\"920\"><strong data-start=\"666\" data-end=\"679\">Effect:<\/strong><br data-start=\"679\" data-end=\"682\" \/>\u2022 Giliai dr\u0117kina ir mink\u0161tina rank\u0173 od\u0105<br data-start=\"721\" data-end=\"724\" \/>\u2022 Saugo nuo i\u0161saus\u0117jimo, \u0161erpetojimo ir aplinkos poveikio<br data-start=\"781\" data-end=\"784\" \/>\u2022 Skatina odos atsinaujinim\u0105<br data-start=\"812\" data-end=\"815\" \/>\u2022 Suteikia komforto poj\u016bt\u012f ir ilgalaik\u0119 apsaug\u0105<br data-start=\"862\" data-end=\"865\" \/>\u2022 Stiprina odos barjer\u0105 ir padeda i\u0161laikyti elastingum\u0105<\/p>\n<p data-start=\"922\" data-end=\"1124\"><strong data-start=\"922\" data-end=\"937\">Usage:<\/strong><br data-start=\"937\" data-end=\"940\" \/>\u2022 Naudokite kelis kartus per dien\u0105 arba pagal poreik\u012f<br data-start=\"993\" data-end=\"996\" \/>\u2022 I\u0161spauskite nedidel\u012f kiek\u012f kremo ir \u0161velniai \u012fmasa\u017euokite \u012f rankas<br data-start=\"1064\" data-end=\"1067\" \/>\u2022 Ypating\u0105 d\u0117mes\u012f skirkite sausoms ar \u0161iurk\u0161\u010dioms vietoms<\/p>\n<p data-start=\"1126\" data-end=\"1304\"><strong data-start=\"1126\" data-end=\"1150\">Atsargumo priemon\u0117s:<\/strong><br data-start=\"1150\" data-end=\"1153\" \/>\u2022 Tik i\u0161oriniam naudojimui<br data-start=\"1179\" data-end=\"1182\" \/>\u2022 Venkite patekimo \u012f akis<br data-start=\"1207\" data-end=\"1210\" \/>\u2022 Jei pasirei\u0161kia sudirgimas \u2013 nutraukite naudojim\u0105<br data-start=\"1261\" data-end=\"1264\" \/>\u2022 Laikyti vaikams nepasiekiamoje vietoje<\/p>\n<p data-start=\"1306\" data-end=\"1417\"><strong data-start=\"1306\" data-end=\"1326\">Laikymo s\u0105lygos:<\/strong><br data-start=\"1326\" data-end=\"1329\" \/>\u2022 Laikyti kambario temperat\u016broje (15\u201325\u202f\u00b0C)<br data-start=\"1372\" data-end=\"1375\" \/>\u2022 Saugoti nuo tiesiogini\u0173 saul\u0117s spinduli\u0173<\/p>","protected":false},"excerpt":{"rendered":"<p>Prabangus rank\u0173 kremas su atkuriamuoju poveikiu ir augaliniais ekstraktais<\/p>","protected":false},"featured_media":10773,"comment_status":"open","ping_status":"closed","template":"","meta":[],"product_cat":[275],"product_tag":[],"class_list":{"0":"post-10772","1":"product","2":"type-product","3":"status-publish","4":"has-post-thumbnail","6":"product_cat-ranku-kremai","7":"pa_brands-inika","8":"pa_talpa-30ml-2","9":"pa_talpa-75ml","11":"first","12":"instock","13":"taxable","14":"shipping-taxable","15":"purchasable","16":"product-type-variable"},"_links":{"self":[{"href":"https:\/\/miamedic.lt\/en\/wp-json\/wp\/v2\/product\/10772","targetHints":{"allow":["GET"]}}],"collection":[{"href":"https:\/\/miamedic.lt\/en\/wp-json\/wp\/v2\/product"}],"about":[{"href":"https:\/\/miamedic.lt\/en\/wp-json\/wp\/v2\/types\/product"}],"replies":[{"embeddable":true,"href":"https:\/\/miamedic.lt\/en\/wp-json\/wp\/v2\/comments?post=10772"}],"version-history":[{"count":3,"href":"https:\/\/miamedic.lt\/en\/wp-json\/wp\/v2\/product\/10772\/revisions"}],"predecessor-version":[{"id":12331,"href":"https:\/\/miamedic.lt\/en\/wp-json\/wp\/v2\/product\/10772\/revisions\/12331"}],"wp:featuredmedia":[{"embeddable":true,"href":"https:\/\/miamedic.lt\/en\/wp-json\/wp\/v2\/media\/10773"}],"wp:attachment":[{"href":"https:\/\/miamedic.lt\/en\/wp-json\/wp\/v2\/media?parent=10772"}],"wp:term":[{"taxonomy":"product_cat","embeddable":true,"href":"https:\/\/miamedic.lt\/en\/wp-json\/wp\/v2\/product_cat?post=10772"},{"taxonomy":"product_tag","embeddable":true,"href":"https:\/\/miamedic.lt\/en\/wp-json\/wp\/v2\/product_tag?post=10772"}],"curies":[{"name":"wp","href":"https:\/\/api.w.org\/{rel}","templated":true}]}}