{"id":10763,"date":"2025-07-29T08:56:33","date_gmt":"2025-07-29T08:56:33","guid":{"rendered":"https:\/\/miamedic.lt\/?post_type=product&#038;p=10763"},"modified":"2025-12-01T00:28:50","modified_gmt":"2025-12-01T00:28:50","slug":"phytofuse-renew-eye-cream","status":"publish","type":"product","link":"https:\/\/miamedic.lt\/en\/shop\/phytofuse-renew-eye-cream\/","title":{"rendered":"Phytofuse Renew Eye Cream"},"content":{"rendered":"<p data-start=\"140\" data-end=\"258\"><strong data-start=\"140\" data-end=\"184\">INIKA Organic Phytofuse Renew\u2122 Eye Cream<\/strong> \u2013 \u0161velnus ir efektyvus paaki\u0173 kremas su keraminiu masa\u017einiu aplikatoriumi<\/p>\n<p data-start=\"260\" data-end=\"547\">\u0160is \u0161velnios tekst\u016bros, prabangus paaki\u0173 kremas intensyviai dr\u0117kina, skaistina ir stangrina plon\u0105 paaki\u0173 od\u0105. Jis padeda suma\u017einti paburkimus ir smulkias rauk\u0161leles, o \u012fmontuotas keramikinis aplikatorius suteikia malon\u0173 v\u0117sinant\u012f poveik\u012f, kuris dar labiau sustiprina kremelio efektyvum\u0105.<\/p>\n<p data-start=\"549\" data-end=\"646\"><strong data-start=\"549\" data-end=\"564\">Odos tipas:<\/strong><br data-start=\"564\" data-end=\"567\" \/>Tinka visiems odos tipams, \u012fskaitant jautri\u0105, brand\u017ei\u0105 ir pavargusi\u0105 paaki\u0173 od\u0105<\/p>\n<p data-start=\"648\" data-end=\"873\"><strong data-start=\"648\" data-end=\"661\">Effect:<\/strong><br data-start=\"661\" data-end=\"664\" \/>\u2022 Dr\u0117kina ir maitina jautri\u0105 paaki\u0173 zon\u0105<br data-start=\"704\" data-end=\"707\" \/>\u2022 Ma\u017eina paburkimus ir tamsius ratilus<br data-start=\"745\" data-end=\"748\" \/>\u2022 Skaistina ir gaivina \u017evilgsn\u012f<br data-start=\"779\" data-end=\"782\" \/>\u2022 Stangrina od\u0105 aplink akis<br data-start=\"809\" data-end=\"812\" \/>\u2022 V\u0117sinantis aplikatorius ramina ir skatina mikrocirkuliacij\u0105<\/p>\n<p data-start=\"875\" data-end=\"1124\"><strong data-start=\"875\" data-end=\"890\">Usage:<\/strong><br data-start=\"890\" data-end=\"893\" \/>\u2022 Naudoti ryte ir vakare ant \u0161varios odos<br data-start=\"934\" data-end=\"937\" \/>\u2022 Nedidel\u012f kiek\u012f kremo i\u0161spausti tiesiai su aplikatoriumi<br data-start=\"994\" data-end=\"997\" \/>\u2022 \u0160velniai masa\u017euoti paaki\u0173 zon\u0105, vengiant tiesioginio kontakto su akimis<br data-start=\"1070\" data-end=\"1073\" \/>\u2022 Tepkite lengvais judesiais iki visi\u0161ko susig\u0117rimo<\/p>\n<p data-start=\"1126\" data-end=\"1304\"><strong data-start=\"1126\" data-end=\"1150\">Atsargumo priemon\u0117s:<\/strong><br data-start=\"1150\" data-end=\"1153\" \/>\u2022 Tik i\u0161oriniam naudojimui<br data-start=\"1179\" data-end=\"1182\" \/>\u2022 Venkite patekimo \u012f akis<br data-start=\"1207\" data-end=\"1210\" \/>\u2022 Jei pasirei\u0161kia sudirgimas \u2013 nutraukite naudojim\u0105<br data-start=\"1261\" data-end=\"1264\" \/>\u2022 Laikyti vaikams nepasiekiamoje vietoje<\/p>\n<p data-start=\"1306\" data-end=\"1417\"><strong data-start=\"1306\" data-end=\"1326\">Laikymo s\u0105lygos:<\/strong><br data-start=\"1326\" data-end=\"1329\" \/>\u2022 Laikyti kambario temperat\u016broje (15\u201325\u202f\u00b0C)<br data-start=\"1372\" data-end=\"1375\" \/>\u2022 Saugoti nuo tiesiogini\u0173 saul\u0117s spinduli\u0173<\/p>","protected":false},"excerpt":{"rendered":"<p>\u0160velnus ir efektyvus paaki\u0173 kremas su keraminiu masa\u017einiu aplikatoriumi<\/p>","protected":false},"featured_media":10764,"comment_status":"open","ping_status":"closed","template":"","meta":[],"product_cat":[83],"product_tag":[],"class_list":{"0":"post-10763","1":"product","2":"type-product","3":"status-publish","4":"has-post-thumbnail","6":"product_cat-paakiu-kremai","7":"pa_brands-inika","8":"pa_talpa-15ml","10":"first","11":"instock","12":"taxable","13":"shipping-taxable","14":"purchasable","15":"product-type-simple"},"_links":{"self":[{"href":"https:\/\/miamedic.lt\/en\/wp-json\/wp\/v2\/product\/10763","targetHints":{"allow":["GET"]}}],"collection":[{"href":"https:\/\/miamedic.lt\/en\/wp-json\/wp\/v2\/product"}],"about":[{"href":"https:\/\/miamedic.lt\/en\/wp-json\/wp\/v2\/types\/product"}],"replies":[{"embeddable":true,"href":"https:\/\/miamedic.lt\/en\/wp-json\/wp\/v2\/comments?post=10763"}],"version-history":[{"count":2,"href":"https:\/\/miamedic.lt\/en\/wp-json\/wp\/v2\/product\/10763\/revisions"}],"predecessor-version":[{"id":12334,"href":"https:\/\/miamedic.lt\/en\/wp-json\/wp\/v2\/product\/10763\/revisions\/12334"}],"wp:featuredmedia":[{"embeddable":true,"href":"https:\/\/miamedic.lt\/en\/wp-json\/wp\/v2\/media\/10764"}],"wp:attachment":[{"href":"https:\/\/miamedic.lt\/en\/wp-json\/wp\/v2\/media?parent=10763"}],"wp:term":[{"taxonomy":"product_cat","embeddable":true,"href":"https:\/\/miamedic.lt\/en\/wp-json\/wp\/v2\/product_cat?post=10763"},{"taxonomy":"product_tag","embeddable":true,"href":"https:\/\/miamedic.lt\/en\/wp-json\/wp\/v2\/product_tag?post=10763"}],"curies":[{"name":"wp","href":"https:\/\/api.w.org\/{rel}","templated":true}]}}