{"id":10760,"date":"2025-07-29T08:42:57","date_gmt":"2025-07-29T08:42:57","guid":{"rendered":"https:\/\/miamedic.lt\/?post_type=product&#038;p=10760"},"modified":"2025-12-01T00:28:50","modified_gmt":"2025-12-01T00:28:50","slug":"phytofuse-renew-rich-day-cream","status":"publish","type":"product","link":"https:\/\/miamedic.lt\/en\/shop\/phytofuse-renew-rich-day-cream\/","title":{"rendered":"Phytofuse Renew Rich Day Cream"},"content":{"rendered":"<p data-start=\"143\" data-end=\"250\"><strong data-start=\"143\" data-end=\"192\">INIKA Organic Phytofuse Renew\u2122 Rich Day Cream<\/strong> \u2013 intensyviai maitinantis ir atkuriamasis dieninis kremas<\/p>\n<p data-start=\"252\" data-end=\"574\">\u0160is sodrios konsistencijos kremas sukurtas taip, kad suteikt\u0173 ilgalaik\u012f komfort\u0105, dr\u0117kinim\u0105 ir apsaug\u0105 net pa\u010diai sausai bei brand\u017eiai odai. Praturtintas stipriais antioksidantais, maitinan\u010diais augaliniais aliejais ir atstatomaisiais ekstraktais, jis skatina odos regeneracij\u0105, lygina tekst\u016br\u0105 ir gerina odos elastingum\u0105.<\/p>\n<p data-start=\"576\" data-end=\"649\"><strong data-start=\"576\" data-end=\"591\">Odos tipas:<\/strong><br data-start=\"591\" data-end=\"594\" \/>Tinka sausai, jautriai, brand\u017eiai ir dehidratuotai odai<\/p>\n<p data-start=\"651\" data-end=\"873\"><strong data-start=\"651\" data-end=\"664\">Effect:<\/strong><br data-start=\"664\" data-end=\"667\" \/>\u2022 Giliai maitina ir dr\u0117kina od\u0105<br data-start=\"698\" data-end=\"701\" \/>\u2022 Stiprina nat\u016bral\u0173 odos barjer\u0105<br data-start=\"733\" data-end=\"736\" \/>\u2022 Suteikia ilgalaik\u012f komforto poj\u016bt\u012f<br data-start=\"772\" data-end=\"775\" \/>\u2022 Apsaugo nuo aplinkos \u017ealos ir odos saus\u0117jimo<br data-start=\"821\" data-end=\"824\" \/>\u2022 Skatina elastingum\u0105 ir ma\u017eina rauk\u0161li\u0173 matomum\u0105<\/p>\n<p data-start=\"875\" data-end=\"1118\"><strong data-start=\"875\" data-end=\"890\">Usage:<\/strong><br data-start=\"890\" data-end=\"893\" \/>\u2022 Naudoti ryte, ant \u0161varios, tonizuotos odos<br data-start=\"937\" data-end=\"940\" \/>\u2022 Nedidel\u012f kiek\u012f paskirstyti ant veido, kaklo ir dekolt\u0117<br data-start=\"996\" data-end=\"999\" \/>\u2022 \u0160velniai \u012fmasa\u017euoti iki visi\u0161ko susig\u0117rimo<br data-start=\"1043\" data-end=\"1046\" \/>\u2022 Puikiai tinka naudoti prie\u0161 makia\u017e\u0105 arba kaip apsauginis dienos kremas<\/p>\n<p data-start=\"1120\" data-end=\"1298\"><strong data-start=\"1120\" data-end=\"1144\">Atsargumo priemon\u0117s:<\/strong><br data-start=\"1144\" data-end=\"1147\" \/>\u2022 Tik i\u0161oriniam naudojimui<br data-start=\"1173\" data-end=\"1176\" \/>\u2022 Venkite patekimo \u012f akis<br data-start=\"1201\" data-end=\"1204\" \/>\u2022 Jei pasirei\u0161kia sudirgimas \u2013 nutraukite naudojim\u0105<br data-start=\"1255\" data-end=\"1258\" \/>\u2022 Laikyti vaikams nepasiekiamoje vietoje<\/p>\n<p data-start=\"1300\" data-end=\"1411\"><strong data-start=\"1300\" data-end=\"1320\">Laikymo s\u0105lygos:<\/strong><br data-start=\"1320\" data-end=\"1323\" \/>\u2022 Laikyti kambario temperat\u016broje (15\u201325\u202f\u00b0C)<br data-start=\"1366\" data-end=\"1369\" \/>\u2022 Saugoti nuo tiesiogini\u0173 saul\u0117s spinduli\u0173<\/p>","protected":false},"excerpt":{"rendered":"<p>Intensyviai maitinantis ir atkuriamasis dieninis kremas<\/p>","protected":false},"featured_media":10761,"comment_status":"open","ping_status":"closed","template":"","meta":[],"product_cat":[129],"product_tag":[],"class_list":{"0":"post-10760","1":"product","2":"type-product","3":"status-publish","4":"has-post-thumbnail","6":"product_cat-veido-kremai","7":"pa_brands-inika","8":"pa_talpa-50ml-2","10":"first","11":"instock","12":"taxable","13":"shipping-taxable","14":"purchasable","15":"product-type-simple"},"_links":{"self":[{"href":"https:\/\/miamedic.lt\/en\/wp-json\/wp\/v2\/product\/10760","targetHints":{"allow":["GET"]}}],"collection":[{"href":"https:\/\/miamedic.lt\/en\/wp-json\/wp\/v2\/product"}],"about":[{"href":"https:\/\/miamedic.lt\/en\/wp-json\/wp\/v2\/types\/product"}],"replies":[{"embeddable":true,"href":"https:\/\/miamedic.lt\/en\/wp-json\/wp\/v2\/comments?post=10760"}],"version-history":[{"count":2,"href":"https:\/\/miamedic.lt\/en\/wp-json\/wp\/v2\/product\/10760\/revisions"}],"predecessor-version":[{"id":12335,"href":"https:\/\/miamedic.lt\/en\/wp-json\/wp\/v2\/product\/10760\/revisions\/12335"}],"wp:featuredmedia":[{"embeddable":true,"href":"https:\/\/miamedic.lt\/en\/wp-json\/wp\/v2\/media\/10761"}],"wp:attachment":[{"href":"https:\/\/miamedic.lt\/en\/wp-json\/wp\/v2\/media?parent=10760"}],"wp:term":[{"taxonomy":"product_cat","embeddable":true,"href":"https:\/\/miamedic.lt\/en\/wp-json\/wp\/v2\/product_cat?post=10760"},{"taxonomy":"product_tag","embeddable":true,"href":"https:\/\/miamedic.lt\/en\/wp-json\/wp\/v2\/product_tag?post=10760"}],"curies":[{"name":"wp","href":"https:\/\/api.w.org\/{rel}","templated":true}]}}