{"id":10757,"date":"2025-07-29T08:36:17","date_gmt":"2025-07-29T08:36:17","guid":{"rendered":"https:\/\/miamedic.lt\/?post_type=product&#038;p=10757"},"modified":"2025-12-01T00:28:51","modified_gmt":"2025-12-01T00:28:51","slug":"phytofuse-renew-day-cream","status":"publish","type":"product","link":"https:\/\/miamedic.lt\/en\/shop\/phytofuse-renew-day-cream\/","title":{"rendered":"Phytofuse Renew Day Cream"},"content":{"rendered":"<p data-start=\"146\" data-end=\"266\"><strong data-start=\"146\" data-end=\"190\">INIKA Organic Phytofuse Renew\u2122 Day Cream<\/strong> \u2013 dr\u0117kinamasis ir apsauginis dieninis kremas su augaliniais antioksidantais<\/p>\n<p data-start=\"268\" data-end=\"599\">Prabangus, intensyviai dr\u0117kinantis dieninis kremas, praturtintas stipriais antioksidantais, augaliniais ekstraktais ir vertingais aliejais. Sukurtas siekiant apsaugoti od\u0105 nuo aplinkos \u017ealos, i\u0161laikyti jos elastingum\u0105, dr\u0117gm\u0119 bei suteikti nat\u016bral\u0173 \u0161vyt\u0117jim\u0105. Kremo sud\u0117tis itin \u0161velni, puikiai tinka net jautriai ar brand\u017eiai odai.<\/p>\n<p data-start=\"601\" data-end=\"701\"><strong data-start=\"601\" data-end=\"616\">Odos tipas:<\/strong><br data-start=\"616\" data-end=\"619\" \/>Tinka visiems odos tipams \u2013 ypa\u010d jautriai, sausai, brand\u017eiai ir dehidratuotai odai<\/p>\n<p data-start=\"703\" data-end=\"947\"><strong data-start=\"703\" data-end=\"716\">Effect:<\/strong><br data-start=\"716\" data-end=\"719\" \/>\u2022 Intensyviai dr\u0117kina ir saugo od\u0105 visos dienos metu<br data-start=\"771\" data-end=\"774\" \/>\u2022 Gerina odos elastingum\u0105 ir ma\u017eina rauk\u0161li\u0173 atsiradim\u0105<br data-start=\"829\" data-end=\"832\" \/>\u2022 Stiprina odos apsaugin\u012f barjer\u0105<br data-start=\"865\" data-end=\"868\" \/>\u2022 Saugo nuo \u017ealing\u0173 aplinkos veiksni\u0173<br data-start=\"905\" data-end=\"908\" \/>\u2022 Suteikia \u0161vyt\u0117jimo ir komforto poj\u016bt\u012f<\/p>\n<p data-start=\"949\" data-end=\"1182\"><strong data-start=\"949\" data-end=\"964\">Usage:<\/strong><br data-start=\"964\" data-end=\"967\" \/>\u2022 Naudoti ryte ant \u0161varios, tonizuotos odos<br data-start=\"1010\" data-end=\"1013\" \/>\u2022 I\u0161spauskite nedidel\u012f kiek\u012f kremo ir \u0161velniai paskirstykite ant veido, kaklo ir dekolt\u0117<br data-start=\"1101\" data-end=\"1104\" \/>\u2022 Lengvai \u012fmasa\u017euokite iki visi\u0161ko susig\u0117rimo<br data-start=\"1149\" data-end=\"1152\" \/>\u2022 Galima naudoti prie\u0161 makia\u017e\u0105<\/p>\n<p data-start=\"1184\" data-end=\"1362\"><strong data-start=\"1184\" data-end=\"1208\">Atsargumo priemon\u0117s:<\/strong><br data-start=\"1208\" data-end=\"1211\" \/>\u2022 Tik i\u0161oriniam naudojimui<br data-start=\"1237\" data-end=\"1240\" \/>\u2022 Venkite patekimo \u012f akis<br data-start=\"1265\" data-end=\"1268\" \/>\u2022 Jei pasirei\u0161kia sudirgimas \u2013 nutraukite naudojim\u0105<br data-start=\"1319\" data-end=\"1322\" \/>\u2022 Laikyti vaikams nepasiekiamoje vietoje<\/p>\n<p data-start=\"1364\" data-end=\"1475\"><strong data-start=\"1364\" data-end=\"1384\">Laikymo s\u0105lygos:<\/strong><br data-start=\"1384\" data-end=\"1387\" \/>\u2022 Laikyti kambario temperat\u016broje (15\u201325\u202f\u00b0C)<br data-start=\"1430\" data-end=\"1433\" \/>\u2022 Saugoti nuo tiesiogini\u0173 saul\u0117s spinduli\u0173<\/p>","protected":false},"excerpt":{"rendered":"<p>Dr\u0117kinamasis ir apsauginis dieninis kremas su augaliniais antioksidantais<\/p>","protected":false},"featured_media":10758,"comment_status":"open","ping_status":"closed","template":"","meta":[],"product_cat":[129],"product_tag":[],"class_list":{"0":"post-10757","1":"product","2":"type-product","3":"status-publish","4":"has-post-thumbnail","6":"product_cat-veido-kremai","7":"pa_brands-inika","8":"pa_talpa-50ml-2","10":"first","11":"instock","12":"taxable","13":"shipping-taxable","14":"purchasable","15":"product-type-simple"},"_links":{"self":[{"href":"https:\/\/miamedic.lt\/en\/wp-json\/wp\/v2\/product\/10757","targetHints":{"allow":["GET"]}}],"collection":[{"href":"https:\/\/miamedic.lt\/en\/wp-json\/wp\/v2\/product"}],"about":[{"href":"https:\/\/miamedic.lt\/en\/wp-json\/wp\/v2\/types\/product"}],"replies":[{"embeddable":true,"href":"https:\/\/miamedic.lt\/en\/wp-json\/wp\/v2\/comments?post=10757"}],"version-history":[{"count":2,"href":"https:\/\/miamedic.lt\/en\/wp-json\/wp\/v2\/product\/10757\/revisions"}],"predecessor-version":[{"id":12336,"href":"https:\/\/miamedic.lt\/en\/wp-json\/wp\/v2\/product\/10757\/revisions\/12336"}],"wp:featuredmedia":[{"embeddable":true,"href":"https:\/\/miamedic.lt\/en\/wp-json\/wp\/v2\/media\/10758"}],"wp:attachment":[{"href":"https:\/\/miamedic.lt\/en\/wp-json\/wp\/v2\/media?parent=10757"}],"wp:term":[{"taxonomy":"product_cat","embeddable":true,"href":"https:\/\/miamedic.lt\/en\/wp-json\/wp\/v2\/product_cat?post=10757"},{"taxonomy":"product_tag","embeddable":true,"href":"https:\/\/miamedic.lt\/en\/wp-json\/wp\/v2\/product_tag?post=10757"}],"curies":[{"name":"wp","href":"https:\/\/api.w.org\/{rel}","templated":true}]}}