{"id":10754,"date":"2025-07-29T08:32:18","date_gmt":"2025-07-29T08:32:18","guid":{"rendered":"https:\/\/miamedic.lt\/?post_type=product&#038;p=10754"},"modified":"2025-12-01T00:28:51","modified_gmt":"2025-12-01T00:28:51","slug":"phytofuse-renew-cream-cleanser","status":"publish","type":"product","link":"https:\/\/miamedic.lt\/en\/shop\/phytofuse-renew-cream-cleanser\/","title":{"rendered":"Phytofuse Renew Cream Cleanser"},"content":{"rendered":"<p data-start=\"163\" data-end=\"271\"><strong data-start=\"163\" data-end=\"212\">INIKA Organic Phytofuse Renew\u2122 Cream Cleanser<\/strong> \u2013 \u0161velnus, dr\u0117kinantis veido prausiklis su antioksidantais<\/p>\n<p data-start=\"273\" data-end=\"638\">\u0160is prabangios tekst\u016bros valomasis kremas, praturtintas stipriais antioksidantais, \u0161velniai, bet veiksmingai pa\u0161alina ne\u0161varumus, makia\u017e\u0105 ir aplinkos ter\u0161alus, tuo pa\u010diu dr\u0117kindamas ir saugodamas od\u0105. Itin \u0161velni formul\u0117 nedirgina net jautriausios odos, o \u012f komplekt\u0105 \u012feinantis nat\u016bralus silikoninis \u0161epet\u0117lis leid\u017eia dar efektyviau i\u0161valyti poras ir masa\u017euoti od\u0105.<\/p>\n<p data-start=\"640\" data-end=\"725\"><strong data-start=\"640\" data-end=\"655\">Odos tipas:<\/strong><br data-start=\"655\" data-end=\"658\" \/>Tinka visiems odos tipams, \u012fskaitant jautri\u0105, saus\u0105 ir brand\u017ei\u0105 od\u0105<\/p>\n<p data-start=\"727\" data-end=\"1015\"><strong data-start=\"727\" data-end=\"740\">Effect:<\/strong><br data-start=\"740\" data-end=\"743\" \/>\u2022 \u0160velniai, bet kruop\u0161\u010diai pa\u0161alina ne\u0161varumus ir makia\u017e\u0105<br data-start=\"800\" data-end=\"803\" \/>\u2022 Dr\u0117kina od\u0105 ir stiprina jos apsaugin\u012f barjer\u0105<br data-start=\"850\" data-end=\"853\" \/>\u2022 Apsaugo nuo laisv\u0173j\u0173 radikal\u0173 poveikio<br data-start=\"893\" data-end=\"896\" \/>\u2022 Mink\u0161tina, ramina ir skaistina veido od\u0105<br data-start=\"938\" data-end=\"941\" \/>\u2022 Pagerina odos tekst\u016br\u0105 ir paruo\u0161ia kit\u0173 prie\u017ei\u016bros priemoni\u0173 \u012fsisavinim\u0105<\/p>\n<p data-start=\"1017\" data-end=\"1282\"><strong data-start=\"1017\" data-end=\"1032\">Usage:<\/strong><br data-start=\"1032\" data-end=\"1035\" \/>\u2022 Naudokite ryte ir vakare<br data-start=\"1061\" data-end=\"1064\" \/>\u2022 I\u0161spauskite nedidel\u012f kiek\u012f prausiklio ir \u0161velniai masa\u017euokite veid\u0105 sukamaisiais judesiais, naudodami integruot\u0105 silikonin\u012f \u0161epet\u0117l\u012f<br data-start=\"1198\" data-end=\"1201\" \/>\u2022 Kruop\u0161\u010diai nuplaukite \u0161iltu vandeniu<br data-start=\"1239\" data-end=\"1242\" \/>\u2022 T\u0119skite \u012fprast\u0105 odos prie\u017ei\u016bros rutin\u0105<\/p>\n<p data-start=\"1284\" data-end=\"1461\"><strong data-start=\"1284\" data-end=\"1308\">Atsargumo priemon\u0117s:<\/strong><br data-start=\"1308\" data-end=\"1311\" \/>\u2022 Tik i\u0161oriniam naudojimui<br data-start=\"1337\" data-end=\"1340\" \/>\u2022 Venkite patekimo \u012f akis<br data-start=\"1365\" data-end=\"1368\" \/>\u2022 Jei pasirei\u0161kia sudirgimas, nutraukite naudojim\u0105<br data-start=\"1418\" data-end=\"1421\" \/>\u2022 Laikyti vaikams nepasiekiamoje vietoje<\/p>\n<p data-start=\"1463\" data-end=\"1574\"><strong data-start=\"1463\" data-end=\"1483\">Laikymo s\u0105lygos:<\/strong><br data-start=\"1483\" data-end=\"1486\" \/>\u2022 Laikyti kambario temperat\u016broje (15\u201325\u202f\u00b0C)<br data-start=\"1529\" data-end=\"1532\" \/>\u2022 Saugoti nuo tiesiogini\u0173 saul\u0117s spinduli\u0173<\/p>","protected":false},"excerpt":{"rendered":"<p>\u0160velnus, dr\u0117kinantis veido prausiklis su antioksidantais<\/p>","protected":false},"featured_media":10755,"comment_status":"open","ping_status":"closed","template":"","meta":[],"product_cat":[124],"product_tag":[],"class_list":{"0":"post-10754","1":"product","2":"type-product","3":"status-publish","4":"has-post-thumbnail","6":"product_cat-prausikliai","7":"pa_brands-inika","8":"pa_talpa-100ml","10":"first","11":"instock","12":"taxable","13":"shipping-taxable","14":"purchasable","15":"product-type-simple"},"_links":{"self":[{"href":"https:\/\/miamedic.lt\/en\/wp-json\/wp\/v2\/product\/10754","targetHints":{"allow":["GET"]}}],"collection":[{"href":"https:\/\/miamedic.lt\/en\/wp-json\/wp\/v2\/product"}],"about":[{"href":"https:\/\/miamedic.lt\/en\/wp-json\/wp\/v2\/types\/product"}],"replies":[{"embeddable":true,"href":"https:\/\/miamedic.lt\/en\/wp-json\/wp\/v2\/comments?post=10754"}],"version-history":[{"count":2,"href":"https:\/\/miamedic.lt\/en\/wp-json\/wp\/v2\/product\/10754\/revisions"}],"predecessor-version":[{"id":12337,"href":"https:\/\/miamedic.lt\/en\/wp-json\/wp\/v2\/product\/10754\/revisions\/12337"}],"wp:featuredmedia":[{"embeddable":true,"href":"https:\/\/miamedic.lt\/en\/wp-json\/wp\/v2\/media\/10755"}],"wp:attachment":[{"href":"https:\/\/miamedic.lt\/en\/wp-json\/wp\/v2\/media?parent=10754"}],"wp:term":[{"taxonomy":"product_cat","embeddable":true,"href":"https:\/\/miamedic.lt\/en\/wp-json\/wp\/v2\/product_cat?post=10754"},{"taxonomy":"product_tag","embeddable":true,"href":"https:\/\/miamedic.lt\/en\/wp-json\/wp\/v2\/product_tag?post=10754"}],"curies":[{"name":"wp","href":"https:\/\/api.w.org\/{rel}","templated":true}]}}