{"id":10734,"date":"2025-07-18T10:26:09","date_gmt":"2025-07-18T10:26:09","guid":{"rendered":"https:\/\/miamedic.lt\/?post_type=product&#038;p=10734"},"modified":"2025-12-01T00:30:09","modified_gmt":"2025-12-01T00:30:09","slug":"foundation-trial-set","status":"publish","type":"product","link":"https:\/\/miamedic.lt\/en\/shop\/foundation-trial-set\/","title":{"rendered":"Foundation Trial Set"},"content":{"rendered":"<p data-start=\"44\" data-end=\"159\"><strong data-start=\"44\" data-end=\"159\">INIKA Foundation Trial Set \u2013 keturi\u0173 mini dyd\u017eio bazini\u0173 produkt\u0173 rinkinys nat\u016braliai veido makia\u017eui<\/strong><\/p>\n<p data-start=\"161\" data-end=\"262\"><strong data-start=\"161\" data-end=\"183\">Trumpas apra\u0161ymas:<\/strong><br data-start=\"183\" data-end=\"186\" \/><span class=\"relative -mx-px my-[-0.2rem] rounded px-px py-[0.2rem] transition-colors duration-100 ease-in-out\">Tai \u012fvadinis rinkinys \u201ePure Perfection Primer\u201c ir trij\u0173 skirtingo dangos produkt\u0173 \u2013 dozatoriaus formos \u201eLiquid Foundation\u201c, lengvojo \u201eBB Cream\u201c ir birios \u201eLoose Mineral Foundation\u201c (SPF\u202f25). Kelion\u0117ms pritaikytos pakuot\u0117s duoda galimyb\u0119 per savait\u0119 susipa\u017einti su skirtingais padengimo ir apdailos tipais<\/span><\/p>\n<p data-start=\"264\" data-end=\"358\"><strong data-start=\"264\" data-end=\"279\">Odos tipas:<\/strong><br data-start=\"279\" data-end=\"282\" \/><span class=\"relative -mx-px my-[-0.2rem] rounded px-px py-[0.2rem] transition-colors duration-100 ease-in-out\">Tinka \u012fvairiems tipams, pavyzd\u017eiui, normali, mi\u0161ri, jautri ir linkusi \u012f dehidratacij\u0105. Produktai hipoalergi\u0161ki ir nesukelia dirginimo<\/span> .<\/p>\n<p data-start=\"360\" data-end=\"375\"><strong data-start=\"360\" data-end=\"373\">Poveikis:<\/strong><\/p>\n<ul data-start=\"376\" data-end=\"619\">\n<li data-start=\"376\" data-end=\"417\">\n<p data-start=\"378\" data-end=\"417\"><span class=\"relative -mx-px my-[-0.2rem] rounded px-px py-[0.2rem] transition-colors duration-100 ease-in-out\"><strong data-start=\"0\" data-end=\"10\" data-is-only-node=\"\">Primer<\/strong> sustiprina dr\u0117gming\u0105 baz\u0119, paruo\u0161ia od\u0105 dengimui<\/span><\/p>\n<\/li>\n<li data-start=\"418\" data-end=\"497\">\n<p data-start=\"420\" data-end=\"497\"><span class=\"relative -mx-px my-[-0.2rem] rounded px-px py-[0.2rem] transition-colors duration-100 ease-in-out\"><strong data-start=\"0\" data-end=\"21\" data-is-only-node=\"\">Liquid Foundation<\/strong> \u2013 vidutinio dengiamumo, su aliej\u0173 kompleksu ir antibakteriniais ekstraktais (alavijas, arganas, \u017ealioji arbata)<\/span><\/p>\n<\/li>\n<li data-start=\"498\" data-end=\"539\">\n<p data-start=\"500\" data-end=\"539\"><span class=\"relative -mx-px my-[-0.2rem] rounded px-px py-[0.2rem] transition-colors duration-100 ease-in-out\"><strong data-start=\"0\" data-end=\"12\" data-is-only-node=\"\">BB Cream<\/strong> \u2013 lengvas, ton\u0105 subalansuojantis padengimas, suteikia \u0161vyt\u0117jimo ir dr\u0117gm\u0117s<\/span><\/p>\n<\/li>\n<li data-start=\"540\" data-end=\"619\">\n<p data-start=\"542\" data-end=\"619\"><span class=\"relative -mx-px my-[-0.2rem] rounded px-px py-[0.2rem] transition-colors duration-100 ease-in-out\"><strong data-start=\"0\" data-end=\"28\" data-is-only-node=\"\">Loose Mineral Foundation<\/strong> \u2013 pudrin\u0117 apdaila su SPF\u202f25, apsaugo nuo UV spinduli\u0173, suteikia nat\u016bral\u0173 pavir\u0161i\u0173<\/span><\/p>\n<\/li>\n<\/ul>\n<p data-start=\"621\" data-end=\"638\"><strong data-start=\"621\" data-end=\"636\">Naudojimas:<\/strong><\/p>\n<ol data-start=\"639\" data-end=\"811\">\n<li data-start=\"639\" data-end=\"683\">\n<p data-start=\"642\" data-end=\"683\"><span class=\"relative -mx-px my-[-0.2rem] rounded px-px py-[0.2rem] transition-colors duration-100 ease-in-out\">I\u0161 prad\u017ei\u0173 \u2013 <strong data-start=\"13\" data-end=\"39\">Pure Perfection Primer<\/strong>, kad veidas b\u016bt\u0173 lygesnis ir pasiruo\u0161\u0119s pagrindui.<\/span><\/p>\n<\/li>\n<li data-start=\"684\" data-end=\"728\">\n<p data-start=\"687\" data-end=\"728\"><span class=\"relative -mx-px my-[-0.2rem] rounded px-px py-[0.2rem] transition-colors duration-100 ease-in-out\">Tada naudokite <strong data-start=\"15\" data-end=\"36\">Liquid Foundation<\/strong> arba <strong data-start=\"42\" data-end=\"54\">BB Cream<\/strong> pagal pageidaujam\u0105 dengiamum\u0105.<\/span><\/p>\n<\/li>\n<li data-start=\"729\" data-end=\"811\">\n<p data-start=\"732\" data-end=\"811\"><span class=\"relative -mx-px my-[-0.2rem] rounded px-px py-[0.2rem] transition-colors duration-100 ease-in-out\">Pabaigoje \u2013 p\u016bdinkite <strong data-start=\"22\" data-end=\"50\">Loose Mineral Foundation<\/strong>, kad sustiprintum\u0117te dengim\u0105 ar fiksuotum\u0117te makia\u017e\u0105.<\/span><\/p>\n<\/li>\n<\/ol>\n<p data-start=\"813\" data-end=\"1005\"><strong data-start=\"813\" data-end=\"837\">Atsargumo priemon\u0117s:<\/strong><br data-start=\"837\" data-end=\"840\" \/><span class=\"relative -mx-px my-[-0.2rem] rounded px-px py-[0.2rem] transition-colors duration-100 ease-in-out\">\u2022 Tik i\u0161oriniam naudojimui<\/span><br data-start=\"879\" data-end=\"882\" \/><span class=\"relative -mx-px my-[-0.2rem] rounded px-px py-[0.2rem] transition-colors duration-100 ease-in-out\">\u2022 Venkite patekimo \u012f akis \u2013 plauti, jei patekt\u0173<\/span><br data-start=\"921\" data-end=\"924\" \/><span class=\"relative -mx-px my-[-0.2rem] rounded px-px py-[0.2rem] transition-colors duration-100 ease-in-out\">\u2022 Nutraukite naudojim\u0105 paveikus poreikiams<\/span><br data-start=\"963\" data-end=\"966\" \/><span class=\"relative -mx-px my-[-0.2rem] rounded px-px py-[0.2rem] transition-colors duration-100 ease-in-out\">\u2022 Laikyti vaikams nepasiekiamoje vietoje, kambario temperat\u016broje<\/span><\/p>\n<p data-start=\"1007\" data-end=\"1069\"><strong data-start=\"1007\" data-end=\"1027\">Laikymo s\u0105lygos:<\/strong><br data-start=\"1027\" data-end=\"1030\" \/><span class=\"relative -mx-px my-[-0.2rem] rounded px-px py-[0.2rem] transition-colors duration-100 ease-in-out\">\u2022 Sandariai u\u017edaryta pakuot\u0117, saugoti nuo tiesiogini\u0173 saul\u0117s spinduli\u0173 ir auk\u0161tos temperat\u016bros (&lt;\u202f30\u202f\u00b0C)<\/span><\/p>\n","protected":false},"excerpt":{"rendered":"<p>Keturi\u0173 mini dyd\u017eio bazini\u0173 produkt\u0173 rinkinys nat\u016braliam veido makia\u017eui<\/p>","protected":false},"featured_media":10736,"comment_status":"open","ping_status":"closed","template":"","meta":[],"product_cat":[200,181,377,188],"product_tag":[],"class_list":{"0":"post-10734","1":"product","2":"type-product","3":"status-publish","4":"has-post-thumbnail","6":"product_cat-dovanos","7":"product_cat-makiazo-pagrindas","8":"product_cat-makiazo-rinkiniai","9":"product_cat-rinkiniai","10":"pa_brands-inika","12":"first","13":"instock","14":"taxable","15":"shipping-taxable","16":"purchasable","17":"product-type-variable"},"_links":{"self":[{"href":"https:\/\/miamedic.lt\/en\/wp-json\/wp\/v2\/product\/10734","targetHints":{"allow":["GET"]}}],"collection":[{"href":"https:\/\/miamedic.lt\/en\/wp-json\/wp\/v2\/product"}],"about":[{"href":"https:\/\/miamedic.lt\/en\/wp-json\/wp\/v2\/types\/product"}],"replies":[{"embeddable":true,"href":"https:\/\/miamedic.lt\/en\/wp-json\/wp\/v2\/comments?post=10734"}],"version-history":[{"count":2,"href":"https:\/\/miamedic.lt\/en\/wp-json\/wp\/v2\/product\/10734\/revisions"}],"predecessor-version":[{"id":12338,"href":"https:\/\/miamedic.lt\/en\/wp-json\/wp\/v2\/product\/10734\/revisions\/12338"}],"wp:featuredmedia":[{"embeddable":true,"href":"https:\/\/miamedic.lt\/en\/wp-json\/wp\/v2\/media\/10736"}],"wp:attachment":[{"href":"https:\/\/miamedic.lt\/en\/wp-json\/wp\/v2\/media?parent=10734"}],"wp:term":[{"taxonomy":"product_cat","embeddable":true,"href":"https:\/\/miamedic.lt\/en\/wp-json\/wp\/v2\/product_cat?post=10734"},{"taxonomy":"product_tag","embeddable":true,"href":"https:\/\/miamedic.lt\/en\/wp-json\/wp\/v2\/product_tag?post=10734"}],"curies":[{"name":"wp","href":"https:\/\/api.w.org\/{rel}","templated":true}]}}