{"id":10722,"date":"2025-07-18T10:17:51","date_gmt":"2025-07-18T10:17:51","guid":{"rendered":"https:\/\/miamedic.lt\/?post_type=product&#038;p=10722"},"modified":"2025-12-01T00:30:10","modified_gmt":"2025-12-01T00:30:10","slug":"natural-perfection-set","status":"publish","type":"product","link":"https:\/\/miamedic.lt\/en\/shop\/natural-perfection-set\/","title":{"rendered":"Natural Perfection Set"},"content":{"rendered":"<p data-start=\"44\" data-end=\"138\"><strong data-start=\"44\" data-end=\"138\">INIKA Natural Perfection Set \u2013 rinkinys nat\u016braliai gaiviam ir subtiliam makia\u017eui<\/strong><\/p>\n<p data-start=\"140\" data-end=\"241\"><strong data-start=\"140\" data-end=\"162\">Trumpas apra\u0161ymas:<\/strong><br data-start=\"162\" data-end=\"165\" \/><span class=\"relative -mx-px my-[-0.2rem] rounded px-px py-[0.2rem] transition-colors duration-100 ease-in-out\">Natural Perfection Set \u2013 tai subtilus ir nat\u016bralus makia\u017eo rinkinys, sudarytas i\u0161 keturi\u0173 mini dyd\u017eio auk\u0161tos kokyb\u0117s produkt\u0173: Radiant Glow Veil kaip paruo\u0161iamasis pagrindas, lengvos tekst\u016bros BB kremas, dr\u0117kinamasis l\u016bp\u0173 serumas ir Long Lash tu\u0161as blakstienoms. Sukurtas taip, kad u\u017etikrint\u0173 gaiv\u0173, neutralaus nat\u016bralumo efekt\u0105 be stipraus dengimo.<\/span><\/p>\n<p data-start=\"243\" data-end=\"337\"><strong data-start=\"243\" data-end=\"258\">Odos tipas:<\/strong><br data-start=\"258\" data-end=\"261\" \/><span class=\"relative -mx-px my-[-0.2rem] rounded px-px py-[0.2rem] transition-colors duration-100 ease-in-out\">Tinka visiems odos tipams, \u012fskaitant jautri\u0105 od\u0105 \u2013 produktai hipoalergi\u0161ki, be alkoholio, paraben\u0173, mikroplastiko ir dirbtini\u0173 kvap\u0173.<\/span><\/p>\n<p data-start=\"339\" data-end=\"550\"><strong data-start=\"339\" data-end=\"352\">Poveikis:<\/strong><br data-start=\"352\" data-end=\"355\" \/><span class=\"relative -mx-px my-[-0.2rem] rounded px-px py-[0.2rem] transition-colors duration-100 ease-in-out\">\u2022 Radiant Glow Veil suteikia nat\u016bral\u0173 \u0161vyt\u0117jim\u0105 ir paruo\u0161ia od\u0105 makia\u017eui<\/span><br data-start=\"392\" data-end=\"395\" \/><span class=\"relative -mx-px my-[-0.2rem] rounded px-px py-[0.2rem] transition-colors duration-100 ease-in-out\">\u2022 BB kremas suteikia lengv\u0105 padengim\u0105, subalansuoja odos ton\u0105 ir dr\u0117kina<\/span><br data-start=\"432\" data-end=\"435\" \/><span class=\"relative -mx-px my-[-0.2rem] rounded px-px py-[0.2rem] transition-colors duration-100 ease-in-out\">\u2022 Lip Serum intensyviai maitina ir atkuria l\u016bp\u0173 dr\u0117gm\u0119, mink\u0161tum\u0105<\/span><br data-start=\"472\" data-end=\"475\" \/><span class=\"relative -mx-px my-[-0.2rem] rounded px-px py-[0.2rem] transition-colors duration-100 ease-in-out\">\u2022 Long Lash Mascara ilgina, suteikia tankumo ir pakelia blakstienas nat\u016braliam efektyvumui<\/span><\/p>\n<p data-start=\"552\" data-end=\"569\"><strong data-start=\"552\" data-end=\"567\">Naudojimas:<\/strong><\/p>\n<ol data-start=\"570\" data-end=\"747\">\n<li data-start=\"570\" data-end=\"614\">\n<p data-start=\"573\" data-end=\"614\"><span class=\"relative -mx-px my-[-0.2rem] rounded px-px py-[0.2rem] transition-colors duration-100 ease-in-out\"><strong data-start=\"0\" data-end=\"21\" data-is-only-node=\"\">Radiant Glow Veil<\/strong> \u2013 naudokite kaip pirm\u0105 \u017eingsn\u012f, kad paruo\u0161tum\u0117te od\u0105, suteiktum\u0117te dr\u0117gm\u0117s ir \u0161vyt\u0117jimo.<\/span><\/p>\n<\/li>\n<li data-start=\"615\" data-end=\"659\">\n<p data-start=\"618\" data-end=\"659\"><span class=\"relative -mx-px my-[-0.2rem] rounded px-px py-[0.2rem] transition-colors duration-100 ease-in-out\"><strong data-start=\"0\" data-end=\"12\" data-is-only-node=\"\">BB Cream<\/strong> \u2013 lengvai paskirstykite nedidel\u012f kiek\u012f po jaudromis ir \u017eandikauliu, dengiant tolygiai vis\u0105 veid\u0105.<\/span><\/p>\n<\/li>\n<li data-start=\"660\" data-end=\"704\">\n<p data-start=\"663\" data-end=\"704\"><span class=\"relative -mx-px my-[-0.2rem] rounded px-px py-[0.2rem] transition-colors duration-100 ease-in-out\"><strong data-start=\"0\" data-end=\"13\" data-is-only-node=\"\">Lip Serum<\/strong> \u2013 tepkite ant l\u016bp\u0173 tiek ryte, tiek vakare dr\u0117kinimui ir komfortui.<\/span><\/p>\n<\/li>\n<li data-start=\"705\" data-end=\"747\">\n<p data-start=\"708\" data-end=\"747\"><span class=\"relative -mx-px my-[-0.2rem] rounded px-px py-[0.2rem] transition-colors duration-100 ease-in-out\"><strong data-start=\"0\" data-end=\"21\" data-is-only-node=\"\">Long Lash Mascara<\/strong> \u2013 naudokite \u0161epet\u0117l\u012f, kad suteiktum\u0117te blakstienoms ilg\u012f ir nat\u016bral\u0173 t\u016brio poj\u016bt\u012f.<\/span><\/p>\n<\/li>\n<\/ol>\n<p data-start=\"749\" data-end=\"941\"><strong data-start=\"749\" data-end=\"773\">Atsargumo priemon\u0117s:<\/strong><br data-start=\"773\" data-end=\"776\" \/><span class=\"relative -mx-px my-[-0.2rem] rounded px-px py-[0.2rem] transition-colors duration-100 ease-in-out\">\u2022 Tik i\u0161oriniam naudojimui aplink akis ir l\u016bpas<\/span><br data-start=\"815\" data-end=\"818\" \/><span class=\"relative -mx-px my-[-0.2rem] rounded px-px py-[0.2rem] transition-colors duration-100 ease-in-out\">\u2022 Venkite kontakto su akimis \u2013 jei tai \u012fvyks, kruop\u0161\u010diai nuskalaukite<\/span><br data-start=\"857\" data-end=\"860\" \/><span class=\"relative -mx-px my-[-0.2rem] rounded px-px py-[0.2rem] transition-colors duration-100 ease-in-out\">\u2022 Nutraukite naudojim\u0105 sudirginimo atveju<\/span><br data-start=\"899\" data-end=\"902\" \/><span class=\"relative -mx-px my-[-0.2rem] rounded px-px py-[0.2rem] transition-colors duration-100 ease-in-out\">\u2022 Laikyti vaikams nepasiekiamoje vietoje, laikyti ne auk\u0161tesn\u0117je kaip 30\u202f\u00b0C temperat\u016broje<\/span><\/p>\n<p data-start=\"943\" data-end=\"1047\"><strong data-start=\"943\" data-end=\"963\">Laikymo s\u0105lygos:<\/strong><br data-start=\"963\" data-end=\"966\" \/><span class=\"relative -mx-px my-[-0.2rem] rounded px-px py-[0.2rem] transition-colors duration-100 ease-in-out\">\u2022 Laikyti sausoje vietoje kambario temperat\u016broje (&lt;\u202f30\u202f\u00b0C)<\/span><br data-start=\"1005\" data-end=\"1008\" \/><span class=\"relative -mx-px my-[-0.2rem] rounded px-px py-[0.2rem] transition-colors duration-100 ease-in-out\">\u2022 U\u017edarose pakuot\u0117se, toliau nuo tiesiogini\u0173 saul\u0117s spinduli\u0173 ir dr\u0117gm\u0117s<\/span><\/p>\n","protected":false},"excerpt":{"rendered":"<p>Rinkinys nat\u016braliai gaiviam ir subtiliam makia\u017eui<\/p>","protected":false},"featured_media":10723,"comment_status":"open","ping_status":"closed","template":"","meta":[],"product_cat":[200,377,188],"product_tag":[],"class_list":{"0":"post-10722","1":"product","2":"type-product","3":"status-publish","4":"has-post-thumbnail","6":"product_cat-dovanos","7":"product_cat-makiazo-rinkiniai","8":"product_cat-rinkiniai","9":"pa_brands-inika","11":"first","12":"instock","13":"taxable","14":"shipping-taxable","15":"purchasable","16":"product-type-variable"},"_links":{"self":[{"href":"https:\/\/miamedic.lt\/en\/wp-json\/wp\/v2\/product\/10722","targetHints":{"allow":["GET"]}}],"collection":[{"href":"https:\/\/miamedic.lt\/en\/wp-json\/wp\/v2\/product"}],"about":[{"href":"https:\/\/miamedic.lt\/en\/wp-json\/wp\/v2\/types\/product"}],"replies":[{"embeddable":true,"href":"https:\/\/miamedic.lt\/en\/wp-json\/wp\/v2\/comments?post=10722"}],"version-history":[{"count":2,"href":"https:\/\/miamedic.lt\/en\/wp-json\/wp\/v2\/product\/10722\/revisions"}],"predecessor-version":[{"id":12339,"href":"https:\/\/miamedic.lt\/en\/wp-json\/wp\/v2\/product\/10722\/revisions\/12339"}],"wp:featuredmedia":[{"embeddable":true,"href":"https:\/\/miamedic.lt\/en\/wp-json\/wp\/v2\/media\/10723"}],"wp:attachment":[{"href":"https:\/\/miamedic.lt\/en\/wp-json\/wp\/v2\/media?parent=10722"}],"wp:term":[{"taxonomy":"product_cat","embeddable":true,"href":"https:\/\/miamedic.lt\/en\/wp-json\/wp\/v2\/product_cat?post=10722"},{"taxonomy":"product_tag","embeddable":true,"href":"https:\/\/miamedic.lt\/en\/wp-json\/wp\/v2\/product_tag?post=10722"}],"curies":[{"name":"wp","href":"https:\/\/api.w.org\/{rel}","templated":true}]}}