{"id":10708,"date":"2025-07-18T10:08:20","date_gmt":"2025-07-18T10:08:20","guid":{"rendered":"https:\/\/miamedic.lt\/?post_type=product&#038;p=10708"},"modified":"2025-12-01T00:30:10","modified_gmt":"2025-12-01T00:30:10","slug":"matte-perfection-set","status":"publish","type":"product","link":"https:\/\/miamedic.lt\/en\/shop\/matte-perfection-set\/","title":{"rendered":"Matte Perfection Set"},"content":{"rendered":"<p data-start=\"0\" data-end=\"78\"><strong data-start=\"0\" data-end=\"76\">INIKA Matte Perfection Set \u2013 rinkinys nat\u016braliai matinio veido i\u0161vaizdai<\/strong><\/p>\n<p data-start=\"80\" data-end=\"181\"><strong data-start=\"80\" data-end=\"102\">Trumpas apra\u0161ymas:<\/strong><br data-start=\"102\" data-end=\"105\" \/><span class=\"relative -mx-px my-[-0.2rem] rounded px-px py-[0.2rem] transition-colors duration-100 ease-in-out\">INIKA Matte Perfection Set \u2013 tai profesionalus makia\u017eo rinkinys su visi\u0161kai nat\u016bralia, vegani\u0161ka formul\u0117mis, sukurtas suteikti matin\u012f dang\u0173 bei ilgalaik\u012f komfort\u0105 odai.<\/span><span class=\"\" data-state=\"closed\"><span class=\"ms-1 inline-flex max-w-full items-center relative top-[-0.094rem] animate-[show_150ms_ease-in]\"><a class=\"flex h-4.5 overflow-hidden rounded-xl px-2 text-[9px] font-medium text-token-text-secondary! bg-[#F4F4F4]! dark:bg-[#303030]! transition-colors duration-150 ease-in-out\" href=\"https:\/\/www.ecco-verde.com\/inika-organic\/matte-perfection-set?utm_source=chatgpt.com\" target=\"_blank\" rel=\"noopener\"><span class=\"relative start-0 bottom-0 flex h-full w-full items-center\"><span class=\"flex h-4 w-full items-center justify-between absolute\"><span class=\"max-w-full grow truncate overflow-hidden text-center\">INIKA Organic Australia<\/span><span class=\"-me-1 flex h-full items-center rounded-full px-1 text-[#8F8F8F]\">+11<\/span><\/span><span class=\"flex h-4 w-full items-center justify-between\"><span class=\"max-w-full grow truncate overflow-hidden text-center\">Ecco Verde Online Shop<\/span><span class=\"-me-1 flex h-full items-center rounded-full px-1 text-[#8F8F8F]\">+11<\/span><\/span><span class=\"flex h-4 w-full items-center justify-between absolute\"><span class=\"max-w-full grow truncate overflow-hidden text-center\">biocareonline.nl<\/span><span class=\"-me-1 flex h-full items-center rounded-full px-1 text-[#8F8F8F]\">+11<\/span><\/span><\/span><\/a><\/span><\/span><\/p>\n<p data-start=\"183\" data-end=\"206\"><strong data-start=\"183\" data-end=\"204\">Komplektas apima:<\/strong><\/p>\n<ul data-start=\"207\" data-end=\"537\">\n<li data-start=\"207\" data-end=\"248\">\n<p data-start=\"209\" data-end=\"248\"><span class=\"relative -mx-px my-[-0.2rem] rounded px-px py-[0.2rem] transition-colors duration-100 ease-in-out\"><strong data-start=\"0\" data-end=\"35\" data-is-only-node=\"\">Matte Perfection Primer (4\u202fml):<\/strong> paruo\u0161ia od\u0105 ir suma\u017eina blizges\u012f.<\/span><\/p>\n<\/li>\n<li data-start=\"249\" data-end=\"290\">\n<p data-start=\"251\" data-end=\"290\"><span class=\"relative -mx-px my-[-0.2rem] rounded px-px py-[0.2rem] transition-colors duration-100 ease-in-out\"><strong data-start=\"0\" data-end=\"42\" data-is-only-node=\"\">Loose Mineral Foundation SPF\u202f25 (3\u202fg):<\/strong> biri mineralin\u0117 pudra su SPF, suteikia normali\u0105 dang\u0105 ir apsaug\u0105.<\/span><\/p>\n<\/li>\n<li data-start=\"291\" data-end=\"332\">\n<p data-start=\"293\" data-end=\"332\"><span class=\"relative -mx-px my-[-0.2rem] rounded px-px py-[0.2rem] transition-colors duration-100 ease-in-out\"><strong data-start=\"0\" data-end=\"36\" data-is-only-node=\"\">Sheer Coverage Concealer (4\u202fml):<\/strong> lengvas korektorius tamsiems ratilams ir nedideliems odos tr\u016bkumams maskuoti.<\/span><\/p>\n<\/li>\n<li data-start=\"333\" data-end=\"374\">\n<p data-start=\"335\" data-end=\"374\"><span class=\"relative -mx-px my-[-0.2rem] rounded px-px py-[0.2rem] transition-colors duration-100 ease-in-out\"><strong data-start=\"0\" data-end=\"46\" data-is-only-node=\"\">Loose Mineral Bronzer \u2013 Sunkissed (0,7\u202fg):<\/strong> suteikia subtil\u0173 \u012fdegio efekt\u0105.<\/span><\/p>\n<\/li>\n<li data-start=\"375\" data-end=\"416\">\n<p data-start=\"377\" data-end=\"416\"><span class=\"relative -mx-px my-[-0.2rem] rounded px-px py-[0.2rem] transition-colors duration-100 ease-in-out\"><strong data-start=\"0\" data-end=\"35\" data-is-only-node=\"\">Mineral Setting Powder (0,7\u202fg):<\/strong> fiksuoja makia\u017e\u0105 ir palaiko matin\u012f efekt\u0105.<\/span><\/p>\n<\/li>\n<li data-start=\"417\" data-end=\"458\">\n<p data-start=\"419\" data-end=\"458\"><span class=\"relative -mx-px my-[-0.2rem] rounded px-px py-[0.2rem] transition-colors duration-100 ease-in-out\"><strong data-start=\"0\" data-end=\"44\" data-is-only-node=\"\">Loose Mineral Blush \u2013 Rosy Glow (0,7\u202fg):<\/strong> \u0161velniai suteikia l\u016bp\u0173 atspalv\u012f ir spindes\u012f.<\/span><\/p>\n<\/li>\n<li data-start=\"459\" data-end=\"537\">\n<p data-start=\"461\" data-end=\"537\"><span class=\"relative -mx-px my-[-0.2rem] rounded px-px py-[0.2rem] transition-colors duration-100 ease-in-out\"><strong data-start=\"0\" data-end=\"32\" data-is-only-node=\"\">Pilno dyd\u017eio Kabuki \u0161epetys:<\/strong> idealiai tinkamas produkcijos aplikavimui.<\/span><\/p>\n<\/li>\n<\/ul>\n<p data-start=\"539\" data-end=\"643\"><strong data-start=\"539\" data-end=\"560\">Tinka odos tipui:<\/strong><br data-start=\"560\" data-end=\"563\" \/><span class=\"relative -mx-px my-[-0.2rem] rounded px-px py-[0.2rem] transition-colors duration-100 ease-in-out\">Rinkinyje esantis produkt\u0173 derinys tinka vis\u0173 tip\u0173 odai, \u012fskaitant jautri\u0105. Produktai yra hipoalergi\u0161ki, be mikroplastiko, alkoholio, dirbtini\u0173 kvap\u0173 ir paraben\u0173.<\/span><\/p>\n<p data-start=\"645\" data-end=\"867\"><strong data-start=\"645\" data-end=\"658\">Poveikis:<\/strong><br data-start=\"658\" data-end=\"661\" \/><span class=\"relative -mx-px my-[-0.2rem] rounded px-px py-[0.2rem] transition-colors duration-100 ease-in-out\">\u2022 Mattinusios ir tolygus odos pavir\u0161ius be perteklinio blizgesio.<\/span><br data-start=\"700\" data-end=\"703\" \/><span class=\"relative -mx-px my-[-0.2rem] rounded px-px py-[0.2rem] transition-colors duration-100 ease-in-out\">\u2022 Vidutinis dengiamumas, kur\u012f galima sluoksniuoti: nuo nat\u016bralaus iki intensyvesnio efekto.<\/span><br data-start=\"742\" data-end=\"745\" \/><span class=\"relative -mx-px my-[-0.2rem] rounded px-px py-[0.2rem] transition-colors duration-100 ease-in-out\">\u2022 Nat\u016bralus \u0161vytesys skruostams ir veidui d\u0117ka skaistal\u0173 ir bronzerio.<\/span><br data-start=\"784\" data-end=\"787\" \/><span class=\"relative -mx-px my-[-0.2rem] rounded px-px py-[0.2rem] transition-colors duration-100 ease-in-out\">\u2022 Ilgai fiksuojamas makia\u017eas be por\u0173 u\u017ekim\u0161imo.<\/span><\/p>\n<p data-start=\"869\" data-end=\"886\"><strong data-start=\"869\" data-end=\"884\">Naudojimas:<\/strong><\/p>\n<ol data-start=\"887\" data-end=\"1150\">\n<li data-start=\"887\" data-end=\"931\">\n<p data-start=\"890\" data-end=\"931\"><span class=\"relative -mx-px my-[-0.2rem] rounded px-px py-[0.2rem] transition-colors duration-100 ease-in-out\">Prad\u0117kite nuo <strong data-start=\"14\" data-end=\"41\">Matt\u0113 Perfection Primer<\/strong> ant \u0161varios odos ir leiskite \u012fsigerti.<\/span><\/p>\n<\/li>\n<li data-start=\"932\" data-end=\"976\">\n<p data-start=\"935\" data-end=\"976\"><span class=\"relative -mx-px my-[-0.2rem] rounded px-px py-[0.2rem] transition-colors duration-100 ease-in-out\">Mineralin\u0119 fond\u0105 tepkite su Kabuki \u0161epet\u0117liu \u2013 sukamuoju judesiu \u012fmasa\u017euokite \u012f od\u0105.<\/span><\/p>\n<\/li>\n<li data-start=\"977\" data-end=\"1021\">\n<p data-start=\"980\" data-end=\"1021\"><span class=\"relative -mx-px my-[-0.2rem] rounded px-px py-[0.2rem] transition-colors duration-100 ease-in-out\">Naudokite <strong data-start=\"10\" data-end=\"38\">Sheer Coverage Concealer<\/strong>, kad pasl\u0117ptum\u0117te tamsius ratilus ar nedidelius tr\u016bkumus.<\/span><\/p>\n<\/li>\n<li data-start=\"1022\" data-end=\"1066\">\n<p data-start=\"1025\" data-end=\"1066\"><span class=\"relative -mx-px my-[-0.2rem] rounded px-px py-[0.2rem] transition-colors duration-100 ease-in-out\">Bronzerius ir skaistalus tepkit atsargiai ant skruostikauli\u0173, kaktos ir smakro.<\/span><\/p>\n<\/li>\n<li data-start=\"1067\" data-end=\"1150\">\n<p data-start=\"1070\" data-end=\"1150\"><span class=\"relative -mx-px my-[-0.2rem] rounded px-px py-[0.2rem] transition-colors duration-100 ease-in-out\"><strong data-start=\"0\" data-end=\"26\" data-is-only-node=\"\">Mineral Setting Powder<\/strong> naudojamas norint fiksuoti priemones ir i\u0161laikyti matin\u012f efekt\u0105.<\/span><\/p>\n<\/li>\n<\/ol>\n<p data-start=\"1152\" data-end=\"1385\"><strong data-start=\"1152\" data-end=\"1176\">Atsargumo priemon\u0117s:<\/strong><br data-start=\"1176\" data-end=\"1179\" \/><span class=\"relative -mx-px my-[-0.2rem] rounded px-px py-[0.2rem] transition-colors duration-100 ease-in-out\">\u2022 Rekomenduojama atlikti pleistro test\u0105 prie\u0161 pirm\u0105 kart\u0105 naudojant.<\/span><br data-start=\"1218\" data-end=\"1221\" \/><span class=\"relative -mx-px my-[-0.2rem] rounded px-px py-[0.2rem] transition-colors duration-100 ease-in-out\">\u2022 Laikyti \u017eemiau 30\u202f\u00b0C, i\u0161vengti per didelio kar\u0161\u010dio.<\/span><br data-start=\"1260\" data-end=\"1263\" \/><span class=\"relative -mx-px my-[-0.2rem] rounded px-px py-[0.2rem] transition-colors duration-100 ease-in-out\">\u2022 Vengti dulki\u0173 \u012fkv\u0117pimo.<\/span><br data-start=\"1302\" data-end=\"1305\" \/><span class=\"relative -mx-px my-[-0.2rem] rounded px-px py-[0.2rem] transition-colors duration-100 ease-in-out\">\u2022 Gerai suplakti produktus prie\u0161 naudojim\u0105.<\/span><\/p>\n","protected":false},"excerpt":{"rendered":"<p>Rinkinys nat\u016braliai matinio veido i\u0161vaizdai<\/p>","protected":false},"featured_media":10709,"comment_status":"open","ping_status":"closed","template":"","meta":[],"product_cat":[200,377,188],"product_tag":[],"class_list":{"0":"post-10708","1":"product","2":"type-product","3":"status-publish","4":"has-post-thumbnail","6":"product_cat-dovanos","7":"product_cat-makiazo-rinkiniai","8":"product_cat-rinkiniai","9":"pa_brands-inika","11":"first","12":"instock","13":"taxable","14":"shipping-taxable","15":"purchasable","16":"product-type-variable"},"_links":{"self":[{"href":"https:\/\/miamedic.lt\/en\/wp-json\/wp\/v2\/product\/10708","targetHints":{"allow":["GET"]}}],"collection":[{"href":"https:\/\/miamedic.lt\/en\/wp-json\/wp\/v2\/product"}],"about":[{"href":"https:\/\/miamedic.lt\/en\/wp-json\/wp\/v2\/types\/product"}],"replies":[{"embeddable":true,"href":"https:\/\/miamedic.lt\/en\/wp-json\/wp\/v2\/comments?post=10708"}],"version-history":[{"count":2,"href":"https:\/\/miamedic.lt\/en\/wp-json\/wp\/v2\/product\/10708\/revisions"}],"predecessor-version":[{"id":10733,"href":"https:\/\/miamedic.lt\/en\/wp-json\/wp\/v2\/product\/10708\/revisions\/10733"}],"wp:featuredmedia":[{"embeddable":true,"href":"https:\/\/miamedic.lt\/en\/wp-json\/wp\/v2\/media\/10709"}],"wp:attachment":[{"href":"https:\/\/miamedic.lt\/en\/wp-json\/wp\/v2\/media?parent=10708"}],"wp:term":[{"taxonomy":"product_cat","embeddable":true,"href":"https:\/\/miamedic.lt\/en\/wp-json\/wp\/v2\/product_cat?post=10708"},{"taxonomy":"product_tag","embeddable":true,"href":"https:\/\/miamedic.lt\/en\/wp-json\/wp\/v2\/product_tag?post=10708"}],"curies":[{"name":"wp","href":"https:\/\/api.w.org\/{rel}","templated":true}]}}