{"id":10697,"date":"2025-07-18T09:42:01","date_gmt":"2025-07-18T09:42:01","guid":{"rendered":"https:\/\/miamedic.lt\/?post_type=product&#038;p=10697"},"modified":"2025-12-01T00:30:10","modified_gmt":"2025-12-01T00:30:10","slug":"dewy-perfection-set","status":"publish","type":"product","link":"https:\/\/miamedic.lt\/en\/shop\/dewy-perfection-set\/","title":{"rendered":"Dewy Perfection Set"},"content":{"rendered":"<p data-start=\"40\" data-end=\"77\"><strong data-start=\"40\" data-end=\"77\">INIKA Organic Dewy Perfection Set<\/strong><\/p>\n<p data-start=\"79\" data-end=\"191\"><span class=\"relative -mx-px my-[-0.2rem] rounded px-px py-[0.2rem] transition-colors duration-100 ease-in-out\">INIKA Organic Dewy Perfection Set \u2013 tai nat\u016bralus ir vegani\u0161kas makia\u017eo rinkinys, sukurtas siekiant sukurti \u0161vytin\u010di\u0105 ir nepriekai\u0161ting\u0105 odos i\u0161vaizd\u0105.<\/span> <span class=\"relative -mx-px my-[-0.2rem] rounded px-px py-[0.2rem] transition-colors duration-100 ease-in-out\">\u0160is rinkinys idealiai tinka tiek kasdieniam naudojimui, tiek ypatingoms progoms, suteikdamas odai sveik\u0105 ir gaiv\u0173 spindes\u012f.<\/span><\/p>\n<p data-start=\"193\" data-end=\"214\"><strong data-start=\"193\" data-end=\"214\">Rinkinio sud\u0117tis:<\/strong><\/p>\n<ul data-start=\"216\" data-end=\"917\">\n<li data-start=\"216\" data-end=\"324\">\n<p data-start=\"218\" data-end=\"324\"><strong data-start=\"218\" data-end=\"247\">Radiant Glow Veil (4 ml):<\/strong> <span class=\"relative -mx-px my-[-0.2rem] rounded px-px py-[0.2rem] transition-colors duration-100 ease-in-out\">\u0160is produktas veikia kaip \u0161vyt\u0117jimo suteikiantis pagrindas, paruo\u0161damas od\u0105 makia\u017eui ir suteikdamas jai nat\u016bral\u0173 spindes\u012f.<\/span><\/p>\n<\/li>\n<li data-start=\"326\" data-end=\"437\">\n<p data-start=\"328\" data-end=\"437\"><strong data-start=\"328\" data-end=\"358\">Liquid Foundation (10 ml):<\/strong> <span class=\"relative -mx-px my-[-0.2rem] rounded px-px py-[0.2rem] transition-colors duration-100 ease-in-out\">Skystas fondas, suteikiantis vidutin\u012f dengiamum\u0105 ir nat\u016bral\u0173 matin\u012f efekt\u0105, u\u017etikrinantis ilgalaik\u012f komfort\u0105.<\/span><\/p>\n<\/li>\n<li data-start=\"439\" data-end=\"556\">\n<p data-start=\"441\" data-end=\"556\"><strong data-start=\"441\" data-end=\"477\">Sheer Coverage Concealer (4 ml):<\/strong> <span class=\"relative -mx-px my-[-0.2rem] rounded px-px py-[0.2rem] transition-colors duration-100 ease-in-out\">Lengvos tekst\u016bros korektorius, maskuojantis nedidelius odos tr\u016bkumus ir tamsius ratilus po akimis.<\/span><\/p>\n<\/li>\n<li data-start=\"558\" data-end=\"685\">\n<p data-start=\"560\" data-end=\"685\"><strong data-start=\"560\" data-end=\"606\">Loose Mineral Bronzer \u2013 Sunkissed (0,7 g):<\/strong> <span class=\"relative -mx-px my-[-0.2rem] rounded px-px py-[0.2rem] transition-colors duration-100 ease-in-out\">Mineralinis bronzeris, suteikiantis odai saul\u0117s bu\u010diuot\u0105 \u012fdeg\u012f ir nat\u016bral\u0173 \u0161vyt\u0117jim\u0105.<\/span><\/p>\n<\/li>\n<li data-start=\"687\" data-end=\"798\">\n<p data-start=\"689\" data-end=\"798\"><strong data-start=\"689\" data-end=\"719\">Lip &amp; Cheek Cream (3,5 g):<\/strong> <span class=\"relative -mx-px my-[-0.2rem] rounded px-px py-[0.2rem] transition-colors duration-100 ease-in-out\">Universalus kremas, skirtas l\u016bpoms ir skruostams, suteikiantis gaiv\u0173 ir nat\u016bral\u0173 atspalv\u012f.<\/span><\/p>\n<\/li>\n<li data-start=\"800\" data-end=\"917\">\n<p data-start=\"802\" data-end=\"917\"><strong data-start=\"802\" data-end=\"838\">Foundation Brush (pilno dyd\u017eio):<\/strong> <span class=\"relative -mx-px my-[-0.2rem] rounded px-px py-[0.2rem] transition-colors duration-100 ease-in-out\">Profesionalus makia\u017eo teptukas, u\u017etikrinantis tolyg\u0173 ir precizi\u0161k\u0105 produkto paskirstym\u0105.<\/span><\/p>\n<\/li>\n<\/ul>\n<p data-start=\"919\" data-end=\"940\"><strong data-start=\"919\" data-end=\"940\">Produkto savyb\u0117s:<\/strong><\/p>\n<ul data-start=\"942\" data-end=\"1266\">\n<li data-start=\"942\" data-end=\"1050\">\n<p data-start=\"944\" data-end=\"1050\"><strong data-start=\"944\" data-end=\"971\">Nat\u016bral\u016bs ingredientai:<\/strong> <span class=\"relative -mx-px my-[-0.2rem] rounded px-px py-[0.2rem] transition-colors duration-100 ease-in-out\">Visi produktai yra 100% nat\u016bral\u016bs, be paraben\u0173, alkoholio, dirbtini\u0173 kvap\u0173 ir mikroplastiko.<\/span><\/p>\n<\/li>\n<li data-start=\"1052\" data-end=\"1157\">\n<p data-start=\"1054\" data-end=\"1157\"><strong data-start=\"1054\" data-end=\"1078\">Tinka jautriai odai:<\/strong> <span class=\"relative -mx-px my-[-0.2rem] rounded px-px py-[0.2rem] transition-colors duration-100 ease-in-out\">Produktai yra hipoalergi\u0161ki ir tinka net jautriai odai.<\/span><\/p>\n<\/li>\n<li data-start=\"1159\" data-end=\"1266\">\n<p data-start=\"1161\" data-end=\"1266\"><strong data-start=\"1161\" data-end=\"1187\">Ekologi\u0161kas ir tvarus:<\/strong> <span class=\"relative -mx-px my-[-0.2rem] rounded px-px py-[0.2rem] transition-colors duration-100 ease-in-out\">INIKA Organic yra pirmoji plastiko neutralumo sertifikat\u0105 turinti kosmetikos prek\u0117s \u017eenklas, \u012fsipareigojusi ma\u017einti plastiko naudojim\u0105 ir skatinti tvarum\u0105.<\/span><\/p>\n<\/li>\n<\/ul>\n<p data-start=\"1268\" data-end=\"1297\"><strong data-start=\"1268\" data-end=\"1297\">Naudojimo rekomendacijos:<\/strong><\/p>\n<ol data-start=\"1299\" data-end=\"1795\">\n<li data-start=\"1299\" data-end=\"1380\">\n<p data-start=\"1302\" data-end=\"1380\"><span class=\"relative -mx-px my-[-0.2rem] rounded px-px py-[0.2rem] transition-colors duration-100 ease-in-out\">Prad\u0117kite nuo <strong data-start=\"14\" data-end=\"35\">Radiant Glow Veil<\/strong>, kad paruo\u0161tum\u0117te od\u0105 makia\u017eui ir suteiktum\u0117te jai \u0161vyt\u0117jimo.<\/span><\/p>\n<\/li>\n<li data-start=\"1382\" data-end=\"1463\">\n<p data-start=\"1385\" data-end=\"1463\"><span class=\"relative -mx-px my-[-0.2rem] rounded px-px py-[0.2rem] transition-colors duration-100 ease-in-out\">Tolygiai paskirstykite <strong data-start=\"23\" data-end=\"44\">Liquid Foundation<\/strong> visame veide, kad sukurtum\u0117te tolyg\u0173 pagrind\u0105.<\/span><\/p>\n<\/li>\n<li data-start=\"1465\" data-end=\"1546\">\n<p data-start=\"1468\" data-end=\"1546\"><span class=\"relative -mx-px my-[-0.2rem] rounded px-px py-[0.2rem] transition-colors duration-100 ease-in-out\">Naudokite <strong data-start=\"10\" data-end=\"38\">Sheer Coverage Concealer<\/strong>, kad u\u017emaskuotum\u0117te tamsius ratilus po akimis ir kitus nedidelius odos tr\u016bkumus.<\/span><\/p>\n<\/li>\n<li data-start=\"1548\" data-end=\"1629\">\n<p data-start=\"1551\" data-end=\"1629\"><span class=\"relative -mx-px my-[-0.2rem] rounded px-px py-[0.2rem] transition-colors duration-100 ease-in-out\"><strong data-start=\"0\" data-end=\"25\" data-is-only-node=\"\">Loose Mineral Bronzer<\/strong> u\u017etepkite ant skruostikauli\u0173, kaktos ir smakro, kad suteiktum\u0117te veidui \u0161ilumos ir \u012fdegio efekt\u0105.<\/span><\/p>\n<\/li>\n<li data-start=\"1631\" data-end=\"1712\">\n<p data-start=\"1634\" data-end=\"1712\"><span class=\"relative -mx-px my-[-0.2rem] rounded px-px py-[0.2rem] transition-colors duration-100 ease-in-out\"><strong data-start=\"0\" data-end=\"21\" data-is-only-node=\"\">Lip &amp; Cheek Cream<\/strong> naudokite tiek ant skruost\u0173, tiek ant l\u016bp\u0173, kad suteiktum\u0117te gaiv\u0173 atspalv\u012f.<\/span><\/p>\n<\/li>\n<li data-start=\"1714\" data-end=\"1795\">\n<p data-start=\"1717\" data-end=\"1795\"><span class=\"relative -mx-px my-[-0.2rem] rounded px-px py-[0.2rem] transition-colors duration-100 ease-in-out\">Naudokite <strong data-start=\"10\" data-end=\"30\">Foundation Brush<\/strong>, kad u\u017etikrintum\u0117te tolyg\u0173 ir precizi\u0161k\u0105 produkto paskirstym\u0105.<\/span><\/p>\n<\/li>\n<\/ol>\n<p data-start=\"1797\" data-end=\"1875\"><span class=\"relative -mx-px my-[-0.2rem] rounded px-px py-[0.2rem] transition-colors duration-100 ease-in-out\">\u0160is rinkinys \u2013 puikus pasirinkimas tiems, kurie siekia nat\u016bralios ir \u0161vytin\u010dios odos i\u0161vaizdos, naudojant auk\u0161tos kokyb\u0117s ir ekologi\u0161kus produktus.<\/span><\/p>\n","protected":false},"excerpt":{"rendered":"<p><span class=\"relative -mx-px my-[-0.2rem] rounded px-px py-[0.2rem] transition-colors duration-100 ease-in-out\">Nat\u016bralus ir vegani\u0161kas makia\u017eo rinkinys<\/span><\/p>\n","protected":false},"featured_media":10698,"comment_status":"open","ping_status":"closed","template":"","meta":[],"product_cat":[200,377,188],"product_tag":[],"class_list":{"0":"post-10697","1":"product","2":"type-product","3":"status-publish","4":"has-post-thumbnail","6":"product_cat-dovanos","7":"product_cat-makiazo-rinkiniai","8":"product_cat-rinkiniai","9":"pa_brands-inika","11":"first","12":"instock","13":"taxable","14":"shipping-taxable","15":"purchasable","16":"product-type-variable"},"_links":{"self":[{"href":"https:\/\/miamedic.lt\/en\/wp-json\/wp\/v2\/product\/10697","targetHints":{"allow":["GET"]}}],"collection":[{"href":"https:\/\/miamedic.lt\/en\/wp-json\/wp\/v2\/product"}],"about":[{"href":"https:\/\/miamedic.lt\/en\/wp-json\/wp\/v2\/types\/product"}],"replies":[{"embeddable":true,"href":"https:\/\/miamedic.lt\/en\/wp-json\/wp\/v2\/comments?post=10697"}],"version-history":[{"count":3,"href":"https:\/\/miamedic.lt\/en\/wp-json\/wp\/v2\/product\/10697\/revisions"}],"predecessor-version":[{"id":12340,"href":"https:\/\/miamedic.lt\/en\/wp-json\/wp\/v2\/product\/10697\/revisions\/12340"}],"wp:featuredmedia":[{"embeddable":true,"href":"https:\/\/miamedic.lt\/en\/wp-json\/wp\/v2\/media\/10698"}],"wp:attachment":[{"href":"https:\/\/miamedic.lt\/en\/wp-json\/wp\/v2\/media?parent=10697"}],"wp:term":[{"taxonomy":"product_cat","embeddable":true,"href":"https:\/\/miamedic.lt\/en\/wp-json\/wp\/v2\/product_cat?post=10697"},{"taxonomy":"product_tag","embeddable":true,"href":"https:\/\/miamedic.lt\/en\/wp-json\/wp\/v2\/product_tag?post=10697"}],"curies":[{"name":"wp","href":"https:\/\/api.w.org\/{rel}","templated":true}]}}