{"id":10693,"date":"2025-07-18T09:19:55","date_gmt":"2025-07-18T09:19:55","guid":{"rendered":"https:\/\/miamedic.lt\/?post_type=product&#038;p=10693"},"modified":"2025-12-01T00:28:52","modified_gmt":"2025-12-01T00:28:52","slug":"tanning-glove","status":"publish","type":"product","link":"https:\/\/miamedic.lt\/en\/shop\/tanning-glove\/","title":{"rendered":"Tanning Glove"},"content":{"rendered":"<p data-start=\"40\" data-end=\"84\"><strong data-start=\"40\" data-end=\"84\">INIKA Organic Savaiminio \u012edegio Pir\u0161tin\u0117<\/strong><\/p>\n<p data-start=\"86\" data-end=\"238\"><span class=\"relative -mx-px my-[-0.2rem] rounded px-px py-[0.2rem] transition-colors duration-100 ease-in-out\">INIKA Organic Savaiminio \u012edegio Pir\u0161tin\u0117 \u2013 tai auk\u0161\u010diausios kokyb\u0117s vegani\u0161ka priemon\u0117, skirta tolygiai ir be d\u0117mi\u0173 paskirstyti savaiminio \u012fdegio produktus ant veido ir k\u016bno odos.<\/span> <span class=\"relative -mx-px my-[-0.2rem] rounded px-px py-[0.2rem] transition-colors duration-100 ease-in-out\">Pagaminta i\u0161 itin \u0161velnios ir patvarios med\u017eiagos, \u0161i pir\u0161tin\u0117 u\u017etikrina skland\u0173 ir profesional\u0173 \u012fdegio aplikavim\u0105, ypa\u010d didesn\u0117ms k\u016bno sritims.<\/span> <span class=\"relative -mx-px my-[-0.2rem] rounded px-px py-[0.2rem] transition-colors duration-100 ease-in-out\">Ji yra puikus \u012frankis, norint pasiekti norim\u0105 \u012fdegio lyg\u012f su INIKA Organic Natural Tanning Mist.<\/span><\/p>\n<p data-start=\"240\" data-end=\"264\"><strong data-start=\"240\" data-end=\"264\">Pagrindin\u0117s savyb\u0117s:<\/strong><\/p>\n<ul data-start=\"265\" data-end=\"501\">\n<li data-start=\"265\" data-end=\"329\">\n<p data-start=\"267\" data-end=\"329\"><strong data-start=\"267\" data-end=\"289\">Tiksli aplikacija:<\/strong> <span class=\"relative -mx-px my-[-0.2rem] rounded px-px py-[0.2rem] transition-colors duration-100 ease-in-out\">Idealiai tinka didesn\u0117ms k\u016bno sritims, tokioms kaip toras, kojos, rankos ir nugara.<\/span><\/p>\n<\/li>\n<li data-start=\"330\" data-end=\"396\">\n<p data-start=\"332\" data-end=\"396\"><strong data-start=\"332\" data-end=\"356\">Be d\u0117mi\u0173 rezultatas:<\/strong> <span class=\"relative -mx-px my-[-0.2rem] rounded px-px py-[0.2rem] transition-colors duration-100 ease-in-out\">U\u017etikrina tolyg\u0173 ir nat\u016bral\u0173 \u012fdeg\u012f be dry\u017ei\u0173.<\/span><\/p>\n<\/li>\n<li data-start=\"397\" data-end=\"501\">\n<p data-start=\"399\" data-end=\"501\"><strong data-start=\"399\" data-end=\"422\">Patogus naudojimas:<\/strong> <span class=\"relative -mx-px my-[-0.2rem] rounded px-px py-[0.2rem] transition-colors duration-100 ease-in-out\">Lengvai naudojama ir pri\u017ei\u016brima.<\/span><\/p>\n<\/li>\n<\/ul>\n<p data-start=\"503\" data-end=\"529\"><strong data-start=\"503\" data-end=\"529\">Naudojimo instrukcija:<\/strong><\/p>\n<ol data-start=\"530\" data-end=\"697\">\n<li data-start=\"530\" data-end=\"572\">\n<p data-start=\"533\" data-end=\"572\"><span class=\"relative -mx-px my-[-0.2rem] rounded px-px py-[0.2rem] transition-colors duration-100 ease-in-out\">Ant pir\u0161tin\u0117s u\u017ela\u0161inkite norim\u0105 kiek\u012f INIKA Organic Natural Tanning Mist.<\/span><\/p>\n<\/li>\n<li data-start=\"573\" data-end=\"615\">\n<p data-start=\"576\" data-end=\"615\"><span class=\"relative -mx-px my-[-0.2rem] rounded px-px py-[0.2rem] transition-colors duration-100 ease-in-out\">Naudodami \u0161velnius sukamaisiais judesiais, paskirstykite produkt\u0105 ant odos.<\/span><\/p>\n<\/li>\n<li data-start=\"616\" data-end=\"697\">\n<p data-start=\"619\" data-end=\"697\"><span class=\"relative -mx-px my-[-0.2rem] rounded px-px py-[0.2rem] transition-colors duration-100 ease-in-out\">Po naudojimo, i\u0161plaukite pir\u0161tin\u0119 \u0161iltu vandeniu su muilu ir leiskite i\u0161d\u017ei\u016bti.<\/span><\/p>\n<\/li>\n<\/ol>\n","protected":false},"excerpt":{"rendered":"<p>Savaiminio \u012fdegio pir\u0161tin\u0117<\/p>","protected":false},"featured_media":10694,"comment_status":"open","ping_status":"closed","template":"","meta":[],"product_cat":[375],"product_tag":[],"class_list":{"0":"post-10693","1":"product","2":"type-product","3":"status-publish","4":"has-post-thumbnail","6":"product_cat-savaiminis-idegis","7":"pa_brands-inika","9":"first","10":"instock","11":"taxable","12":"shipping-taxable","13":"purchasable","14":"product-type-simple"},"_links":{"self":[{"href":"https:\/\/miamedic.lt\/en\/wp-json\/wp\/v2\/product\/10693","targetHints":{"allow":["GET"]}}],"collection":[{"href":"https:\/\/miamedic.lt\/en\/wp-json\/wp\/v2\/product"}],"about":[{"href":"https:\/\/miamedic.lt\/en\/wp-json\/wp\/v2\/types\/product"}],"replies":[{"embeddable":true,"href":"https:\/\/miamedic.lt\/en\/wp-json\/wp\/v2\/comments?post=10693"}],"version-history":[{"count":2,"href":"https:\/\/miamedic.lt\/en\/wp-json\/wp\/v2\/product\/10693\/revisions"}],"predecessor-version":[{"id":12341,"href":"https:\/\/miamedic.lt\/en\/wp-json\/wp\/v2\/product\/10693\/revisions\/12341"}],"wp:featuredmedia":[{"embeddable":true,"href":"https:\/\/miamedic.lt\/en\/wp-json\/wp\/v2\/media\/10694"}],"wp:attachment":[{"href":"https:\/\/miamedic.lt\/en\/wp-json\/wp\/v2\/media?parent=10693"}],"wp:term":[{"taxonomy":"product_cat","embeddable":true,"href":"https:\/\/miamedic.lt\/en\/wp-json\/wp\/v2\/product_cat?post=10693"},{"taxonomy":"product_tag","embeddable":true,"href":"https:\/\/miamedic.lt\/en\/wp-json\/wp\/v2\/product_tag?post=10693"}],"curies":[{"name":"wp","href":"https:\/\/api.w.org\/{rel}","templated":true}]}}