{"id":10690,"date":"2025-07-18T09:16:49","date_gmt":"2025-07-18T09:16:49","guid":{"rendered":"https:\/\/miamedic.lt\/?post_type=product&#038;p=10690"},"modified":"2025-12-01T00:28:52","modified_gmt":"2025-12-01T00:28:52","slug":"mini-mitt","status":"publish","type":"product","link":"https:\/\/miamedic.lt\/en\/shop\/mini-mitt\/","title":{"rendered":"Mini Mitt"},"content":{"rendered":"<p data-start=\"40\" data-end=\"91\"><strong data-start=\"40\" data-end=\"91\">INIKA Organic Savaiminio \u012edegio Pir\u0161tin\u0117 Veidui<\/strong><\/p>\n<p data-start=\"93\" data-end=\"230\"><strong data-start=\"93\" data-end=\"115\">Trumpas apra\u0161ymas:<\/strong><br data-start=\"115\" data-end=\"118\" \/><span class=\"relative -mx-px my-[-0.2rem] rounded px-px py-[0.2rem] transition-colors duration-100 ease-in-out\">INIKA Organic Savaiminio \u012edegio Pir\u0161tin\u0117 Veidui \u2013 tai auk\u0161\u010diausios kokyb\u0117s vegani\u0161ka priemon\u0117, skirta tolygiai ir be d\u0117mi\u0173 paskirstyti savaiminio \u012fdegio produktus ant veido odos.<\/span> <span class=\"relative -mx-px my-[-0.2rem] rounded px-px py-[0.2rem] transition-colors duration-100 ease-in-out\">Pagaminta i\u0161 itin \u0161velnaus ir patvaraus audinio, \u0161i pir\u0161tin\u0117 u\u017etikrina skland\u0173 ir profesional\u0173 \u012fdegio aplikavim\u0105, ypa\u010d ma\u017eoms ir sunkiai pasiekiamoms veido sritims.<\/span><\/p>\n<p data-start=\"232\" data-end=\"256\"><strong data-start=\"232\" data-end=\"256\">Pagrindin\u0117s savyb\u0117s:<\/strong><\/p>\n<ul data-start=\"257\" data-end=\"491\">\n<li data-start=\"257\" data-end=\"319\">\n<p data-start=\"259\" data-end=\"319\"><strong data-start=\"259\" data-end=\"281\">Tiksli aplikacija:<\/strong> <span class=\"relative -mx-px my-[-0.2rem] rounded px-px py-[0.2rem] transition-colors duration-100 ease-in-out\">Idealiai tinka veidui, leid\u017eia pasiekti net ir sud\u0117tingas vietas, tokias kaip aplink akis ir nos\u012f.<\/span><\/p>\n<\/li>\n<li data-start=\"320\" data-end=\"386\">\n<p data-start=\"322\" data-end=\"386\"><strong data-start=\"322\" data-end=\"346\">Be d\u0117mi\u0173 rezultatas:<\/strong> <span class=\"relative -mx-px my-[-0.2rem] rounded px-px py-[0.2rem] transition-colors duration-100 ease-in-out\">U\u017etikrina tolyg\u0173 ir nat\u016bral\u0173 \u012fdeg\u012f be dry\u017ei\u0173.<\/span><\/p>\n<\/li>\n<li data-start=\"387\" data-end=\"491\">\n<p data-start=\"389\" data-end=\"491\"><strong data-start=\"389\" data-end=\"412\">Patogus naudojimas:<\/strong> <span class=\"relative -mx-px my-[-0.2rem] rounded px-px py-[0.2rem] transition-colors duration-100 ease-in-out\">Lengvai naudojama ir pri\u017ei\u016brima.<\/span><\/p>\n<\/li>\n<\/ul>\n<p data-start=\"493\" data-end=\"519\"><strong data-start=\"493\" data-end=\"519\">Naudojimo instrukcija:<\/strong><\/p>\n<ol data-start=\"520\" data-end=\"687\">\n<li data-start=\"520\" data-end=\"562\">\n<p data-start=\"523\" data-end=\"562\"><span class=\"relative -mx-px my-[-0.2rem] rounded px-px py-[0.2rem] bg-[#FCECC1] dark:bg-[#64572A] transition-colors duration-100 ease-in-out\">Ant pir\u0161tin\u0117s u\u017ela\u0161inkite norim\u0105 kiek\u012f INIKA Organic Natural Tanning Mist.<\/span><\/p>\n<\/li>\n<li data-start=\"563\" data-end=\"605\">\n<p data-start=\"566\" data-end=\"605\"><span class=\"relative -mx-px my-[-0.2rem] rounded px-px py-[0.2rem] transition-colors duration-100 ease-in-out\">Naudodami \u0161velnius sukamaisiais judesiais, paskirstykite produkt\u0105 ant veido odos.<\/span><\/p>\n<\/li>\n<li data-start=\"606\" data-end=\"687\">\n<p data-start=\"609\" data-end=\"687\"><span class=\"relative -mx-px my-[-0.2rem] rounded px-px py-[0.2rem] transition-colors duration-100 ease-in-out\">Po naudojimo, i\u0161plaukite pir\u0161tin\u0119 \u0161iltu vandeniu su muilu ir leiskite i\u0161d\u017ei\u016bti.<\/span><\/p>\n<\/li>\n<\/ol>\n","protected":false},"excerpt":{"rendered":"<p>Savaiminio \u012fdegio pir\u0161tin\u0117 deidui<\/p>","protected":false},"featured_media":10691,"comment_status":"open","ping_status":"closed","template":"","meta":[],"product_cat":[375],"product_tag":[],"class_list":{"0":"post-10690","1":"product","2":"type-product","3":"status-publish","4":"has-post-thumbnail","6":"product_cat-savaiminis-idegis","7":"pa_brands-inika","9":"first","10":"instock","11":"taxable","12":"shipping-taxable","13":"purchasable","14":"product-type-simple"},"_links":{"self":[{"href":"https:\/\/miamedic.lt\/en\/wp-json\/wp\/v2\/product\/10690","targetHints":{"allow":["GET"]}}],"collection":[{"href":"https:\/\/miamedic.lt\/en\/wp-json\/wp\/v2\/product"}],"about":[{"href":"https:\/\/miamedic.lt\/en\/wp-json\/wp\/v2\/types\/product"}],"replies":[{"embeddable":true,"href":"https:\/\/miamedic.lt\/en\/wp-json\/wp\/v2\/comments?post=10690"}],"version-history":[{"count":2,"href":"https:\/\/miamedic.lt\/en\/wp-json\/wp\/v2\/product\/10690\/revisions"}],"predecessor-version":[{"id":12342,"href":"https:\/\/miamedic.lt\/en\/wp-json\/wp\/v2\/product\/10690\/revisions\/12342"}],"wp:featuredmedia":[{"embeddable":true,"href":"https:\/\/miamedic.lt\/en\/wp-json\/wp\/v2\/media\/10691"}],"wp:attachment":[{"href":"https:\/\/miamedic.lt\/en\/wp-json\/wp\/v2\/media?parent=10690"}],"wp:term":[{"taxonomy":"product_cat","embeddable":true,"href":"https:\/\/miamedic.lt\/en\/wp-json\/wp\/v2\/product_cat?post=10690"},{"taxonomy":"product_tag","embeddable":true,"href":"https:\/\/miamedic.lt\/en\/wp-json\/wp\/v2\/product_tag?post=10690"}],"curies":[{"name":"wp","href":"https:\/\/api.w.org\/{rel}","templated":true}]}}