{"id":10684,"date":"2025-07-18T09:12:33","date_gmt":"2025-07-18T09:12:33","guid":{"rendered":"https:\/\/miamedic.lt\/?post_type=product&#038;p=10684"},"modified":"2025-12-01T00:28:52","modified_gmt":"2025-12-01T00:28:52","slug":"organic-natural-tanning-mist","status":"publish","type":"product","link":"https:\/\/miamedic.lt\/en\/shop\/organic-natural-tanning-mist\/","title":{"rendered":"Organic Natural Tanning Mist"},"content":{"rendered":"<p data-start=\"40\" data-end=\"92\"><strong data-start=\"40\" data-end=\"92\">INIKA Organic Savaiminio \u012edegio Dulksna<\/strong><\/p>\n<p data-start=\"94\" data-end=\"231\"><strong data-start=\"94\" data-end=\"116\">Trumpas apra\u0161ymas:<\/strong><br data-start=\"116\" data-end=\"119\" \/><span class=\"relative -mx-px my-[-0.2rem] rounded px-px py-[0.2rem] transition-colors duration-100 ease-in-out\">INIKA Organic Savaiminio \u012edegio Dulksna \u2013 tai itin smulki dulksna, skirta veidui ir k\u016bnui, kuri greitai ir lengvai sukuria nat\u016braliai atrodant\u012f \u012fdeg\u012f be saul\u0117s spinduli\u0173.<\/span> <span class=\"relative -mx-px my-[-0.2rem] rounded px-px py-[0.2rem] transition-colors duration-100 ease-in-out\">\u0160i formul\u0117 ne tik suteikia odai sveiko \u012fdegio, bet ir dr\u0117kina bei maitina j\u0105, u\u017etikrindama sveik\u0105 ir spindin\u010di\u0105 i\u0161vaizd\u0105.<\/span><\/p>\n<p data-start=\"233\" data-end=\"257\"><strong data-start=\"233\" data-end=\"257\">Pagrindin\u0117s savyb\u0117s:<\/strong><\/p>\n<ul data-start=\"258\" data-end=\"554\">\n<li data-start=\"258\" data-end=\"319\">\n<p data-start=\"260\" data-end=\"319\"><strong data-start=\"260\" data-end=\"281\">Nat\u016bralus \u012fdegis:<\/strong> <span class=\"relative -mx-px my-[-0.2rem] rounded px-px py-[0.2rem] transition-colors duration-100 ease-in-out\">Suteikia odai nat\u016braliai atrodant\u012f, auksin\u012f \u012fdeg\u012f be d\u0117mi\u0173.<\/span><\/p>\n<\/li>\n<li data-start=\"320\" data-end=\"395\">\n<p data-start=\"322\" data-end=\"395\"><strong data-start=\"322\" data-end=\"355\">Greitas ir tolygus u\u017ed\u0117jimas:<\/strong> <span class=\"relative -mx-px my-[-0.2rem] rounded px-px py-[0.2rem] transition-colors duration-100 ease-in-out\">Itin smulki dulksna u\u017etikrina tolyg\u0173 ir lengv\u0105 aplikavim\u0105.<\/span><\/p>\n<\/li>\n<li data-start=\"396\" data-end=\"453\">\n<p data-start=\"398\" data-end=\"453\"><strong data-start=\"398\" data-end=\"413\">Dr\u0117kinimas:<\/strong> <span class=\"relative -mx-px my-[-0.2rem] rounded px-px py-[0.2rem] transition-colors duration-100 ease-in-out\">Formul\u0117 dr\u0117kina od\u0105, palikdama j\u0105 \u0161velni\u0105 ir mink\u0161t\u0105.<\/span><\/p>\n<\/li>\n<li data-start=\"454\" data-end=\"554\">\n<p data-start=\"456\" data-end=\"554\"><strong data-start=\"456\" data-end=\"475\">Nekomedogenin\u0117:<\/strong> <span class=\"relative -mx-px my-[-0.2rem] rounded px-px py-[0.2rem] transition-colors duration-100 ease-in-out\">Nekem\u0161a por\u0173, tod\u0117l tinka vis\u0173 tip\u0173 odai, \u012fskaitant jautri\u0105 ir linkusi\u0105 \u012f spuogus.<\/span><\/p>\n<\/li>\n<\/ul>\n<p data-start=\"818\" data-end=\"833\"><strong data-start=\"818\" data-end=\"833\">Naudojimas:<\/strong><\/p>\n<ol data-start=\"834\" data-end=\"1087\">\n<li data-start=\"834\" data-end=\"876\">\n<p data-start=\"837\" data-end=\"876\"><span class=\"relative -mx-px my-[-0.2rem] rounded px-px py-[0.2rem] transition-colors duration-100 ease-in-out\">Prie\u0161 naudojim\u0105 suplakite buteliuk\u0105.<\/span><\/p>\n<\/li>\n<li data-start=\"877\" data-end=\"919\">\n<p data-start=\"880\" data-end=\"919\"><span class=\"relative -mx-px my-[-0.2rem] rounded px-px py-[0.2rem] transition-colors duration-100 ease-in-out\">Laikykite buteliuk\u0105 apie 15\u201320 cm atstumu nuo odos.<\/span><\/p>\n<\/li>\n<li data-start=\"920\" data-end=\"962\">\n<p data-start=\"923\" data-end=\"962\"><span class=\"relative -mx-px my-[-0.2rem] rounded px-px py-[0.2rem] transition-colors duration-100 ease-in-out\">Tiesiogiai purk\u0161kite ant veido ir k\u016bno, vengiant aki\u0173 srities.<\/span><\/p>\n<\/li>\n<li data-start=\"963\" data-end=\"1005\">\n<p data-start=\"966\" data-end=\"1005\"><span class=\"relative -mx-px my-[-0.2rem] rounded px-px py-[0.2rem] transition-colors duration-100 ease-in-out\">Leiskite i\u0161d\u017ei\u016bti ir neplaukite odos ma\u017eiausiai 4 valandas.<\/span><\/p>\n<\/li>\n<li data-start=\"1006\" data-end=\"1087\">\n<p data-start=\"1009\" data-end=\"1087\"><span class=\"relative -mx-px my-[-0.2rem] rounded px-px py-[0.2rem] transition-colors duration-100 ease-in-out\">Norint intensyvesnio \u012fdegio, proced\u016br\u0105 kartokite kas 2\u20133 dienas.<\/span><\/p>\n<\/li>\n<\/ol>\n","protected":false},"excerpt":{"rendered":"<p>Savaiminio \u012fdegio dulksna<\/p>","protected":false},"featured_media":10686,"comment_status":"open","ping_status":"closed","template":"","meta":[],"product_cat":[375],"product_tag":[],"class_list":{"0":"post-10684","1":"product","2":"type-product","3":"status-publish","4":"has-post-thumbnail","6":"product_cat-savaiminis-idegis","7":"pa_brands-inika","8":"pa_talpa-120ml","10":"first","11":"instock","12":"taxable","13":"shipping-taxable","14":"purchasable","15":"product-type-simple"},"_links":{"self":[{"href":"https:\/\/miamedic.lt\/en\/wp-json\/wp\/v2\/product\/10684","targetHints":{"allow":["GET"]}}],"collection":[{"href":"https:\/\/miamedic.lt\/en\/wp-json\/wp\/v2\/product"}],"about":[{"href":"https:\/\/miamedic.lt\/en\/wp-json\/wp\/v2\/types\/product"}],"replies":[{"embeddable":true,"href":"https:\/\/miamedic.lt\/en\/wp-json\/wp\/v2\/comments?post=10684"}],"version-history":[{"count":2,"href":"https:\/\/miamedic.lt\/en\/wp-json\/wp\/v2\/product\/10684\/revisions"}],"predecessor-version":[{"id":12343,"href":"https:\/\/miamedic.lt\/en\/wp-json\/wp\/v2\/product\/10684\/revisions\/12343"}],"wp:featuredmedia":[{"embeddable":true,"href":"https:\/\/miamedic.lt\/en\/wp-json\/wp\/v2\/media\/10686"}],"wp:attachment":[{"href":"https:\/\/miamedic.lt\/en\/wp-json\/wp\/v2\/media?parent=10684"}],"wp:term":[{"taxonomy":"product_cat","embeddable":true,"href":"https:\/\/miamedic.lt\/en\/wp-json\/wp\/v2\/product_cat?post=10684"},{"taxonomy":"product_tag","embeddable":true,"href":"https:\/\/miamedic.lt\/en\/wp-json\/wp\/v2\/product_tag?post=10684"}],"curies":[{"name":"wp","href":"https:\/\/api.w.org\/{rel}","templated":true}]}}