{"id":10681,"date":"2025-07-18T08:58:31","date_gmt":"2025-07-18T08:58:31","guid":{"rendered":"https:\/\/miamedic.lt\/?post_type=product&#038;p=10681"},"modified":"2025-12-01T00:28:52","modified_gmt":"2025-12-01T00:28:52","slug":"pencil-sharpener-double","status":"publish","type":"product","link":"https:\/\/miamedic.lt\/en\/shop\/pencil-sharpener-double\/","title":{"rendered":"Pencil Sharpener Double"},"content":{"rendered":"<p data-start=\"42\" data-end=\"87\"><strong data-start=\"42\" data-end=\"87\">INIKA Organic Dvigubas Pie\u0161tuk\u0173 Dro\u017etukas<\/strong><\/p>\n<p data-start=\"89\" data-end=\"226\"><strong data-start=\"89\" data-end=\"111\">Trumpas apra\u0161ymas:<\/strong><br data-start=\"111\" data-end=\"114\" \/><span class=\"relative -mx-px my-[-0.2rem] rounded px-px py-[0.2rem] transition-colors duration-100 ease-in-out\">INIKA Organic Dvigubas Pie\u0161tuk\u0173 Dro\u017etukas \u2013 tai kompakti\u0161kas ir patogus \u012frankis, skirtas vis\u0173 INIKA Organic aki\u0173, antaki\u0173, l\u016bp\u0173 pie\u0161tuk\u0173 ir kreideli\u0173 a\u0161trinimui.<\/span> <span class=\"relative -mx-px my-[-0.2rem] rounded px-px py-[0.2rem] transition-colors duration-100 ease-in-out\">Su dviem skirtingo dyd\u017eio angomis, jis u\u017etikrina tiksl\u0173 ir \u0161var\u0173 pie\u0161tuk\u0173 a\u0161trinim\u0105, padedant\u012f i\u0161laikyti j\u016bs\u0173 makia\u017eo priemones geriausioje b\u016bkl\u0117je.<\/span><\/p>\n<p data-start=\"228\" data-end=\"252\"><strong data-start=\"228\" data-end=\"252\">Pagrindin\u0117s savyb\u0117s:<\/strong><\/p>\n<ul data-start=\"253\" data-end=\"549\">\n<li data-start=\"253\" data-end=\"315\">\n<p data-start=\"255\" data-end=\"315\"><strong data-start=\"255\" data-end=\"277\">Dvigubas dizainas:<\/strong> <span class=\"relative -mx-px my-[-0.2rem] rounded px-px py-[0.2rem] transition-colors duration-100 ease-in-out\">Tinka tiek standartinio dyd\u017eio, tiek didesniems pie\u0161tukams ir kreidel\u0117ms.<\/span><\/p>\n<\/li>\n<li data-start=\"316\" data-end=\"381\">\n<p data-start=\"318\" data-end=\"381\"><strong data-start=\"318\" data-end=\"341\">Tikslus a\u0161trinimas:<\/strong> <span class=\"relative -mx-px my-[-0.2rem] rounded px-px py-[0.2rem] transition-colors duration-100 ease-in-out\">A\u0161tr\u016bs peiliukai u\u017etikrina \u0161var\u0173 ir tiksl\u0173 pie\u0161tuko galiuko formavim\u0105.<\/span><\/p>\n<\/li>\n<li data-start=\"382\" data-end=\"444\">\n<p data-start=\"384\" data-end=\"444\"><strong data-start=\"384\" data-end=\"404\">Patogus valymas:<\/strong> <span class=\"relative -mx-px my-[-0.2rem] rounded px-px py-[0.2rem] transition-colors duration-100 ease-in-out\">\u012emontuotas valymo \u012frankis palengvina dro\u017etuko prie\u017ei\u016br\u0105.<\/span><\/p>\n<\/li>\n<li data-start=\"445\" data-end=\"549\">\n<p data-start=\"447\" data-end=\"549\"><strong data-start=\"447\" data-end=\"470\">Kompakti\u0161kas dydis:<\/strong> <span class=\"relative -mx-px my-[-0.2rem] rounded px-px py-[0.2rem] transition-colors duration-100 ease-in-out\">Lengvai telpa \u012f kosmetin\u0119 ar kelionin\u012f makia\u017eo rinkin\u012f.<\/span><\/p>\n<\/li>\n<\/ul>\n","protected":false},"excerpt":{"rendered":"<p>Dvigubas pie\u0161tuk\u0173 dro\u017etukas<\/p>","protected":false},"featured_media":10682,"comment_status":"open","ping_status":"closed","template":"","meta":[],"product_cat":[374],"product_tag":[],"class_list":{"0":"post-10681","1":"product","2":"type-product","3":"status-publish","4":"has-post-thumbnail","6":"product_cat-droztukai","7":"pa_brands-inika","9":"first","10":"instock","11":"taxable","12":"shipping-taxable","13":"purchasable","14":"product-type-simple"},"_links":{"self":[{"href":"https:\/\/miamedic.lt\/en\/wp-json\/wp\/v2\/product\/10681","targetHints":{"allow":["GET"]}}],"collection":[{"href":"https:\/\/miamedic.lt\/en\/wp-json\/wp\/v2\/product"}],"about":[{"href":"https:\/\/miamedic.lt\/en\/wp-json\/wp\/v2\/types\/product"}],"replies":[{"embeddable":true,"href":"https:\/\/miamedic.lt\/en\/wp-json\/wp\/v2\/comments?post=10681"}],"version-history":[{"count":2,"href":"https:\/\/miamedic.lt\/en\/wp-json\/wp\/v2\/product\/10681\/revisions"}],"predecessor-version":[{"id":10695,"href":"https:\/\/miamedic.lt\/en\/wp-json\/wp\/v2\/product\/10681\/revisions\/10695"}],"wp:featuredmedia":[{"embeddable":true,"href":"https:\/\/miamedic.lt\/en\/wp-json\/wp\/v2\/media\/10682"}],"wp:attachment":[{"href":"https:\/\/miamedic.lt\/en\/wp-json\/wp\/v2\/media?parent=10681"}],"wp:term":[{"taxonomy":"product_cat","embeddable":true,"href":"https:\/\/miamedic.lt\/en\/wp-json\/wp\/v2\/product_cat?post=10681"},{"taxonomy":"product_tag","embeddable":true,"href":"https:\/\/miamedic.lt\/en\/wp-json\/wp\/v2\/product_tag?post=10681"}],"curies":[{"name":"wp","href":"https:\/\/api.w.org\/{rel}","templated":true}]}}