{"id":10675,"date":"2025-07-18T08:51:52","date_gmt":"2025-07-18T08:51:52","guid":{"rendered":"https:\/\/miamedic.lt\/?post_type=product&#038;p=10675"},"modified":"2025-12-01T00:28:53","modified_gmt":"2025-12-01T00:28:53","slug":"vegan-brush-case","status":"publish","type":"product","link":"https:\/\/miamedic.lt\/en\/shop\/vegan-brush-case\/","title":{"rendered":"Vegan Brush Case"},"content":{"rendered":"<p data-start=\"45\" data-end=\"124\"><strong data-start=\"45\" data-end=\"124\">INIKA Vegan Brush Case \u2013 Profesionalus ir Tvarus Makia\u017eo \u0160epet\u0117li\u0173 Rinkinys<\/strong><\/p>\n<p data-start=\"126\" data-end=\"263\"><strong data-start=\"126\" data-end=\"148\">Trumpas apra\u0161ymas:<\/strong><br data-start=\"148\" data-end=\"151\" \/><span class=\"relative -mx-px my-[-0.2rem] rounded px-px py-[0.2rem] transition-colors duration-100 ease-in-out\">INIKA Vegan Brush Case \u2013 tai auk\u0161\u010diausios kokyb\u0117s vegani\u0161k\u0173 \u0161epet\u0117li\u0173 rinkinys, pateikiamas su stilingu ir funkcionaliu d\u0117klu.<\/span> <span class=\"relative -mx-px my-[-0.2rem] rounded px-px py-[0.2rem] transition-colors duration-100 ease-in-out\">\u0160is rinkinys skirtas tiems, kurie vertina profesional\u0173 makia\u017e\u0105, tvarum\u0105 ir patogum\u0105 keliaujant.<\/span><\/p>\n<p data-start=\"265\" data-end=\"362\"><strong data-start=\"265\" data-end=\"283\">Komplektacija:<\/strong><br data-start=\"283\" data-end=\"286\" \/><span class=\"relative -mx-px my-[-0.2rem] rounded px-px py-[0.2rem] transition-colors duration-100 ease-in-out\">Rinkin\u012f sudaro 6 profesional\u016bs \u0161epet\u0117liai, kurie pad\u0117s sukurti nepriekai\u0161ting\u0105 makia\u017e\u0105:<\/span><\/p>\n<ul data-start=\"364\" data-end=\"994\">\n<li data-start=\"364\" data-end=\"466\">\n<p data-start=\"366\" data-end=\"466\"><strong data-start=\"366\" data-end=\"387\">Pudros \u0161epet\u0117lis:<\/strong> <span class=\"relative -mx-px my-[-0.2rem] rounded px-px py-[0.2rem] transition-colors duration-100 ease-in-out\">\u0160velnus ir purus, skirtas tolygiai paskirstyti pudr\u0105 ant veido ir k\u016bno, siekiant oro \u0161velnumo efekto.<\/span><\/p>\n<\/li>\n<li data-start=\"468\" data-end=\"572\">\n<p data-start=\"470\" data-end=\"572\"><strong data-start=\"470\" data-end=\"493\">Pagrindo \u0161epet\u0117lis:<\/strong> <span class=\"relative -mx-px my-[-0.2rem] rounded px-px py-[0.2rem] transition-colors duration-100 ease-in-out\">Plok\u0161\u010dias, tankiai supakuotas \u0161ereliais, leid\u017eiantis lengvai \u012ftrinti skystus ir milteli\u0173 pagrindus, u\u017etikrinant tolyg\u0173 ir modifikuojam\u0105 dengim\u0105.<\/span><\/p>\n<\/li>\n<li data-start=\"574\" data-end=\"677\">\n<p data-start=\"576\" data-end=\"677\"><strong data-start=\"576\" data-end=\"598\">\u0160e\u0161\u0117li\u0173 \u0161epet\u0117lis:<\/strong> <span class=\"relative -mx-px my-[-0.2rem] rounded px-px py-[0.2rem] transition-colors duration-100 ease-in-out\">Plok\u0161\u010dias ir siauras, skirtas tiksliai dengti aki\u0173 \u0161e\u0161\u0117lius ant voko.<\/span><\/p>\n<\/li>\n<li data-start=\"679\" data-end=\"782\">\n<p data-start=\"681\" data-end=\"782\"><strong data-start=\"681\" data-end=\"703\">Mai\u0161ymo \u0161epet\u0117lis:<\/strong> <span class=\"relative -mx-px my-[-0.2rem] rounded px-px py-[0.2rem] transition-colors duration-100 ease-in-out\">Suapvalinta galvut\u0117, skirta skland\u017eiai sumai\u0161yti aki\u0173 \u0161e\u0161\u0117lius ir sukurti skland\u017eius per\u0117jimus.<\/span><\/p>\n<\/li>\n<li data-start=\"784\" data-end=\"889\">\n<p data-start=\"786\" data-end=\"889\"><strong data-start=\"786\" data-end=\"810\">Detalinis \u0161epet\u0117lis:<\/strong> <span class=\"relative -mx-px my-[-0.2rem] rounded px-px py-[0.2rem] transition-colors duration-100 ease-in-out\">Plonas ir smulkus, skirtas tiksliai aplikacijai, pavyzd\u017eiui, aki\u0173 kont\u016bravimui ar korekcijoms.<\/span><\/p>\n<\/li>\n<li data-start=\"891\" data-end=\"994\">\n<p data-start=\"893\" data-end=\"994\"><strong data-start=\"893\" data-end=\"915\">Antaki\u0173 \u0161epet\u0117lis:<\/strong> <span class=\"relative -mx-px my-[-0.2rem] rounded px-px py-[0.2rem] transition-colors duration-100 ease-in-out\">Kampuotas galas, leid\u017eiantis tiksliai formuoti ir u\u017epildyti antakius.<\/span><\/p>\n<\/li>\n<\/ul>\n<p data-start=\"996\" data-end=\"1128\"><strong data-start=\"996\" data-end=\"1007\">D\u0117klas:<\/strong><br data-start=\"1007\" data-end=\"1010\" \/><span class=\"relative -mx-px my-[-0.2rem] rounded px-px py-[0.2rem] transition-colors duration-100 ease-in-out\">Rinkinys pateikiamas su kompakti\u0161ku, u\u017etrauktuku u\u017edaromu d\u0117klu, kuris ne tik saugo \u0161epet\u0117lius, bet ir leid\u017eia juos laikyti tvarkingai keliaujant.<\/span> <span class=\"relative -mx-px my-[-0.2rem] rounded px-px py-[0.2rem] transition-colors duration-100 ease-in-out\">D\u0117klo dizainas leid\u017eia j\u012f sulankstyti ir pastatyti vertikaliai, taip sukuriant patog\u0173 \u0161epet\u0117li\u0173 laikikl\u012f su spaustukais, u\u017etikrinan\u010diais stabilum\u0105.<\/span><\/p>\n<p data-start=\"1130\" data-end=\"1312\"><strong data-start=\"1130\" data-end=\"1151\">Tvarumo aspektai:<\/strong><br data-start=\"1151\" data-end=\"1154\" \/><span class=\"relative -mx-px my-[-0.2rem] rounded px-px py-[0.2rem] transition-colors duration-100 ease-in-out\">INIKA \u2013 pirmasis pasaulyje plastiko neutralaus makia\u017eo prek\u0117s \u017eenklas.<\/span> <span class=\"relative -mx-px my-[-0.2rem] rounded px-px py-[0.2rem] transition-colors duration-100 ease-in-out\">\u0160is rinkinys pagamintas i\u0161 auk\u0161\u010diausios kokyb\u0117s vegani\u0161k\u0173 \u0161ereli\u0173 ir ranken\u0173, pagamint\u0173 i\u0161 perdirbto PLA bioplastiko, gauto i\u0161 kukur\u016bz\u0173 ir manioko.<\/span> <span class=\"relative -mx-px my-[-0.2rem] rounded px-px py-[0.2rem] transition-colors duration-100 ease-in-out\">INIKA siekia suma\u017einti naujo plastiko naudojim\u0105 ir dalyvauja CLEANHUB projekte, renkant\u012f plastiko atliekas vandenynuose.<\/span><\/p>\n","protected":false},"excerpt":{"rendered":"<p>Profesionalus ir tvarus makia\u017eo \u0161epet\u0117li\u0173 rinkinys<\/p>","protected":false},"featured_media":10676,"comment_status":"open","ping_status":"closed","template":"","meta":[],"product_cat":[373],"product_tag":[],"class_list":{"0":"post-10675","1":"product","2":"type-product","3":"status-publish","4":"has-post-thumbnail","6":"product_cat-sepeteliai","7":"pa_brands-inika","9":"first","10":"instock","11":"taxable","12":"shipping-taxable","13":"purchasable","14":"product-type-simple"},"_links":{"self":[{"href":"https:\/\/miamedic.lt\/en\/wp-json\/wp\/v2\/product\/10675","targetHints":{"allow":["GET"]}}],"collection":[{"href":"https:\/\/miamedic.lt\/en\/wp-json\/wp\/v2\/product"}],"about":[{"href":"https:\/\/miamedic.lt\/en\/wp-json\/wp\/v2\/types\/product"}],"replies":[{"embeddable":true,"href":"https:\/\/miamedic.lt\/en\/wp-json\/wp\/v2\/comments?post=10675"}],"version-history":[{"count":3,"href":"https:\/\/miamedic.lt\/en\/wp-json\/wp\/v2\/product\/10675\/revisions"}],"predecessor-version":[{"id":12344,"href":"https:\/\/miamedic.lt\/en\/wp-json\/wp\/v2\/product\/10675\/revisions\/12344"}],"wp:featuredmedia":[{"embeddable":true,"href":"https:\/\/miamedic.lt\/en\/wp-json\/wp\/v2\/media\/10676"}],"wp:attachment":[{"href":"https:\/\/miamedic.lt\/en\/wp-json\/wp\/v2\/media?parent=10675"}],"wp:term":[{"taxonomy":"product_cat","embeddable":true,"href":"https:\/\/miamedic.lt\/en\/wp-json\/wp\/v2\/product_cat?post=10675"},{"taxonomy":"product_tag","embeddable":true,"href":"https:\/\/miamedic.lt\/en\/wp-json\/wp\/v2\/product_tag?post=10675"}],"curies":[{"name":"wp","href":"https:\/\/api.w.org\/{rel}","templated":true}]}}