{"id":10672,"date":"2025-07-18T08:46:32","date_gmt":"2025-07-18T08:46:32","guid":{"rendered":"https:\/\/miamedic.lt\/?post_type=product&#038;p=10672"},"modified":"2025-12-01T00:28:53","modified_gmt":"2025-12-01T00:28:53","slug":"foundation-brush","status":"publish","type":"product","link":"https:\/\/miamedic.lt\/en\/shop\/foundation-brush\/","title":{"rendered":"Foundation Brush"},"content":{"rendered":"<p data-start=\"5\" data-end=\"91\"><strong data-start=\"5\" data-end=\"91\">INIKA Organic Makia\u017eo Pagrindo \u0160epet\u0117lis \u2013 Profesionalus ir Tvarus Makia\u017eo \u012erankis<\/strong><\/p>\n<p data-start=\"93\" data-end=\"230\"><strong data-start=\"93\" data-end=\"115\">Trumpas apra\u0161ymas:<\/strong><br data-start=\"115\" data-end=\"118\" \/><span class=\"relative -mx-px my-[-0.2rem] rounded px-px py-[0.2rem] transition-colors duration-100 ease-in-out\">INIKA Organic makia\u017eo pagrindo \u0161epet\u0117lis \u2013 tai auk\u0161\u010diausios kokyb\u0117s vegani\u0161kas \u012frankis, skirtas skyst\u0173, kremini\u0173 ir milteli\u0173 pagrind\u0173 aplikacijai.<\/span> <span class=\"relative -mx-px my-[-0.2rem] rounded px-px py-[0.2rem] transition-colors duration-100 ease-in-out\">Jo tank\u016bs ir \u0161veln\u016bs \u0161ereliai u\u017etikrina tolyg\u0173 ir lengvai modifikuojam\u0105 padengim\u0105, padedant\u012f sukurti nepriekai\u0161ting\u0105 makia\u017eo baz\u0119.<\/span><\/p>\n<p data-start=\"232\" data-end=\"248\"><strong data-start=\"232\" data-end=\"246\">Paskirtis:<\/strong><\/p>\n<ul data-start=\"249\" data-end=\"415\">\n<li data-start=\"249\" data-end=\"290\">\n<p data-start=\"251\" data-end=\"290\"><span class=\"relative -mx-px my-[-0.2rem] rounded px-px py-[0.2rem] transition-colors duration-100 ease-in-out\">Skyst\u0173, kremini\u0173 ir milteli\u0173 makia\u017eo pagrind\u0173 aplikacija.<\/span><\/p>\n<\/li>\n<li data-start=\"291\" data-end=\"334\">\n<p data-start=\"293\" data-end=\"334\"><span class=\"relative -mx-px my-[-0.2rem] rounded px-px py-[0.2rem] transition-colors duration-100 ease-in-out\">Tiksliam ir tolygiam produkto paskirstymui ant veido.<\/span><\/p>\n<\/li>\n<li data-start=\"335\" data-end=\"415\">\n<p data-start=\"337\" data-end=\"415\"><span class=\"relative -mx-px my-[-0.2rem] rounded px-px py-[0.2rem] transition-colors duration-100 ease-in-out\">Skland\u017eiam ir profesionaliam makia\u017eo pagrindo \u012fd\u0117jimui.<\/span><\/p>\n<\/li>\n<\/ul>\n<p data-start=\"417\" data-end=\"436\"><strong data-start=\"417\" data-end=\"434\">Konstrukcija:<\/strong><\/p>\n<ul data-start=\"437\" data-end=\"605\">\n<li data-start=\"437\" data-end=\"480\">\n<p data-start=\"439\" data-end=\"480\"><span class=\"relative -mx-px my-[-0.2rem] rounded px-px py-[0.2rem] transition-colors duration-100 ease-in-out\">Vidutinio dyd\u017eio plok\u0161\u010dia galvut\u0117, skirta produktui laikyti ir tolygiai paskirstyti.<\/span><\/p>\n<\/li>\n<li data-start=\"481\" data-end=\"524\">\n<p data-start=\"483\" data-end=\"524\"><span class=\"relative -mx-px my-[-0.2rem] rounded px-px py-[0.2rem] transition-colors duration-100 ease-in-out\">Tank\u016bs, auk\u0161tos kokyb\u0117s vegani\u0161ki \u0161ereliai.<\/span><\/p>\n<\/li>\n<li data-start=\"525\" data-end=\"605\">\n<p data-start=\"527\" data-end=\"605\"><span class=\"relative -mx-px my-[-0.2rem] rounded px-px py-[0.2rem] transition-colors duration-100 ease-in-out\">Rankena pagaminta i\u0161 perdirbto PLA bioplastiko, gauto i\u0161 kukur\u016bz\u0173 ir manioko.<\/span><\/p>\n<\/li>\n<\/ul>\n<p data-start=\"607\" data-end=\"624\"><strong data-start=\"607\" data-end=\"622\">Naudojimas:<\/strong><\/p>\n<ol data-start=\"625\" data-end=\"796\">\n<li data-start=\"625\" data-end=\"669\">\n<p data-start=\"628\" data-end=\"669\"><span class=\"relative -mx-px my-[-0.2rem] rounded px-px py-[0.2rem] transition-colors duration-100 ease-in-out\">Ant rankos u\u017ela\u0161inkite nedidel\u012f kiek\u012f makia\u017eo pagrindo.<\/span><\/p>\n<\/li>\n<li data-start=\"670\" data-end=\"714\">\n<p data-start=\"673\" data-end=\"714\"><span class=\"relative -mx-px my-[-0.2rem] rounded px-px py-[0.2rem] transition-colors duration-100 ease-in-out\">\u0160epet\u0117l\u012f \u0161velniai pasemkite produkt\u0105.<\/span><\/p>\n<\/li>\n<li data-start=\"715\" data-end=\"796\">\n<p data-start=\"718\" data-end=\"796\"><span class=\"relative -mx-px my-[-0.2rem] rounded px-px py-[0.2rem] transition-colors duration-100 ease-in-out\">Naudodami sukamaisiais judesiais, paskirstykite produkt\u0105 ant veido, kol pasieksite norim\u0105 dengimo lyg\u012f.<\/span><\/p>\n<\/li>\n<\/ol>\n<p data-start=\"798\" data-end=\"814\"><strong data-start=\"798\" data-end=\"812\">Prie\u017ei\u016bra:<\/strong><\/p>\n<ul data-start=\"815\" data-end=\"939\">\n<li data-start=\"815\" data-end=\"858\">\n<p data-start=\"817\" data-end=\"858\"><span class=\"relative -mx-px my-[-0.2rem] rounded px-px py-[0.2rem] transition-colors duration-100 ease-in-out\">Valykite \u0161epet\u0117l\u012f \u0161velniu \u0161amp\u016bnu ar specialiu \u0161epet\u0117li\u0173 valikliu.<\/span><\/p>\n<\/li>\n<li data-start=\"859\" data-end=\"939\">\n<p data-start=\"861\" data-end=\"939\"><span class=\"relative -mx-px my-[-0.2rem] rounded px-px py-[0.2rem] transition-colors duration-100 ease-in-out\">D\u017eiovinkite \u0161epet\u0117l\u012f guls\u010diai, kad i\u0161laikytum\u0117te jo form\u0105.<\/span><\/p>\n<\/li>\n<\/ul>\n","protected":false},"excerpt":{"rendered":"<p>Profesionalus ir tvarus makia\u017eo \u012frankis<\/p>","protected":false},"featured_media":10673,"comment_status":"open","ping_status":"closed","template":"","meta":[],"product_cat":[373],"product_tag":[],"class_list":{"0":"post-10672","1":"product","2":"type-product","3":"status-publish","4":"has-post-thumbnail","6":"product_cat-sepeteliai","7":"pa_brands-inika","9":"first","10":"instock","11":"taxable","12":"shipping-taxable","13":"purchasable","14":"product-type-simple"},"_links":{"self":[{"href":"https:\/\/miamedic.lt\/en\/wp-json\/wp\/v2\/product\/10672","targetHints":{"allow":["GET"]}}],"collection":[{"href":"https:\/\/miamedic.lt\/en\/wp-json\/wp\/v2\/product"}],"about":[{"href":"https:\/\/miamedic.lt\/en\/wp-json\/wp\/v2\/types\/product"}],"replies":[{"embeddable":true,"href":"https:\/\/miamedic.lt\/en\/wp-json\/wp\/v2\/comments?post=10672"}],"version-history":[{"count":2,"href":"https:\/\/miamedic.lt\/en\/wp-json\/wp\/v2\/product\/10672\/revisions"}],"predecessor-version":[{"id":12345,"href":"https:\/\/miamedic.lt\/en\/wp-json\/wp\/v2\/product\/10672\/revisions\/12345"}],"wp:featuredmedia":[{"embeddable":true,"href":"https:\/\/miamedic.lt\/en\/wp-json\/wp\/v2\/media\/10673"}],"wp:attachment":[{"href":"https:\/\/miamedic.lt\/en\/wp-json\/wp\/v2\/media?parent=10672"}],"wp:term":[{"taxonomy":"product_cat","embeddable":true,"href":"https:\/\/miamedic.lt\/en\/wp-json\/wp\/v2\/product_cat?post=10672"},{"taxonomy":"product_tag","embeddable":true,"href":"https:\/\/miamedic.lt\/en\/wp-json\/wp\/v2\/product_tag?post=10672"}],"curies":[{"name":"wp","href":"https:\/\/api.w.org\/{rel}","templated":true}]}}