{"id":10666,"date":"2025-07-18T08:38:13","date_gmt":"2025-07-18T08:38:13","guid":{"rendered":"https:\/\/miamedic.lt\/?post_type=product&#038;p=10666"},"modified":"2025-12-01T00:28:53","modified_gmt":"2025-12-01T00:28:53","slug":"brow-brush","status":"publish","type":"product","link":"https:\/\/miamedic.lt\/en\/shop\/brow-brush\/","title":{"rendered":"Brow Brush"},"content":{"rendered":"<p data-start=\"40\" data-end=\"117\"><strong data-start=\"40\" data-end=\"117\">INIKA Organic Brow Brush \u2013 profesionalus ir tvarus aki\u0173 antaki\u0173 \u0161epet\u0117lis<\/strong><\/p>\n<p data-start=\"119\" data-end=\"256\"><strong data-start=\"119\" data-end=\"141\">Trumpas apra\u0161ymas:<\/strong><br data-start=\"141\" data-end=\"144\" \/><span class=\"relative -mx-px my-[-0.2rem] rounded px-px py-[0.2rem] transition-colors duration-100 ease-in-out\">INIKA Organic Brow Brush \u2013 tai dvipusis, vegani\u0161kas ir ekologi\u0161kas \u0161epet\u0117lis, skirtas tiksliai formuoti ir puosel\u0117ti antakius.<\/span> <span class=\"relative -mx-px my-[-0.2rem] rounded px-px py-[0.2rem] transition-colors duration-100 ease-in-out\">Jis turi kampuot\u0105 galvut\u0119, idealiai tinkan\u010di\u0105 pie\u0161tukams ar pudroms, ir \u0161epet\u0117l\u012f (spoolie) \u0161velniam \u0161e\u0161\u0117lio sumink\u0161tinimui bei antaki\u0173 formavimui<\/span><\/p>\n<p data-start=\"258\" data-end=\"274\"><strong data-start=\"258\" data-end=\"272\">Paskirtis:<\/strong><\/p>\n<ul data-start=\"275\" data-end=\"441\">\n<li data-start=\"275\" data-end=\"316\">\n<p data-start=\"277\" data-end=\"316\"><span class=\"relative -mx-px my-[-0.2rem] rounded px-px py-[0.2rem] transition-colors duration-100 ease-in-out\">Tiksliai u\u017epildyti ir suformuoti antakius naudojant pie\u0161tukus ar pudras.<\/span><\/p>\n<\/li>\n<li data-start=\"317\" data-end=\"360\">\n<p data-start=\"319\" data-end=\"360\"><span class=\"relative -mx-px my-[-0.2rem] rounded px-px py-[0.2rem] transition-colors duration-100 ease-in-out\">Sumink\u0161tinti \u0161e\u0161\u0117lio linijas ir su\u0161velninti per\u0117jimus.<\/span><\/p>\n<\/li>\n<li data-start=\"361\" data-end=\"441\">\n<p data-start=\"363\" data-end=\"441\"><span class=\"relative -mx-px my-[-0.2rem] rounded px-px py-[0.2rem] transition-colors duration-100 ease-in-out\">Formuoti ir \u0161ukuoti antakius naudojant \u0161epet\u0117l\u012f (spoolie).<\/span><\/p>\n<\/li>\n<\/ul>\n<p data-start=\"443\" data-end=\"462\"><strong data-start=\"443\" data-end=\"460\">Konstrukcija:<\/strong><\/p>\n<ul data-start=\"463\" data-end=\"675\">\n<li data-start=\"463\" data-end=\"506\">\n<p data-start=\"465\" data-end=\"506\"><span class=\"relative -mx-px my-[-0.2rem] rounded px-px py-[0.2rem] transition-colors duration-100 ease-in-out\">Kampuota galvut\u0117, skirta tiksliai aplikacijai.<\/span><\/p>\n<\/li>\n<li data-start=\"507\" data-end=\"550\">\n<p data-start=\"509\" data-end=\"550\"><span class=\"relative -mx-px my-[-0.2rem] rounded px-px py-[0.2rem] transition-colors duration-100 ease-in-out\">\u0160epet\u0117lio (spoolie) galas antaki\u0173 formavimui ir \u0161ukavimui.<\/span><\/p>\n<\/li>\n<li data-start=\"551\" data-end=\"594\">\n<p data-start=\"553\" data-end=\"594\"><span class=\"relative -mx-px my-[-0.2rem] rounded px-px py-[0.2rem] transition-colors duration-100 ease-in-out\">Pagamintas i\u0161 auk\u0161tos kokyb\u0117s vegani\u0161k\u0173 \u0161ereli\u0173.<\/span><\/p>\n<\/li>\n<li data-start=\"595\" data-end=\"675\">\n<p data-start=\"597\" data-end=\"675\"><span class=\"relative -mx-px my-[-0.2rem] rounded px-px py-[0.2rem] transition-colors duration-100 ease-in-out\">Rankena i\u0161 perdirbto PLA bioplastiko, gauto i\u0161 kukur\u016bz\u0173 ir manioko.<\/span><\/p>\n<\/li>\n<\/ul>\n<p data-start=\"677\" data-end=\"694\"><strong data-start=\"677\" data-end=\"692\">Naudojimas:<\/strong><\/p>\n<ol data-start=\"695\" data-end=\"866\">\n<li data-start=\"695\" data-end=\"739\">\n<p data-start=\"698\" data-end=\"739\"><span class=\"relative -mx-px my-[-0.2rem] rounded px-px py-[0.2rem] transition-colors duration-100 ease-in-out\">\u0160velniai pasemkite norim\u0105 produkt\u0105 su kampuota galvute.<\/span><\/p>\n<\/li>\n<li data-start=\"740\" data-end=\"784\">\n<p data-start=\"743\" data-end=\"784\"><span class=\"relative -mx-px my-[-0.2rem] rounded px-px py-[0.2rem] transition-colors duration-100 ease-in-out\">Teptuku u\u017epildykite antaki\u0173 form\u0105 pagal nat\u016brali\u0105 linij\u0105.<\/span><\/p>\n<\/li>\n<li data-start=\"785\" data-end=\"866\">\n<p data-start=\"788\" data-end=\"866\"><span class=\"relative -mx-px my-[-0.2rem] rounded px-px py-[0.2rem] transition-colors duration-100 ease-in-out\">Naudokite \u0161epet\u0117l\u012f (spoolie) \u0161velniems per\u0117jimams ir antaki\u0173 formavimui.<\/span><\/p>\n<\/li>\n<\/ol>\n<p data-start=\"868\" data-end=\"884\"><strong data-start=\"868\" data-end=\"882\">Prie\u017ei\u016bra:<\/strong><\/p>\n<ul data-start=\"885\" data-end=\"1009\">\n<li data-start=\"885\" data-end=\"928\">\n<p data-start=\"887\" data-end=\"928\"><span class=\"relative -mx-px my-[-0.2rem] rounded px-px py-[0.2rem] transition-colors duration-100 ease-in-out\">Valykite \u0161epet\u0117l\u012f \u0161velniu \u0161amp\u016bnu ar specialiu \u0161epet\u0117li\u0173 valikliu.<\/span><\/p>\n<\/li>\n<li data-start=\"929\" data-end=\"1009\">\n<p data-start=\"931\" data-end=\"1009\"><span class=\"relative -mx-px my-[-0.2rem] rounded px-px py-[0.2rem] transition-colors duration-100 ease-in-out\">D\u017eiovinkite \u0161epet\u0117l\u012f guls\u010diai, kad i\u0161laikytum\u0117te jo form\u0105.<\/span><\/p>\n<\/li>\n<\/ul>\n","protected":false},"excerpt":{"rendered":"<p>Profesionalus ir tvarus aki\u0173 antaki\u0173 \u0161epet\u0117lis<\/p>","protected":false},"featured_media":10667,"comment_status":"open","ping_status":"closed","template":"","meta":[],"product_cat":[373],"product_tag":[],"class_list":{"0":"post-10666","1":"product","2":"type-product","3":"status-publish","4":"has-post-thumbnail","6":"product_cat-sepeteliai","7":"pa_brands-inika","9":"first","10":"instock","11":"taxable","12":"shipping-taxable","13":"purchasable","14":"product-type-simple"},"_links":{"self":[{"href":"https:\/\/miamedic.lt\/en\/wp-json\/wp\/v2\/product\/10666","targetHints":{"allow":["GET"]}}],"collection":[{"href":"https:\/\/miamedic.lt\/en\/wp-json\/wp\/v2\/product"}],"about":[{"href":"https:\/\/miamedic.lt\/en\/wp-json\/wp\/v2\/types\/product"}],"replies":[{"embeddable":true,"href":"https:\/\/miamedic.lt\/en\/wp-json\/wp\/v2\/comments?post=10666"}],"version-history":[{"count":3,"href":"https:\/\/miamedic.lt\/en\/wp-json\/wp\/v2\/product\/10666\/revisions"}],"predecessor-version":[{"id":12348,"href":"https:\/\/miamedic.lt\/en\/wp-json\/wp\/v2\/product\/10666\/revisions\/12348"}],"wp:featuredmedia":[{"embeddable":true,"href":"https:\/\/miamedic.lt\/en\/wp-json\/wp\/v2\/media\/10667"}],"wp:attachment":[{"href":"https:\/\/miamedic.lt\/en\/wp-json\/wp\/v2\/media?parent=10666"}],"wp:term":[{"taxonomy":"product_cat","embeddable":true,"href":"https:\/\/miamedic.lt\/en\/wp-json\/wp\/v2\/product_cat?post=10666"},{"taxonomy":"product_tag","embeddable":true,"href":"https:\/\/miamedic.lt\/en\/wp-json\/wp\/v2\/product_tag?post=10666"}],"curies":[{"name":"wp","href":"https:\/\/api.w.org\/{rel}","templated":true}]}}