{"id":10663,"date":"2025-07-18T08:34:00","date_gmt":"2025-07-18T08:34:00","guid":{"rendered":"https:\/\/miamedic.lt\/?post_type=product&#038;p=10663"},"modified":"2025-12-01T00:28:54","modified_gmt":"2025-12-01T00:28:54","slug":"blending-brush","status":"publish","type":"product","link":"https:\/\/miamedic.lt\/en\/shop\/blending-brush\/","title":{"rendered":"Blending Brush"},"content":{"rendered":"<p data-start=\"45\" data-end=\"128\"><strong data-start=\"45\" data-end=\"128\">INIKA Organic Blending Brush \u2013 profesionalus aki\u0173 \u0161e\u0161\u0117li\u0173 i\u0161sklaidymo \u0161epet\u0117lis<\/strong><\/p>\n<p data-start=\"130\" data-end=\"267\"><strong data-start=\"130\" data-end=\"152\">Trumpas apra\u0161ymas:<\/strong><br data-start=\"152\" data-end=\"155\" \/><span class=\"relative -mx-px my-[-0.2rem] rounded px-px py-[0.2rem] transition-colors duration-100 ease-in-out\">INIKA Organic Blending Brush \u2013 tai profesionalus, vegani\u0161kas \u0161epet\u0117lis, skirtas aki\u0173 \u0161e\u0161\u0117liams, pie\u0161tukams ir korektoriams sumink\u0161tinti bei i\u0161sklaidyti.<\/span> <span class=\"relative -mx-px my-[-0.2rem] rounded px-px py-[0.2rem] transition-colors duration-100 ease-in-out\">Jo ilga, \u0161velni ir suplota galvut\u0117 leid\u017eia sukurti skland\u017eius per\u0117jimus ir daugiama\u010dius aki\u0173 makia\u017eo efektus.<\/span><\/p>\n<p data-start=\"269\" data-end=\"285\"><strong data-start=\"269\" data-end=\"283\">Paskirtis:<\/strong><\/p>\n<ul data-start=\"286\" data-end=\"452\">\n<li data-start=\"286\" data-end=\"327\">\n<p data-start=\"288\" data-end=\"327\"><span class=\"relative -mx-px my-[-0.2rem] rounded px-px py-[0.2rem] transition-colors duration-100 ease-in-out\">Aki\u0173 \u0161e\u0161\u0117li\u0173 sumink\u0161tinimui ir pereinam\u0173j\u0173 linij\u0173 su\u0161velninimui.<\/span><\/p>\n<\/li>\n<li data-start=\"328\" data-end=\"371\">\n<p data-start=\"330\" data-end=\"371\"><span class=\"relative -mx-px my-[-0.2rem] rounded px-px py-[0.2rem] transition-colors duration-100 ease-in-out\">Aki\u0173 pie\u0161tuk\u0173 ir korektori\u0173 i\u0161sklaidymui.<\/span><\/p>\n<\/li>\n<li data-start=\"372\" data-end=\"452\">\n<p data-start=\"374\" data-end=\"452\"><span class=\"relative -mx-px my-[-0.2rem] rounded px-px py-[0.2rem] transition-colors duration-100 ease-in-out\">Tiksliam ir profesionaliam aki\u0173 makia\u017eo atlikimui.<\/span><\/p>\n<\/li>\n<\/ul>\n<p data-start=\"454\" data-end=\"473\"><strong data-start=\"454\" data-end=\"471\">Konstrukcija:<\/strong><\/p>\n<ul data-start=\"474\" data-end=\"642\">\n<li data-start=\"474\" data-end=\"517\">\n<p data-start=\"476\" data-end=\"517\"><span class=\"relative -mx-px my-[-0.2rem] rounded px-px py-[0.2rem] transition-colors duration-100 ease-in-out\">Pagamintas i\u0161 auk\u0161tos kokyb\u0117s vegani\u0161k\u0173 \u0161ereli\u0173.<\/span><\/p>\n<\/li>\n<li data-start=\"518\" data-end=\"561\">\n<p data-start=\"520\" data-end=\"561\"><span class=\"relative -mx-px my-[-0.2rem] rounded px-px py-[0.2rem] transition-colors duration-100 ease-in-out\">Rankena sukurta i\u0161 perdirbto PLA bioplastiko, gauto i\u0161 kukur\u016bz\u0173 ir manioko.<\/span><\/p>\n<\/li>\n<li data-start=\"562\" data-end=\"642\">\n<p data-start=\"564\" data-end=\"642\"><span class=\"relative -mx-px my-[-0.2rem] rounded px-px py-[0.2rem] transition-colors duration-100 ease-in-out\">\u0160velni ir suplota galvut\u0117 u\u017etikrina tolyg\u0173 ir tiksl\u0173 produkt\u0173 paskirstym\u0105.<\/span><\/p>\n<\/li>\n<\/ul>\n<p data-start=\"644\" data-end=\"661\"><strong data-start=\"644\" data-end=\"659\">Naudojimas:<\/strong><\/p>\n<ol data-start=\"662\" data-end=\"833\">\n<li data-start=\"662\" data-end=\"706\">\n<p data-start=\"665\" data-end=\"706\"><span class=\"relative -mx-px my-[-0.2rem] rounded px-px py-[0.2rem] transition-colors duration-100 ease-in-out\">\u0160velniai pasemkite norim\u0105 aki\u0173 \u0161e\u0161\u0117l\u012f ar kit\u0105 produkt\u0105.<\/span><\/p>\n<\/li>\n<li data-start=\"707\" data-end=\"751\">\n<p data-start=\"710\" data-end=\"751\"><span class=\"relative -mx-px my-[-0.2rem] rounded px-px py-[0.2rem] transition-colors duration-100 ease-in-out\">Teptuku dengti \u0161e\u0161\u0117l\u012f ant aki\u0173 voko, naudojant \u0161velnius judesius.<\/span><\/p>\n<\/li>\n<li data-start=\"752\" data-end=\"833\">\n<p data-start=\"755\" data-end=\"833\"><span class=\"relative -mx-px my-[-0.2rem] rounded px-px py-[0.2rem] transition-colors duration-100 ease-in-out\">Naudokite \u0161epet\u0117l\u012f pereinamosioms linijoms su\u0161velninti ir sukurti skland\u0173 per\u0117jim\u0105 tarp skirting\u0173 spalv\u0173.<\/span><\/p>\n<\/li>\n<\/ol>\n<p data-start=\"835\" data-end=\"851\"><strong data-start=\"835\" data-end=\"849\">Prie\u017ei\u016bra:<\/strong><\/p>\n<ul data-start=\"852\" data-end=\"976\">\n<li data-start=\"852\" data-end=\"895\">\n<p data-start=\"854\" data-end=\"895\"><span class=\"relative -mx-px my-[-0.2rem] rounded px-px py-[0.2rem] transition-colors duration-100 ease-in-out\">Valykite \u0161epet\u0117l\u012f \u0161velniu \u0161amp\u016bnu ar specialiu \u0161epet\u0117li\u0173 valikliu.<\/span><\/p>\n<\/li>\n<li data-start=\"896\" data-end=\"976\">\n<p data-start=\"898\" data-end=\"976\"><span class=\"relative -mx-px my-[-0.2rem] rounded px-px py-[0.2rem] transition-colors duration-100 ease-in-out\">D\u017eiovinkite \u0161epet\u0117l\u012f guls\u010diai, kad i\u0161laikytum\u0117te jo form\u0105.<\/span><\/p>\n<\/li>\n<\/ul>\n","protected":false},"excerpt":{"rendered":"<p>Profesionalus aki\u0173 \u0161e\u0161\u0117li\u0173 i\u0161sklaidymo \u0161epet\u0117lis<\/p>","protected":false},"featured_media":10664,"comment_status":"open","ping_status":"closed","template":"","meta":[],"product_cat":[373],"product_tag":[],"class_list":{"0":"post-10663","1":"product","2":"type-product","3":"status-publish","4":"has-post-thumbnail","6":"product_cat-sepeteliai","7":"pa_brands-inika","9":"first","10":"instock","11":"taxable","12":"shipping-taxable","13":"purchasable","14":"product-type-simple"},"_links":{"self":[{"href":"https:\/\/miamedic.lt\/en\/wp-json\/wp\/v2\/product\/10663","targetHints":{"allow":["GET"]}}],"collection":[{"href":"https:\/\/miamedic.lt\/en\/wp-json\/wp\/v2\/product"}],"about":[{"href":"https:\/\/miamedic.lt\/en\/wp-json\/wp\/v2\/types\/product"}],"replies":[{"embeddable":true,"href":"https:\/\/miamedic.lt\/en\/wp-json\/wp\/v2\/comments?post=10663"}],"version-history":[{"count":2,"href":"https:\/\/miamedic.lt\/en\/wp-json\/wp\/v2\/product\/10663\/revisions"}],"predecessor-version":[{"id":12349,"href":"https:\/\/miamedic.lt\/en\/wp-json\/wp\/v2\/product\/10663\/revisions\/12349"}],"wp:featuredmedia":[{"embeddable":true,"href":"https:\/\/miamedic.lt\/en\/wp-json\/wp\/v2\/media\/10664"}],"wp:attachment":[{"href":"https:\/\/miamedic.lt\/en\/wp-json\/wp\/v2\/media?parent=10663"}],"wp:term":[{"taxonomy":"product_cat","embeddable":true,"href":"https:\/\/miamedic.lt\/en\/wp-json\/wp\/v2\/product_cat?post=10663"},{"taxonomy":"product_tag","embeddable":true,"href":"https:\/\/miamedic.lt\/en\/wp-json\/wp\/v2\/product_tag?post=10663"}],"curies":[{"name":"wp","href":"https:\/\/api.w.org\/{rel}","templated":true}]}}