{"id":10660,"date":"2025-07-18T08:31:25","date_gmt":"2025-07-18T08:31:25","guid":{"rendered":"https:\/\/miamedic.lt\/?post_type=product&#038;p=10660"},"modified":"2025-12-01T00:28:54","modified_gmt":"2025-12-01T00:28:54","slug":"shadow-brush","status":"publish","type":"product","link":"https:\/\/miamedic.lt\/en\/shop\/shadow-brush\/","title":{"rendered":"Shadow Brush"},"content":{"rendered":"<p data-start=\"45\" data-end=\"132\"><strong data-start=\"45\" data-end=\"132\">INIKA Organic \u0160epet\u0117lis aki\u0173 \u0161e\u0161\u0117liams \u2013 universalus ir tvarus aki\u0173 makia\u017eo \u012frankis<\/strong><\/p>\n<p data-start=\"134\" data-end=\"311\"><strong data-start=\"134\" data-end=\"156\">Trumpas apra\u0161ymas:<\/strong><br data-start=\"156\" data-end=\"159\" \/><span class=\"relative -mx-px my-[-0.2rem] rounded px-px py-[0.2rem] transition-colors duration-100 ease-in-out\">Vidutinio dyd\u017eio kupolo formos \u0161epet\u0117lis, skirtas aki\u0173 vokams.<\/span> <span class=\"relative -mx-px my-[-0.2rem] rounded px-px py-[0.2rem] transition-colors duration-100 ease-in-out\">Puikiai tinka tiek kremini\u0173, tiek mineralini\u0173 aki\u0173 \u0161e\u0161\u0117li\u0173 dengimui ir sumink\u0161tinimui.<\/span> <span class=\"relative -mx-px my-[-0.2rem] rounded px-px py-[0.2rem] transition-colors duration-100 ease-in-out\">Universalus ir daugiafunkcinis \u012frankis, padedantis sukurti \u012fvairius aki\u0173 makia\u017eo stilius.<\/span><\/p>\n<p data-start=\"313\" data-end=\"329\"><strong data-start=\"313\" data-end=\"327\">Paskirtis:<\/strong><\/p>\n<ul data-start=\"330\" data-end=\"498\">\n<li data-start=\"330\" data-end=\"373\">\n<p data-start=\"332\" data-end=\"373\"><span class=\"relative -mx-px my-[-0.2rem] rounded px-px py-[0.2rem] transition-colors duration-100 ease-in-out\">Kremini\u0173 aki\u0173 \u0161e\u0161\u0117li\u0173 dengimui ir sumink\u0161tinimui.<\/span><\/p>\n<\/li>\n<li data-start=\"374\" data-end=\"417\">\n<p data-start=\"376\" data-end=\"417\"><span class=\"relative -mx-px my-[-0.2rem] rounded px-px py-[0.2rem] transition-colors duration-100 ease-in-out\">Mineralini\u0173 aki\u0173 \u0161e\u0161\u0117li\u0173 paskirstymui ir sumink\u0161tinimui.<\/span><\/p>\n<\/li>\n<li data-start=\"418\" data-end=\"498\">\n<p data-start=\"420\" data-end=\"498\"><span class=\"relative -mx-px my-[-0.2rem] rounded px-px py-[0.2rem] transition-colors duration-100 ease-in-out\">Universalus aki\u0173 makia\u017eo \u012frankis \u012fvairiems stiliams kurti.<\/span><\/p>\n<\/li>\n<\/ul>\n<p data-start=\"500\" data-end=\"519\"><strong data-start=\"500\" data-end=\"517\">Konstrukcija:<\/strong><\/p>\n<ul data-start=\"520\" data-end=\"688\">\n<li data-start=\"520\" data-end=\"563\">\n<p data-start=\"522\" data-end=\"563\"><span class=\"relative -mx-px my-[-0.2rem] rounded px-px py-[0.2rem] transition-colors duration-100 ease-in-out\">Vidutinio dyd\u017eio kupolo formos \u0161ereliai.<\/span><\/p>\n<\/li>\n<li data-start=\"564\" data-end=\"607\">\n<p data-start=\"566\" data-end=\"607\"><span class=\"relative -mx-px my-[-0.2rem] rounded px-px py-[0.2rem] transition-colors duration-100 ease-in-out\">Tinka tiek kreminei, tiek mineralinei tekst\u016brai.<\/span><\/p>\n<\/li>\n<li data-start=\"608\" data-end=\"688\">\n<p data-start=\"610\" data-end=\"688\"><span class=\"relative -mx-px my-[-0.2rem] rounded px-px py-[0.2rem] transition-colors duration-100 ease-in-out\">Universalus ir daugiafunkcinis dizainas.<\/span><\/p>\n<\/li>\n<\/ul>\n<p data-start=\"690\" data-end=\"707\"><strong data-start=\"690\" data-end=\"705\">Naudojimas:<\/strong><\/p>\n<ol data-start=\"708\" data-end=\"879\">\n<li data-start=\"708\" data-end=\"752\">\n<p data-start=\"711\" data-end=\"752\"><span class=\"relative -mx-px my-[-0.2rem] rounded px-px py-[0.2rem] transition-colors duration-100 ease-in-out\">\u0160velniai pasemkite norim\u0105 aki\u0173 \u0161e\u0161\u0117l\u012f.<\/span><\/p>\n<\/li>\n<li data-start=\"753\" data-end=\"797\">\n<p data-start=\"756\" data-end=\"797\"><span class=\"relative -mx-px my-[-0.2rem] rounded px-px py-[0.2rem] transition-colors duration-100 ease-in-out\">Teptuku dengti \u0161e\u0161\u0117l\u012f ant aki\u0173 voko pagal norim\u0105 stili\u0173.<\/span><\/p>\n<\/li>\n<li data-start=\"798\" data-end=\"879\">\n<p data-start=\"801\" data-end=\"879\"><span class=\"relative -mx-px my-[-0.2rem] rounded px-px py-[0.2rem] transition-colors duration-100 ease-in-out\">Naudokite \u0161epet\u0117l\u012f \u0161e\u0161\u0117lio sumink\u0161tinimui ir pereinam\u0173j\u0173 linij\u0173 su\u0161velninimui.<\/span><\/p>\n<\/li>\n<\/ol>\n<p data-start=\"881\" data-end=\"897\"><strong data-start=\"881\" data-end=\"895\">Prie\u017ei\u016bra:<\/strong><\/p>\n<ul data-start=\"898\" data-end=\"1022\">\n<li data-start=\"898\" data-end=\"941\">\n<p data-start=\"900\" data-end=\"941\"><span class=\"relative -mx-px my-[-0.2rem] rounded px-px py-[0.2rem] transition-colors duration-100 ease-in-out\">Valykite \u0161epet\u0117l\u012f \u0161velniu \u0161amp\u016bnu kas m\u0117nes\u012f.<\/span><\/p>\n<\/li>\n<li data-start=\"942\" data-end=\"1022\">\n<p data-start=\"944\" data-end=\"1022\"><span class=\"relative -mx-px my-[-0.2rem] rounded px-px py-[0.2rem] transition-colors duration-100 ease-in-out\">D\u017eiovinkite \u0161epet\u0117l\u012f guls\u010diai, kad i\u0161laikytum\u0117te jo form\u0105.<\/span><\/p>\n<\/li>\n<\/ul>\n","protected":false},"excerpt":{"rendered":"<p>Universalus ir tvarus aki\u0173 makia\u017eo \u012frankis<\/p>","protected":false},"featured_media":10661,"comment_status":"open","ping_status":"closed","template":"","meta":[],"product_cat":[373],"product_tag":[],"class_list":{"0":"post-10660","1":"product","2":"type-product","3":"status-publish","4":"has-post-thumbnail","6":"product_cat-sepeteliai","7":"pa_brands-inika","9":"first","10":"instock","11":"taxable","12":"shipping-taxable","13":"purchasable","14":"product-type-simple"},"_links":{"self":[{"href":"https:\/\/miamedic.lt\/en\/wp-json\/wp\/v2\/product\/10660","targetHints":{"allow":["GET"]}}],"collection":[{"href":"https:\/\/miamedic.lt\/en\/wp-json\/wp\/v2\/product"}],"about":[{"href":"https:\/\/miamedic.lt\/en\/wp-json\/wp\/v2\/types\/product"}],"replies":[{"embeddable":true,"href":"https:\/\/miamedic.lt\/en\/wp-json\/wp\/v2\/comments?post=10660"}],"version-history":[{"count":2,"href":"https:\/\/miamedic.lt\/en\/wp-json\/wp\/v2\/product\/10660\/revisions"}],"predecessor-version":[{"id":12350,"href":"https:\/\/miamedic.lt\/en\/wp-json\/wp\/v2\/product\/10660\/revisions\/12350"}],"wp:featuredmedia":[{"embeddable":true,"href":"https:\/\/miamedic.lt\/en\/wp-json\/wp\/v2\/media\/10661"}],"wp:attachment":[{"href":"https:\/\/miamedic.lt\/en\/wp-json\/wp\/v2\/media?parent=10660"}],"wp:term":[{"taxonomy":"product_cat","embeddable":true,"href":"https:\/\/miamedic.lt\/en\/wp-json\/wp\/v2\/product_cat?post=10660"},{"taxonomy":"product_tag","embeddable":true,"href":"https:\/\/miamedic.lt\/en\/wp-json\/wp\/v2\/product_tag?post=10660"}],"curies":[{"name":"wp","href":"https:\/\/api.w.org\/{rel}","templated":true}]}}