{"id":10647,"date":"2025-07-18T08:18:06","date_gmt":"2025-07-18T08:18:06","guid":{"rendered":"https:\/\/miamedic.lt\/?post_type=product&#038;p=10647"},"modified":"2025-12-01T00:28:55","modified_gmt":"2025-12-01T00:28:55","slug":"setting-brush","status":"publish","type":"product","link":"https:\/\/miamedic.lt\/en\/shop\/setting-brush\/","title":{"rendered":"Setting Brush"},"content":{"rendered":"<p data-start=\"42\" data-end=\"163\"><strong data-start=\"42\" data-end=\"163\">INIKA Setting Brush \u2013 ma\u017eas, tankus ir ultra mink\u0161tas makia\u017eo \u0161epetys fiksavimui, kont\u016bravimui ir \u0161vyt\u0117jimui<\/strong><\/p>\n<p data-start=\"165\" data-end=\"265\"><strong data-start=\"165\" data-end=\"187\">Trumpas apra\u0161ymas:<\/strong><br data-start=\"187\" data-end=\"190\" \/><span class=\"relative -mx-px my-[-0.2rem] rounded px-px py-[0.2rem] transition-colors duration-100 ease-in-out\">Profesionalus, vegani\u0161kas \u0161epetys su tankiais, ypa\u010d mink\u0161tais \u0161ereliais \u2013 idealiai tinka pudr\u0173, skaistal\u0173 ar bronzanto tiksliai fiksacijai ant veido. Kompakti\u0161kas dydis suteikia galimyb\u0119 tiksliai dirbti jautriose vietose, pvz. aplink akis ar nosies \u0161onuose.<\/span><\/p>\n<p data-start=\"267\" data-end=\"283\"><strong data-start=\"267\" data-end=\"281\">Paskirtis:<\/strong><\/p>\n<ul data-start=\"284\" data-end=\"445\">\n<li data-start=\"284\" data-end=\"325\">\n<p data-start=\"286\" data-end=\"325\"><span class=\"relative -mx-px my-[-0.2rem] rounded px-px py-[0.2rem] transition-colors duration-100 ease-in-out\">Puikiai tinka milteli\u0173 fiksavimui po makia\u017eu<\/span><\/p>\n<\/li>\n<li data-start=\"326\" data-end=\"367\">\n<p data-start=\"328\" data-end=\"367\"><span class=\"relative -mx-px my-[-0.2rem] rounded px-px py-[0.2rem] transition-colors duration-100 ease-in-out\">Pageidautinas priemoni\u0173 (highlighteri\u0173, kont\u016br\u0173) kra\u0161tiniam i\u0161plakimui<\/span><\/p>\n<\/li>\n<li data-start=\"368\" data-end=\"445\">\n<p data-start=\"370\" data-end=\"445\"><span class=\"relative -mx-px my-[-0.2rem] rounded px-px py-[0.2rem] transition-colors duration-100 ease-in-out\">Tinka darbas tiek su retomis, tiek su biriais produktais<\/span><\/p>\n<\/li>\n<\/ul>\n<p data-start=\"447\" data-end=\"466\"><strong data-start=\"447\" data-end=\"464\">Konstrukcija:<\/strong><\/p>\n<ul data-start=\"467\" data-end=\"626\">\n<li data-start=\"467\" data-end=\"546\">\n<p data-start=\"469\" data-end=\"546\"><span class=\"relative -mx-px my-[-0.2rem] rounded px-px py-[0.2rem] transition-colors duration-100 ease-in-out\">\u0160ereliai i\u0161 auk\u0161tos kokyb\u0117s vegani\u0161kos, perdirbtos med\u017eiagos \u2013 mink\u0161ta tekst\u016bra, nekenkia odai<\/span><\/p>\n<\/li>\n<li data-start=\"547\" data-end=\"626\">\n<p data-start=\"549\" data-end=\"626\"><span class=\"relative -mx-px my-[-0.2rem] rounded px-px py-[0.2rem] transition-colors duration-100 ease-in-out\">Ranken\u0117l\u0117 pagaminta i\u0161 biologi\u0161kai skaidomo PLA (i\u0161 kukur\u016bz\u0173 ir manioko), tvari ir draugi\u0161ka aplinkai<\/span><\/p>\n<\/li>\n<\/ul>\n<p data-start=\"628\" data-end=\"645\"><strong data-start=\"628\" data-end=\"643\">Naudojimas:<\/strong><\/p>\n<ol data-start=\"646\" data-end=\"863\">\n<li data-start=\"646\" data-end=\"690\">\n<p data-start=\"649\" data-end=\"690\"><span class=\"relative -mx-px my-[-0.2rem] rounded px-px py-[0.2rem] transition-colors duration-100 ease-in-out\">\u0160velniai pamirkykite \u0161epet\u0117l\u012f \u012f pudr\u0105 ar min\u0117t\u0105 produkt\u0105.<\/span><\/p>\n<\/li>\n<li data-start=\"691\" data-end=\"735\">\n<p data-start=\"694\" data-end=\"735\"><span class=\"relative -mx-px my-[-0.2rem] rounded px-px py-[0.2rem] transition-colors duration-100 ease-in-out\">\u0160viesiai \u201etap\u201c technika paskleiskite tose vietose, kur reikia fiksuoti \u2013 aplink akis, po akimis, nosies \u0161onuose.<\/span><\/p>\n<\/li>\n<li data-start=\"736\" data-end=\"780\">\n<p data-start=\"739\" data-end=\"780\"><span class=\"relative -mx-px my-[-0.2rem] rounded px-px py-[0.2rem] transition-colors duration-100 ease-in-out\">Tolygiai \u201ebuff\u201c \u2013 sukamaisiais judesiais, kol produktas sulietas ir padengiamas be linij\u0173.<\/span><\/p>\n<\/li>\n<li data-start=\"781\" data-end=\"863\">\n<p data-start=\"784\" data-end=\"863\"><span class=\"relative -mx-px my-[-0.2rem] rounded px-px py-[0.2rem] transition-colors duration-100 ease-in-out\">\u0160epet\u012f plaukite 1\u20132 kartus per m\u0117nes\u012f \u0161velniu \u0161amp\u016bnu, palikdami d\u017ei\u016bti guls\u010diai.<\/span><\/p>\n<\/li>\n<\/ol>\n<p data-start=\"865\" data-end=\"891\"><strong data-start=\"865\" data-end=\"889\">Atsargumo priemon\u0117s:<\/strong><\/p>\n<ul data-start=\"892\" data-end=\"1021\">\n<li data-start=\"892\" data-end=\"935\">\n<p data-start=\"894\" data-end=\"935\"><span class=\"relative -mx-px my-[-0.2rem] rounded px-px py-[0.2rem] transition-colors duration-100 ease-in-out\">Tik i\u0161oriniam naudojimui<\/span><\/p>\n<\/li>\n<li data-start=\"936\" data-end=\"979\">\n<p data-start=\"938\" data-end=\"979\"><span class=\"relative -mx-px my-[-0.2rem] rounded px-px py-[0.2rem] transition-colors duration-100 ease-in-out\">Laikyti sausoje vietoje, sandariame, atokiau nuo vaik\u0173 ir kar\u0161\u010dio (&lt;30\u202f\u00b0C)<\/span><\/p>\n<\/li>\n<li data-start=\"980\" data-end=\"1021\">\n<p data-start=\"982\" data-end=\"1021\"><span class=\"relative -mx-px my-[-0.2rem] rounded px-px py-[0.2rem] transition-colors duration-100 ease-in-out\">Venkite veikimo auk\u0161toje temperat\u016broje<\/span><\/p>\n<\/li>\n<\/ul>\n","protected":false},"excerpt":{"rendered":"<p>Ma\u017eas, tankus ir ultra mink\u0161tas makia\u017eo \u0161epetys fiksavimui, kont\u016bravimui ir \u0161vyt\u0117jimui<\/p>","protected":false},"featured_media":10649,"comment_status":"open","ping_status":"closed","template":"","meta":[],"product_cat":[373],"product_tag":[],"class_list":{"0":"post-10647","1":"product","2":"type-product","3":"status-publish","4":"has-post-thumbnail","6":"product_cat-sepeteliai","7":"pa_brands-inika","9":"first","10":"instock","11":"taxable","12":"shipping-taxable","13":"purchasable","14":"product-type-simple"},"_links":{"self":[{"href":"https:\/\/miamedic.lt\/en\/wp-json\/wp\/v2\/product\/10647","targetHints":{"allow":["GET"]}}],"collection":[{"href":"https:\/\/miamedic.lt\/en\/wp-json\/wp\/v2\/product"}],"about":[{"href":"https:\/\/miamedic.lt\/en\/wp-json\/wp\/v2\/types\/product"}],"replies":[{"embeddable":true,"href":"https:\/\/miamedic.lt\/en\/wp-json\/wp\/v2\/comments?post=10647"}],"version-history":[{"count":2,"href":"https:\/\/miamedic.lt\/en\/wp-json\/wp\/v2\/product\/10647\/revisions"}],"predecessor-version":[{"id":12353,"href":"https:\/\/miamedic.lt\/en\/wp-json\/wp\/v2\/product\/10647\/revisions\/12353"}],"wp:featuredmedia":[{"embeddable":true,"href":"https:\/\/miamedic.lt\/en\/wp-json\/wp\/v2\/media\/10649"}],"wp:attachment":[{"href":"https:\/\/miamedic.lt\/en\/wp-json\/wp\/v2\/media?parent=10647"}],"wp:term":[{"taxonomy":"product_cat","embeddable":true,"href":"https:\/\/miamedic.lt\/en\/wp-json\/wp\/v2\/product_cat?post=10647"},{"taxonomy":"product_tag","embeddable":true,"href":"https:\/\/miamedic.lt\/en\/wp-json\/wp\/v2\/product_tag?post=10647"}],"curies":[{"name":"wp","href":"https:\/\/api.w.org\/{rel}","templated":true}]}}