{"id":10644,"date":"2025-07-18T08:13:47","date_gmt":"2025-07-18T08:13:47","guid":{"rendered":"https:\/\/miamedic.lt\/?post_type=product&#038;p=10644"},"modified":"2025-12-01T00:28:55","modified_gmt":"2025-12-01T00:28:55","slug":"cheek-topper-brush","status":"publish","type":"product","link":"https:\/\/miamedic.lt\/en\/shop\/cheek-topper-brush\/","title":{"rendered":"Cheek Topper Brush"},"content":{"rendered":"<p data-start=\"5\" data-end=\"79\"><strong data-start=\"5\" data-end=\"79\">INIKA Cheek Topper Brush \u2013 vegani\u0161kas \u0161epetys skaistalams ir kont\u016brams<\/strong><\/p>\n<p data-start=\"81\" data-end=\"143\"><strong data-start=\"81\" data-end=\"103\">Trumpas apra\u0161ymas:<\/strong><br data-start=\"103\" data-end=\"106\" \/><span class=\"relative -mx-px my-[-0.2rem] rounded px-px py-[0.2rem] transition-colors duration-100 ease-in-out\">Modernus, kampu pjaustytas \u0161epetys su vidutinio tankumo \u0161ereliais, sukurtas tobulam skaistal\u0173 bei kont\u016br\u0173 dengimui. Anga elastin\u0117s vir\u0161utin\u0117s dalies leid\u017eia spalv\u0173 sluoksniavim\u0105 ir mink\u0161t\u0105 \u0161vyt\u0117jim\u0105.<\/span><\/p>\n<p data-start=\"145\" data-end=\"199\"><strong data-start=\"145\" data-end=\"159\">Paskirtis:<\/strong><br data-start=\"159\" data-end=\"162\" \/><span class=\"relative -mx-px my-[-0.2rem] rounded px-px py-[0.2rem] transition-colors duration-100 ease-in-out\">Skirtas skaistalams, bronzantui, kont\u016bravimui, higlighteriams ir net makia\u017eo pagrindui dengti.<\/span><\/p>\n<p data-start=\"201\" data-end=\"220\"><strong data-start=\"201\" data-end=\"218\">Konstrukcija:<\/strong><\/p>\n<ul data-start=\"221\" data-end=\"340\">\n<li data-start=\"221\" data-end=\"262\">\n<p data-start=\"223\" data-end=\"262\"><span class=\"relative -mx-px my-[-0.2rem] rounded px-px py-[0.2rem] transition-colors duration-100 ease-in-out\">\u0160ereliai i\u0161 auk\u0161tos kokyb\u0117s vegani\u0161kos sintetikos, draugi\u0161ki jautriai odai<\/span><\/p>\n<\/li>\n<li data-start=\"263\" data-end=\"340\">\n<p data-start=\"265\" data-end=\"340\"><span class=\"relative -mx-px my-[-0.2rem] rounded px-px py-[0.2rem] transition-colors duration-100 ease-in-out\">Ranken\u0117l\u0117 i\u0161 biologi\u0161kai skaidomos PLA med\u017eiagos (gauta i\u0161 kukur\u016bz\u0173 ir manioko), tvari ir ekologi\u0161ka<\/span><\/p>\n<\/li>\n<\/ul>\n<p data-start=\"342\" data-end=\"357\"><strong data-start=\"342\" data-end=\"355\">Poveikis:<\/strong><\/p>\n<ul data-start=\"358\" data-end=\"519\">\n<li data-start=\"358\" data-end=\"399\">\n<p data-start=\"360\" data-end=\"399\"><span class=\"relative -mx-px my-[-0.2rem] rounded px-px py-[0.2rem] transition-colors duration-100 ease-in-out\">Sklandus ir nat\u016bralus produkt\u0173 paskirstymas<\/span><\/p>\n<\/li>\n<li data-start=\"400\" data-end=\"441\">\n<p data-start=\"402\" data-end=\"441\"><span class=\"relative -mx-px my-[-0.2rem] rounded px-px py-[0.2rem] transition-colors duration-100 ease-in-out\">Profesionalus \u201eoro purk\u0161tas\u201c ar \u201eairbrushed\u201c efektas<\/span><\/p>\n<\/li>\n<li data-start=\"442\" data-end=\"519\">\n<p data-start=\"444\" data-end=\"519\"><span class=\"relative -mx-px my-[-0.2rem] rounded px-px py-[0.2rem] transition-colors duration-100 ease-in-out\">Tinka dr\u0117gnoms ir sausoms makia\u017eo priemon\u0117ms<\/span><\/p>\n<\/li>\n<\/ul>\n<p data-start=\"521\" data-end=\"538\"><strong data-start=\"521\" data-end=\"536\">Naudojimas:<\/strong><\/p>\n<ol data-start=\"539\" data-end=\"754\">\n<li data-start=\"539\" data-end=\"581\">\n<p data-start=\"542\" data-end=\"581\"><span class=\"relative -mx-px my-[-0.2rem] rounded px-px py-[0.2rem] transition-colors duration-100 ease-in-out\">\u0160velniai \u012fmerkite \u0161erelius, patempkite perteklin\u0119 priemon\u0119 (pakratykite arba \u201etap\u201c).<\/span><\/p>\n<\/li>\n<li data-start=\"582\" data-end=\"626\">\n<p data-start=\"585\" data-end=\"626\"><span class=\"relative -mx-px my-[-0.2rem] rounded px-px py-[0.2rem] transition-colors duration-100 ease-in-out\">Dengiant \u2013 naudokite apsuktinius arba tamponavimo judesius nuo skruost\u0173 centre \u012f skruostikaulius.<\/span><\/p>\n<\/li>\n<li data-start=\"627\" data-end=\"671\">\n<p data-start=\"630\" data-end=\"671\"><span class=\"relative -mx-px my-[-0.2rem] rounded px-px py-[0.2rem] transition-colors duration-100 ease-in-out\">Produkt\u0105 dengkite palaipsniui, nedidindami sl\u0117gio.<\/span><\/p>\n<\/li>\n<li data-start=\"672\" data-end=\"754\">\n<p data-start=\"675\" data-end=\"754\"><span class=\"relative -mx-px my-[-0.2rem] rounded px-px py-[0.2rem] transition-colors duration-100 ease-in-out\">Valykite \u0161epet\u012f su \u0161velniu \u0161amp\u016bnu 1\u20132 kartus per m\u0117nes\u012f, d\u017eiovinkite guls\u010diai \u2013 taip i\u0161saugosite form\u0105 ir ilgaam\u017ei\u0161kum\u0105<\/span><\/p>\n<\/li>\n<\/ol>\n<p data-start=\"756\" data-end=\"782\"><strong data-start=\"756\" data-end=\"780\">Atsargumo priemon\u0117s:<\/strong><\/p>\n<ul data-start=\"783\" data-end=\"824\">\n<li data-start=\"783\" data-end=\"824\">\n<p data-start=\"785\" data-end=\"824\"><span class=\"relative -mx-px my-[-0.2rem] rounded px-px py-[0.2rem] transition-colors duration-100 ease-in-out\">Skirtas i\u0161oriniam naudojimui. Laikyti sausoje vietoje, atokiau nuo vaik\u0173 ir tiesiogini\u0173 saul\u0117s spinduli\u0173.<\/span><\/p>\n<\/li>\n<\/ul>\n","protected":false},"excerpt":{"rendered":"<p>Vegani\u0161kas \u0161epetys skaistalams ir kont\u016bravimui<\/p>","protected":false},"featured_media":10645,"comment_status":"open","ping_status":"closed","template":"","meta":[],"product_cat":[373],"product_tag":[],"class_list":{"0":"post-10644","1":"product","2":"type-product","3":"status-publish","4":"has-post-thumbnail","6":"product_cat-sepeteliai","7":"pa_brands-inika","9":"first","10":"instock","11":"taxable","12":"shipping-taxable","13":"purchasable","14":"product-type-simple"},"_links":{"self":[{"href":"https:\/\/miamedic.lt\/en\/wp-json\/wp\/v2\/product\/10644","targetHints":{"allow":["GET"]}}],"collection":[{"href":"https:\/\/miamedic.lt\/en\/wp-json\/wp\/v2\/product"}],"about":[{"href":"https:\/\/miamedic.lt\/en\/wp-json\/wp\/v2\/types\/product"}],"replies":[{"embeddable":true,"href":"https:\/\/miamedic.lt\/en\/wp-json\/wp\/v2\/comments?post=10644"}],"version-history":[{"count":2,"href":"https:\/\/miamedic.lt\/en\/wp-json\/wp\/v2\/product\/10644\/revisions"}],"predecessor-version":[{"id":12354,"href":"https:\/\/miamedic.lt\/en\/wp-json\/wp\/v2\/product\/10644\/revisions\/12354"}],"wp:featuredmedia":[{"embeddable":true,"href":"https:\/\/miamedic.lt\/en\/wp-json\/wp\/v2\/media\/10645"}],"wp:attachment":[{"href":"https:\/\/miamedic.lt\/en\/wp-json\/wp\/v2\/media?parent=10644"}],"wp:term":[{"taxonomy":"product_cat","embeddable":true,"href":"https:\/\/miamedic.lt\/en\/wp-json\/wp\/v2\/product_cat?post=10644"},{"taxonomy":"product_tag","embeddable":true,"href":"https:\/\/miamedic.lt\/en\/wp-json\/wp\/v2\/product_tag?post=10644"}],"curies":[{"name":"wp","href":"https:\/\/api.w.org\/{rel}","templated":true}]}}