{"id":10599,"date":"2025-07-18T07:48:15","date_gmt":"2025-07-18T07:48:15","guid":{"rendered":"https:\/\/miamedic.lt\/?post_type=product&#038;p=10599"},"modified":"2025-12-01T00:30:11","modified_gmt":"2025-12-01T00:30:11","slug":"organic-lip-glaze","status":"publish","type":"product","link":"https:\/\/miamedic.lt\/en\/shop\/organic-lip-glaze\/","title":{"rendered":"Organic Lip Glaze"},"content":{"rendered":"<p data-start=\"0\" data-end=\"95\"><strong data-start=\"0\" data-end=\"95\">INIKA Organic Lip Glaze \u2013 tonizuotas l\u016bp\u0173 blizgesys su \u0161ilkinio \u0161vyt\u0117jimo efektu<\/strong><\/p>\n<p data-start=\"97\" data-end=\"159\"><strong data-start=\"97\" data-end=\"119\">Trumpas apra\u0161ymas:<\/strong><br data-start=\"119\" data-end=\"122\" \/><span class=\"relative -mx-px my-[-0.2rem] rounded px-px py-[0.2rem] transition-colors duration-100 ease-in-out\">\u0160is ekologi\u0161kas, sertifikuotas l\u016bp\u0173 blizgesys sukuria sodri\u0105 spalv\u0105 ir ve\u0161li\u0105 \u0161ilkin\u0119 apdail\u0105, tuo pa\u010diu r\u016bpinantis l\u016bp\u0173 dr\u0117gme ir komfortu. Nep\u016bliuoja, sukasi su \u0161velniu citrusiniu aromatu.<\/span><\/p>\n<p data-start=\"161\" data-end=\"254\"><strong data-start=\"161\" data-end=\"176\">Odos tipas:<\/strong><br data-start=\"176\" data-end=\"179\" \/><span class=\"relative -mx-px my-[-0.2rem] rounded px-px py-[0.2rem] transition-colors duration-100 ease-in-out\">Tinka visiems odos tipams \u2013 ypa\u010d naudinga sausoms, jautrioms ir dehidratuotoms l\u016bpoms.<\/span><\/p>\n<p data-start=\"256\" data-end=\"271\"><strong data-start=\"256\" data-end=\"269\">Poveikis:<\/strong><\/p>\n<ul data-start=\"272\" data-end=\"475\">\n<li data-start=\"272\" data-end=\"313\">\n<p data-start=\"274\" data-end=\"313\"><span class=\"relative -mx-px my-[-0.2rem] rounded px-px py-[0.2rem] transition-colors duration-100 ease-in-out\">Intensyviai dr\u0117kina ir mink\u0161tina l\u016bpas<\/span><\/p>\n<\/li>\n<li data-start=\"314\" data-end=\"355\">\n<p data-start=\"316\" data-end=\"355\"><span class=\"relative -mx-px my-[-0.2rem] rounded px-px py-[0.2rem] transition-colors duration-100 ease-in-out\">Sukuria apsaugin\u012f barjer\u0105 prie\u0161 aplinkos poveik\u012f<\/span><\/p>\n<\/li>\n<li data-start=\"356\" data-end=\"397\">\n<p data-start=\"358\" data-end=\"397\"><span class=\"relative -mx-px my-[-0.2rem] rounded px-px py-[0.2rem] transition-colors duration-100 ease-in-out\">Suteikia nat\u016bral\u0173 subtil\u0173 blizges\u012f ir prisotint\u0105 atspalv\u012f<\/span><\/p>\n<\/li>\n<li data-start=\"398\" data-end=\"475\">\n<p data-start=\"400\" data-end=\"475\"><span class=\"relative -mx-px my-[-0.2rem] rounded px-px py-[0.2rem] transition-colors duration-100 ease-in-out\">Maloniai gaivina piparm\u0117\u010di\u0173\/oran\u017ein\u0117s eteriniu aliejumi aromatu<\/span><\/p>\n<\/li>\n<\/ul>\n<p data-start=\"477\" data-end=\"494\"><strong data-start=\"477\" data-end=\"492\">Naudojimas:<\/strong><\/p>\n<ul data-start=\"495\" data-end=\"616\">\n<li data-start=\"495\" data-end=\"536\">\n<p data-start=\"497\" data-end=\"536\"><span class=\"relative -mx-px my-[-0.2rem] rounded px-px py-[0.2rem] transition-colors duration-100 ease-in-out\">Tepkite tiesiai su \u0161epet\u0117liu ant l\u016bp\u0173 \u2013 puikiai tinka tiek kaip nat\u016bralus blizgesys, tiek vir\u0161 l\u016bp\u0173 pie\u0161tuko ar balzamo<\/span><\/p>\n<\/li>\n<li data-start=\"537\" data-end=\"616\">\n<p data-start=\"539\" data-end=\"616\"><span class=\"relative -mx-px my-[-0.2rem] rounded px-px py-[0.2rem] transition-colors duration-100 ease-in-out\">Naudoti kelis kartus per dien\u0105 pagal poreik\u012f<\/span><\/p>\n<\/li>\n<\/ul>\n<p data-start=\"618\" data-end=\"644\"><strong data-start=\"618\" data-end=\"642\">Atsargumo priemon\u0117s:<\/strong><\/p>\n<ul data-start=\"645\" data-end=\"818\">\n<li data-start=\"645\" data-end=\"688\">\n<p data-start=\"647\" data-end=\"688\"><span class=\"relative -mx-px my-[-0.2rem] rounded px-px py-[0.2rem] transition-colors duration-100 ease-in-out\">Tik i\u0161oriniam naudojimui<\/span><\/p>\n<\/li>\n<li data-start=\"689\" data-end=\"732\">\n<p data-start=\"691\" data-end=\"732\"><span class=\"relative -mx-px my-[-0.2rem] rounded px-px py-[0.2rem] transition-colors duration-100 ease-in-out\">Venkite kontakto su akimis<\/span><\/p>\n<\/li>\n<li data-start=\"733\" data-end=\"776\">\n<p data-start=\"735\" data-end=\"776\"><span class=\"relative -mx-px my-[-0.2rem] rounded px-px py-[0.2rem] transition-colors duration-100 ease-in-out\">Nutraukite naudojim\u0105 atsiradus sudirgimui<\/span><\/p>\n<\/li>\n<li data-start=\"777\" data-end=\"818\">\n<p data-start=\"779\" data-end=\"818\"><span class=\"relative -mx-px my-[-0.2rem] rounded px-px py-[0.2rem] transition-colors duration-100 ease-in-out\">Laikykite vaikams nepasiekiamoje vietoje<\/span><\/p>\n<\/li>\n<\/ul>\n<p data-start=\"820\" data-end=\"842\"><strong data-start=\"820\" data-end=\"840\">Laikymo s\u0105lygos:<\/strong><\/p>\n<ul data-start=\"843\" data-end=\"968\">\n<li data-start=\"843\" data-end=\"886\">\n<p data-start=\"845\" data-end=\"886\"><span class=\"relative -mx-px my-[-0.2rem] rounded px-px py-[0.2rem] transition-colors duration-100 ease-in-out\">Laikyti kambario temperat\u016broje (\u017eemiau 30\u202f\u00b0C)<\/span><\/p>\n<\/li>\n<li data-start=\"887\" data-end=\"968\">\n<p data-start=\"889\" data-end=\"968\"><span class=\"relative -mx-px my-[-0.2rem] rounded px-px py-[0.2rem] transition-colors duration-100 ease-in-out\">Sandariai u\u017edaryti, apsaugoti nuo tiesiogini\u0173 saul\u0117s spinduli\u0173 ir auk\u0161tos temperat\u016bros<\/span><\/p>\n<\/li>\n<\/ul>\n","protected":false},"excerpt":{"rendered":"<p>Tonizuotas l\u016bp\u0173 blizgesys su \u0161ilkinio \u0161vyt\u0117jimo efektu<\/p>","protected":false},"featured_media":10600,"comment_status":"open","ping_status":"closed","template":"","meta":[],"product_cat":[355],"product_tag":[],"class_list":{"0":"post-10599","1":"product","2":"type-product","3":"status-publish","4":"has-post-thumbnail","6":"product_cat-lupoms","7":"pa_brands-inika","8":"pa_talpa-5ml","10":"first","11":"instock","12":"taxable","13":"shipping-taxable","14":"purchasable","15":"product-type-variable"},"_links":{"self":[{"href":"https:\/\/miamedic.lt\/en\/wp-json\/wp\/v2\/product\/10599","targetHints":{"allow":["GET"]}}],"collection":[{"href":"https:\/\/miamedic.lt\/en\/wp-json\/wp\/v2\/product"}],"about":[{"href":"https:\/\/miamedic.lt\/en\/wp-json\/wp\/v2\/types\/product"}],"replies":[{"embeddable":true,"href":"https:\/\/miamedic.lt\/en\/wp-json\/wp\/v2\/comments?post=10599"}],"version-history":[{"count":2,"href":"https:\/\/miamedic.lt\/en\/wp-json\/wp\/v2\/product\/10599\/revisions"}],"predecessor-version":[{"id":12358,"href":"https:\/\/miamedic.lt\/en\/wp-json\/wp\/v2\/product\/10599\/revisions\/12358"}],"wp:featuredmedia":[{"embeddable":true,"href":"https:\/\/miamedic.lt\/en\/wp-json\/wp\/v2\/media\/10600"}],"wp:attachment":[{"href":"https:\/\/miamedic.lt\/en\/wp-json\/wp\/v2\/media?parent=10599"}],"wp:term":[{"taxonomy":"product_cat","embeddable":true,"href":"https:\/\/miamedic.lt\/en\/wp-json\/wp\/v2\/product_cat?post=10599"},{"taxonomy":"product_tag","embeddable":true,"href":"https:\/\/miamedic.lt\/en\/wp-json\/wp\/v2\/product_tag?post=10599"}],"curies":[{"name":"wp","href":"https:\/\/api.w.org\/{rel}","templated":true}]}}