{"id":10573,"date":"2025-07-17T09:20:14","date_gmt":"2025-07-17T09:20:14","guid":{"rendered":"https:\/\/miamedic.lt\/?post_type=product&#038;p=10573"},"modified":"2025-12-01T00:30:11","modified_gmt":"2025-12-01T00:30:11","slug":"brow-perfector","status":"publish","type":"product","link":"https:\/\/miamedic.lt\/en\/shop\/brow-perfector\/","title":{"rendered":"Brow Perfector"},"content":{"rendered":"<p data-start=\"5\" data-end=\"106\"><strong data-start=\"5\" data-end=\"106\">INIKA Brow\u202fPerfector \u2013 antaki\u0173 gelis-kremas, pagamintas i\u0161 bambuk\u0173 stieb\u0173 i\u0161gaunam\u0173 med\u017eiag\u0173<\/strong><\/p>\n<p data-start=\"108\" data-end=\"209\"><strong data-start=\"108\" data-end=\"130\">Trumpas apra\u0161ymas:<\/strong><br data-start=\"130\" data-end=\"133\" \/><span class=\"relative -mx-px my-[-0.2rem] rounded px-px py-[0.2rem] transition-colors duration-100 ease-in-out\">INIKA Brow\u202fPerfector \u2013 sertifikuotas nat\u016bralus ir vegani\u0161kas antaki\u0173 gelis, skirtas tonuoti, suteikti t\u016brio ir formuoti antaki\u0173 linij\u0105. Formul\u0117 su bambuko plau\u0161ais u\u017etikrina ilgaveik\u012f efekt\u0105 be sintetini\u0173 pried\u0173<\/span><\/p>\n<p data-start=\"211\" data-end=\"276\"><strong data-start=\"211\" data-end=\"236\">Odos \/ antaki\u0173 tipas:<\/strong><br data-start=\"236\" data-end=\"239\" \/><span class=\"relative -mx-px my-[-0.2rem] rounded px-px py-[0.2rem] transition-colors duration-100 ease-in-out\">Tinka vis\u0173 tip\u0173 odai, taip pat jautriai \u2013 malonus, neirrituojantis antakio srit\u012f gelis su lengvu poveikiu ir nat\u016braliu prisitaikymu.<\/span><\/p>\n<p data-start=\"278\" data-end=\"525\"><strong data-start=\"278\" data-end=\"291\">Poveikis:<\/strong><br data-start=\"291\" data-end=\"294\" \/><span class=\"relative -mx-px my-[-0.2rem] rounded px-px py-[0.2rem] transition-colors duration-100 ease-in-out\">\u2022 Prideda nat\u016bral\u0173 atspalv\u012f ir apimt\u012f d\u0117l turtingo pigmens ir bambuko pluo\u0161t\u0173, u\u017epildan\u010di\u0173 tarpus<\/span> <br data-start=\"369\" data-end=\"372\" \/><span class=\"relative -mx-px my-[-0.2rem] rounded px-px py-[0.2rem] transition-colors duration-100 ease-in-out\">\u2022 Tonizuoja ir stiprina \u2013 saul\u0117gr\u0105\u017e\u0173 aliejus dr\u0117kina, vitaminas E suteikia antioksidacin\u0119 apsaug\u0105, magnolijos \u017eiev\u0117s ekstraktas ramina ir apsaugo<\/span> <br data-start=\"447\" data-end=\"450\" \/><span class=\"relative -mx-px my-[-0.2rem] rounded px-px py-[0.2rem] transition-colors duration-100 ease-in-out\">\u2022 Fiksuoja antaki\u0173 form\u0105 \u2013 akacijos g\u0117li\u0173 va\u0161kas suteikia tvirt\u0105, dr\u0117gm\u0117s atspar\u0173 laikym\u0105<\/span><\/p>\n<p data-start=\"527\" data-end=\"544\"><strong data-start=\"527\" data-end=\"542\">Naudojimas:<\/strong><\/p>\n<ol data-start=\"545\" data-end=\"716\">\n<li data-start=\"545\" data-end=\"587\">\n<p data-start=\"548\" data-end=\"587\"><span class=\"relative -mx-px my-[-0.2rem] rounded px-px py-[0.2rem] transition-colors duration-100 ease-in-out\">Pirmiausia naudokite ilgesn\u0119 \u0161epet\u0117lio pus\u0119 \u2013 braukdami nuo antakio \u0161aknies iki arkos.<\/span><\/p>\n<\/li>\n<li data-start=\"588\" data-end=\"632\">\n<p data-start=\"591\" data-end=\"632\"><span class=\"relative -mx-px my-[-0.2rem] rounded px-px py-[0.2rem] transition-colors duration-100 ease-in-out\">Naudokite trumpesn\u0119 \u0161epet\u0117lio dal\u012f \u2013 nuo arkos iki antakio galo.<\/span><\/p>\n<\/li>\n<li data-start=\"633\" data-end=\"716\">\n<p data-start=\"636\" data-end=\"716\"><span class=\"relative -mx-px my-[-0.2rem] rounded px-px py-[0.2rem] transition-colors duration-100 ease-in-out\">\u0160velniai \u201ei\u0161\u0161ukuokite\u201c antakius \u012f vir\u0161\u0173, kol pasieksite pageidaujam\u0105 form\u0105<\/span> .<\/p>\n<\/li>\n<\/ol>\n<p data-start=\"718\" data-end=\"910\"><strong data-start=\"718\" data-end=\"742\">Atsargumo priemon\u0117s:<\/strong><br data-start=\"742\" data-end=\"745\" \/><span class=\"relative -mx-px my-[-0.2rem] rounded px-px py-[0.2rem] transition-colors duration-100 ease-in-out\">\u2022 Tik i\u0161oriniam naudojimui ant antaki\u0173<\/span><br data-start=\"784\" data-end=\"787\" \/><span class=\"relative -mx-px my-[-0.2rem] rounded px-px py-[0.2rem] transition-colors duration-100 ease-in-out\">\u2022 Venkite kontakto su akimis \u2013 jei susid\u016br\u0117, nedelsiant nuplaukite<\/span><br data-start=\"826\" data-end=\"829\" \/><span class=\"relative -mx-px my-[-0.2rem] rounded px-px py-[0.2rem] transition-colors duration-100 ease-in-out\">\u2022 Jei pasirei\u0161k\u0117 sudirgimas \u2013 nutraukite naudojim\u0105<\/span><br data-start=\"868\" data-end=\"871\" \/><span class=\"relative -mx-px my-[-0.2rem] rounded px-px py-[0.2rem] transition-colors duration-100 ease-in-out\">\u2022 Laikyti vaikams nepasiekiamoje vietoje<\/span><\/p>\n<p data-start=\"912\" data-end=\"1058\"><strong data-start=\"912\" data-end=\"932\">Laikymo s\u0105lygos:<\/strong><br data-start=\"932\" data-end=\"935\" \/><span class=\"relative -mx-px my-[-0.2rem] rounded px-px py-[0.2rem] transition-colors duration-100 ease-in-out\">\u2022 Laikyti kambario temperat\u016broje \u017eemiau 30\u202f\u00b0C<\/span><br data-start=\"974\" data-end=\"977\" \/><span class=\"relative -mx-px my-[-0.2rem] rounded px-px py-[0.2rem] transition-colors duration-100 ease-in-out\">\u2022 Sandariai u\u017edaryt\u0105 \u2013 kad produktas nei\u0161d\u017ei\u016bt\u0173<\/span><br data-start=\"1016\" data-end=\"1019\" \/><span class=\"relative -mx-px my-[-0.2rem] rounded px-px py-[0.2rem] transition-colors duration-100 ease-in-out\">\u2022 Venkite tiesiogini\u0173 saul\u0117s spinduli\u0173<\/span><\/p>\n","protected":false},"excerpt":{"rendered":"<div class=\"stars\">Antaki\u0173 gelis-kremas, pagamintas i\u0161 bambuk\u0173 stieb\u0173 i\u0161gaunam\u0173 med\u017eiag\u0173<\/div>","protected":false},"featured_media":10574,"comment_status":"open","ping_status":"closed","template":"","meta":[],"product_cat":[346],"product_tag":[],"class_list":{"0":"post-10573","1":"product","2":"type-product","3":"status-publish","4":"has-post-thumbnail","6":"product_cat-antakiams","7":"pa_brands-inika","8":"pa_talpa-6-5ml","10":"first","11":"instock","12":"taxable","13":"shipping-taxable","14":"purchasable","15":"product-type-variable"},"_links":{"self":[{"href":"https:\/\/miamedic.lt\/en\/wp-json\/wp\/v2\/product\/10573","targetHints":{"allow":["GET"]}}],"collection":[{"href":"https:\/\/miamedic.lt\/en\/wp-json\/wp\/v2\/product"}],"about":[{"href":"https:\/\/miamedic.lt\/en\/wp-json\/wp\/v2\/types\/product"}],"replies":[{"embeddable":true,"href":"https:\/\/miamedic.lt\/en\/wp-json\/wp\/v2\/comments?post=10573"}],"version-history":[{"count":2,"href":"https:\/\/miamedic.lt\/en\/wp-json\/wp\/v2\/product\/10573\/revisions"}],"predecessor-version":[{"id":12362,"href":"https:\/\/miamedic.lt\/en\/wp-json\/wp\/v2\/product\/10573\/revisions\/12362"}],"wp:featuredmedia":[{"embeddable":true,"href":"https:\/\/miamedic.lt\/en\/wp-json\/wp\/v2\/media\/10574"}],"wp:attachment":[{"href":"https:\/\/miamedic.lt\/en\/wp-json\/wp\/v2\/media?parent=10573"}],"wp:term":[{"taxonomy":"product_cat","embeddable":true,"href":"https:\/\/miamedic.lt\/en\/wp-json\/wp\/v2\/product_cat?post=10573"},{"taxonomy":"product_tag","embeddable":true,"href":"https:\/\/miamedic.lt\/en\/wp-json\/wp\/v2\/product_tag?post=10573"}],"curies":[{"name":"wp","href":"https:\/\/api.w.org\/{rel}","templated":true}]}}