{"id":10560,"date":"2025-07-17T09:07:46","date_gmt":"2025-07-17T09:07:46","guid":{"rendered":"https:\/\/miamedic.lt\/?post_type=product&#038;p=10560"},"modified":"2025-12-01T00:30:12","modified_gmt":"2025-12-01T00:30:12","slug":"organic-brow-pencil","status":"publish","type":"product","link":"https:\/\/miamedic.lt\/en\/shop\/organic-brow-pencil\/","title":{"rendered":"Organic Brow Pencil"},"content":{"rendered":"<p data-start=\"42\" data-end=\"142\"><strong data-start=\"42\" data-end=\"142\">INIKA Organic Brow Pencil \u2013 nat\u016bralus ir kremi\u0161kas antaki\u0173 pie\u0161tukas tobulam kont\u016brui<\/strong><\/p>\n<p data-start=\"144\" data-end=\"244\"><strong data-start=\"144\" data-end=\"166\">Trumpas apra\u0161ymas:<\/strong><br data-start=\"166\" data-end=\"169\" \/><span class=\"relative -mx-px my-[-0.2rem] rounded px-px py-[0.2rem] transition-colors duration-100 ease-in-out\">INIKA Brow Pencil \u2013 sertifikuota nat\u016brali priemon\u0117, sukurta formuoti antaki\u0173 kont\u016br\u0105, pridengti tarpus ir suteikti \u0161velnaus t\u016brio. Kremi\u0161ka, nelipni konsistencija lengvai slysta per od\u0105, o auk\u0161tos kokyb\u0117s pigmentai suteikia ilgalaik\u012f rezultat\u0105. Tinka naudoti jautriai odai.<\/span><\/p>\n<p data-start=\"246\" data-end=\"273\"><strong data-start=\"246\" data-end=\"271\">Odos \/ antaki\u0173 tipas:<\/strong><\/p>\n<ul data-start=\"274\" data-end=\"351\">\n<li data-start=\"274\" data-end=\"351\">\n<p data-start=\"276\" data-end=\"351\"><span class=\"relative -mx-px my-[-0.2rem] rounded px-px py-[0.2rem] transition-colors duration-100 ease-in-out\">Tinka visiems, \u012fskaitant jautri\u0105 od\u0105 aplink akis.<\/span><\/p>\n<\/li>\n<\/ul>\n<p data-start=\"353\" data-end=\"368\"><strong data-start=\"353\" data-end=\"366\">Poveikis:<\/strong><\/p>\n<ul data-start=\"369\" data-end=\"608\">\n<li data-start=\"369\" data-end=\"448\">\n<p data-start=\"371\" data-end=\"448\"><span class=\"relative -mx-px my-[-0.2rem] rounded px-px py-[0.2rem] transition-colors duration-100 ease-in-out\">Suteikia nat\u016bral\u0173 spalvos atspalv\u012f, u\u017epildo spragas ir sukuria kont\u016bro efekt\u0105.<\/span><\/p>\n<\/li>\n<li data-start=\"449\" data-end=\"528\">\n<p data-start=\"451\" data-end=\"528\"><span class=\"relative -mx-px my-[-0.2rem] rounded px-px py-[0.2rem] transition-colors duration-100 ease-in-out\">Dr\u0117kina ir kondicionuoja \u2013 su organiniu kokos\u0173 aliejumi ir vitaminu E.<\/span><\/p>\n<\/li>\n<li data-start=\"529\" data-end=\"608\">\n<p data-start=\"531\" data-end=\"608\"><span class=\"relative -mx-px my-[-0.2rem] rounded px-px py-[0.2rem] transition-colors duration-100 ease-in-out\">Vandeniui atspari formul\u0117 \u2013 \u0161velniai laikosi be \u201eva\u0161kini\u0173\u201c p\u0117dsak\u0173.<\/span><\/p>\n<\/li>\n<\/ul>\n<p data-start=\"610\" data-end=\"627\"><strong data-start=\"610\" data-end=\"625\">Naudojimas:<\/strong><\/p>\n<ol data-start=\"628\" data-end=\"874\">\n<li data-start=\"628\" data-end=\"656\">\n<p data-start=\"631\" data-end=\"656\">Padro\u017ekite pie\u0161tuk\u0105.<\/p>\n<\/li>\n<li data-start=\"657\" data-end=\"701\">\n<p data-start=\"660\" data-end=\"701\"><span class=\"relative -mx-px my-[-0.2rem] rounded px-px py-[0.2rem] transition-colors duration-100 ease-in-out\">Trumpais pot\u0117piais pildykite antaki\u0173 kont\u016brus nat\u016bralia vektorizacija.<\/span><\/p>\n<\/li>\n<li data-start=\"702\" data-end=\"746\">\n<p data-start=\"705\" data-end=\"746\"><span class=\"relative -mx-px my-[-0.2rem] rounded px-px py-[0.2rem] transition-colors duration-100 ease-in-out\">Sukamaisiais judesiais i\u0161lyginkite su irta med\u017eiag\u0105.<\/span><\/p>\n<\/li>\n<li data-start=\"747\" data-end=\"791\">\n<p data-start=\"750\" data-end=\"791\"><span class=\"relative -mx-px my-[-0.2rem] rounded px-px py-[0.2rem] transition-colors duration-100 ease-in-out\">Reguliariai naudosite rezultat\u0105: kont\u016bras, u\u017epildymas, plaukeli\u0173 strukt\u016bra.<\/span><\/p>\n<\/li>\n<li data-start=\"792\" data-end=\"874\">\n<p data-start=\"795\" data-end=\"874\"><span class=\"relative -mx-px my-[-0.2rem] rounded px-px py-[0.2rem] transition-colors duration-100 ease-in-out\">Venkite patekti \u012f akis, laikykite nuo vaik\u0173.<\/span><\/p>\n<\/li>\n<\/ol>\n<p data-start=\"876\" data-end=\"898\"><strong data-start=\"876\" data-end=\"896\">Laikymo s\u0105lygos:<\/strong><\/p>\n<ul data-start=\"899\" data-end=\"980\">\n<li data-start=\"899\" data-end=\"980\">\n<p data-start=\"901\" data-end=\"980\"><span class=\"relative -mx-px my-[-0.2rem] rounded px-px py-[0.2rem] transition-colors duration-100 ease-in-out\">Laikyti kambario temperat\u016broje (&lt;\u202f30\u202f\u00b0C), u\u017edaryt\u0105.<\/span><\/p>\n<\/li>\n<\/ul>\n","protected":false},"excerpt":{"rendered":"<p>Nat\u016bralus ir kremi\u0161kas antaki\u0173 pie\u0161tukas tobulam kont\u016brui<\/p>","protected":false},"featured_media":10561,"comment_status":"open","ping_status":"closed","template":"","meta":[],"product_cat":[346],"product_tag":[],"class_list":{"0":"post-10560","1":"product","2":"type-product","3":"status-publish","4":"has-post-thumbnail","6":"product_cat-antakiams","7":"pa_brands-inika","8":"pa_talpa-1-1g","10":"first","11":"instock","12":"taxable","13":"shipping-taxable","14":"purchasable","15":"product-type-variable"},"_links":{"self":[{"href":"https:\/\/miamedic.lt\/en\/wp-json\/wp\/v2\/product\/10560","targetHints":{"allow":["GET"]}}],"collection":[{"href":"https:\/\/miamedic.lt\/en\/wp-json\/wp\/v2\/product"}],"about":[{"href":"https:\/\/miamedic.lt\/en\/wp-json\/wp\/v2\/types\/product"}],"replies":[{"embeddable":true,"href":"https:\/\/miamedic.lt\/en\/wp-json\/wp\/v2\/comments?post=10560"}],"version-history":[{"count":2,"href":"https:\/\/miamedic.lt\/en\/wp-json\/wp\/v2\/product\/10560\/revisions"}],"predecessor-version":[{"id":12364,"href":"https:\/\/miamedic.lt\/en\/wp-json\/wp\/v2\/product\/10560\/revisions\/12364"}],"wp:featuredmedia":[{"embeddable":true,"href":"https:\/\/miamedic.lt\/en\/wp-json\/wp\/v2\/media\/10561"}],"wp:attachment":[{"href":"https:\/\/miamedic.lt\/en\/wp-json\/wp\/v2\/media?parent=10560"}],"wp:term":[{"taxonomy":"product_cat","embeddable":true,"href":"https:\/\/miamedic.lt\/en\/wp-json\/wp\/v2\/product_cat?post=10560"},{"taxonomy":"product_tag","embeddable":true,"href":"https:\/\/miamedic.lt\/en\/wp-json\/wp\/v2\/product_tag?post=10560"}],"curies":[{"name":"wp","href":"https:\/\/api.w.org\/{rel}","templated":true}]}}