{"id":10539,"date":"2025-07-10T11:31:42","date_gmt":"2025-07-10T11:31:42","guid":{"rendered":"https:\/\/miamedic.lt\/?post_type=product&#038;p=10539"},"modified":"2025-12-01T00:28:57","modified_gmt":"2025-12-01T00:28:57","slug":"organic-liquid-eyeliner","status":"publish","type":"product","link":"https:\/\/miamedic.lt\/en\/shop\/organic-liquid-eyeliner\/","title":{"rendered":"Organic Liquid Eyeliner"},"content":{"rendered":"<p data-start=\"42\" data-end=\"179\"><strong data-start=\"42\" data-end=\"179\">INIKA Organic Liquid Eyeliner \u2013 tikslus, juodas skystas aki\u0173 kont\u016bro pie\u0161tukas, padedantis kurti dr\u0105s\u0173, ilgai i\u0161liekant\u012f aki\u0173 makia\u017e\u0105<\/strong><\/p>\n<p data-start=\"181\" data-end=\"243\"><strong data-start=\"181\" data-end=\"203\">Trumpas apra\u0161ymas:<\/strong><br data-start=\"203\" data-end=\"206\" \/><span class=\"relative -mx-px my-[-0.2rem] rounded px-px py-[0.2rem] transition-colors duration-100 ease-in-out\">INIKA Organic Liquid Eyeliner \u2013 tai ekologi\u0161kas, vegani\u0161kas ir COSMOS sertifikuotas skystas kont\u016bro pie\u0161tukas, kuriame naudojami 100\u202f% nat\u016bral\u016bs mineraliniai pigmentai bei botaniniai ekstraktai. Unikalus plonas aplikatorius suteikia itin tiksli\u0105 linij\u0105, o formul\u0117 \u2013 sodr\u0173 juod\u0105 atspalv\u012f, kuris ilgai i\u0161lieka nesublukus ar nesuded\u0117jus.<\/span><\/p>\n<p data-start=\"245\" data-end=\"345\"><strong data-start=\"245\" data-end=\"267\">Odos \/ aki\u0173 tipas:<\/strong><br data-start=\"267\" data-end=\"270\" \/><span class=\"relative -mx-px my-[-0.2rem] rounded px-px py-[0.2rem] transition-colors duration-100 ease-in-out\">Tinka visiems \u2013 \u012fskaitant jautrias akis ir aki\u0173 srit\u012f. Formul\u0117je n\u0117ra alkoholio, dirginan\u010di\u0173 sintetini\u0173 spalv\u0173 ar mikroplastiko, tod\u0117l yra draugi\u0161kas jautrioms akims.<\/span><\/p>\n<p data-start=\"347\" data-end=\"362\"><strong data-start=\"347\" data-end=\"360\">Poveikis:<\/strong><\/p>\n<ul data-start=\"363\" data-end=\"566\">\n<li data-start=\"363\" data-end=\"404\">\n<p data-start=\"365\" data-end=\"404\"><span class=\"relative -mx-px my-[-0.2rem] rounded px-px py-[0.2rem] transition-colors duration-100 ease-in-out\">Pridengia sodr\u0173 ir intensyv\u0173 juod\u0105 pigment\u0105, suteikia gra\u017e\u0173 plon\u0105 arba dramati\u0161k\u0105 kont\u016br\u0105<\/span><\/p>\n<\/li>\n<li data-start=\"405\" data-end=\"446\">\n<p data-start=\"407\" data-end=\"446\"><span class=\"relative -mx-px my-[-0.2rem] rounded px-px py-[0.2rem] transition-colors duration-100 ease-in-out\">Greitai d\u017ei\u016bsta, neblurina ir i\u0161lieka ilgai \u2013 ypa\u010d tinka kasdieniam arba vakaro stiliui<\/span><\/p>\n<\/li>\n<li data-start=\"447\" data-end=\"488\">\n<p data-start=\"449\" data-end=\"488\"><span class=\"relative -mx-px my-[-0.2rem] rounded px-px py-[0.2rem] transition-colors duration-100 ease-in-out\">Apsaugo jautri\u0105 akies srit\u012f d\u0117ka antibakterini\u0173 ir raminan\u010di\u0173 savybi\u0173<\/span><\/p>\n<\/li>\n<li data-start=\"489\" data-end=\"566\">\n<p data-start=\"491\" data-end=\"566\"><span class=\"relative -mx-px my-[-0.2rem] rounded px-px py-[0.2rem] transition-colors duration-100 ease-in-out\">Atsparus vandeniui, ta\u010diau lengvai pa\u0161alinamas \u0161velnimis priemon\u0117mis<\/span><\/p>\n<\/li>\n<\/ul>\n<p data-start=\"568\" data-end=\"585\"><strong data-start=\"568\" data-end=\"583\">Naudojimas:<\/strong><\/p>\n<ol data-start=\"586\" data-end=\"846\">\n<li data-start=\"586\" data-end=\"628\">\n<p data-start=\"589\" data-end=\"628\"><span class=\"relative -mx-px my-[-0.2rem] rounded px-px py-[0.2rem] transition-colors duration-100 ease-in-out\">Prie\u0161 naudojim\u0105 gerai suplakti.<\/span><\/p>\n<\/li>\n<li data-start=\"629\" data-end=\"673\">\n<p data-start=\"632\" data-end=\"673\"><span class=\"relative -mx-px my-[-0.2rem] rounded px-px py-[0.2rem] transition-colors duration-100 ease-in-out\">Tiesiai braukite linij\u0105 nuo vidinio akies kampo iki i\u0161or\u0117s su plonu precizi\u0161ku aplikatoriumi.<\/span><\/p>\n<\/li>\n<li data-start=\"674\" data-end=\"718\">\n<p data-start=\"677\" data-end=\"718\"><span class=\"relative -mx-px my-[-0.2rem] rounded px-px py-[0.2rem] transition-colors duration-100 ease-in-out\">Norint \u201ekat\u0117s aki\u0173\u201c efekt\u0105, \u0161iek tiek pakreipkite linij\u0105 \u012f vir\u0161\u0173.<\/span><\/p>\n<\/li>\n<li data-start=\"719\" data-end=\"763\">\n<p data-start=\"722\" data-end=\"763\"><span class=\"relative -mx-px my-[-0.2rem] rounded px-px py-[0.2rem] transition-colors duration-100 ease-in-out\">Palaukite kelet\u0105 sekund\u017ei\u0173, kol visi\u0161kai i\u0161d\u017eius.<\/span><\/p>\n<\/li>\n<li data-start=\"764\" data-end=\"846\">\n<p data-start=\"767\" data-end=\"846\"><span class=\"relative -mx-px my-[-0.2rem] rounded px-px py-[0.2rem] transition-colors duration-100 ease-in-out\">I\u0161taisykite klaidas INIKA micelinio vandens pagalba.<\/span><\/p>\n<\/li>\n<\/ol>\n<p data-start=\"848\" data-end=\"874\"><strong data-start=\"848\" data-end=\"872\">Atsargumo priemon\u0117s:<\/strong><\/p>\n<ul data-start=\"875\" data-end=\"1048\">\n<li data-start=\"875\" data-end=\"918\">\n<p data-start=\"877\" data-end=\"918\"><span class=\"relative -mx-px my-[-0.2rem] rounded px-px py-[0.2rem] transition-colors duration-100 ease-in-out\">Tik naudojimui aplink akis<\/span><\/p>\n<\/li>\n<li data-start=\"919\" data-end=\"962\">\n<p data-start=\"921\" data-end=\"962\"><span class=\"relative -mx-px my-[-0.2rem] rounded px-px py-[0.2rem] transition-colors duration-100 ease-in-out\">Venkite patekimo \u012f akis \u2013 jei kontaktas \u012fvyko, kruop\u0161\u010diai nuskalaukite<\/span><\/p>\n<\/li>\n<li data-start=\"963\" data-end=\"1006\">\n<p data-start=\"965\" data-end=\"1006\"><span class=\"relative -mx-px my-[-0.2rem] rounded px-px py-[0.2rem] transition-colors duration-100 ease-in-out\">Nutraukite naudojim\u0105, jei atsiranda sudirginimas<\/span><\/p>\n<\/li>\n<li data-start=\"1007\" data-end=\"1048\">\n<p data-start=\"1009\" data-end=\"1048\"><span class=\"relative -mx-px my-[-0.2rem] rounded px-px py-[0.2rem] transition-colors duration-100 ease-in-out\">Laikykite vaikams nepasiekiamoje vietoje<\/span><\/p>\n<\/li>\n<\/ul>\n<p data-start=\"1050\" data-end=\"1072\"><strong data-start=\"1050\" data-end=\"1070\">Laikymo s\u0105lygos:<\/strong><\/p>\n<ul data-start=\"1073\" data-end=\"1158\">\n<li data-start=\"1073\" data-end=\"1116\">\n<p data-start=\"1075\" data-end=\"1116\"><span class=\"relative -mx-px my-[-0.2rem] rounded px-px py-[0.2rem] transition-colors duration-100 ease-in-out\">Laikyti kambario temperat\u016broje (\u017eemiau 30\u202f\u00b0C), toliau nuo tiesiogini\u0173 saul\u0117s spinduli\u0173 ir nuo tiesiogin\u0117s \u0161ilumos<\/span><\/p>\n<\/li>\n<li data-start=\"1117\" data-end=\"1158\">\n<p data-start=\"1119\" data-end=\"1158\"><span class=\"relative -mx-px my-[-0.2rem] rounded px-px py-[0.2rem] transition-colors duration-100 ease-in-out\">Pakuot\u0119 sandariai u\u017edaryti, kad produktas nei\u0161d\u017ei\u016bt\u0173<\/span><\/p>\n<\/li>\n<\/ul>\n","protected":false},"excerpt":{"rendered":"<p>Tikslus, juodas skystas aki\u0173 kont\u016bro pie\u0161tukas<\/p>","protected":false},"featured_media":10540,"comment_status":"open","ping_status":"closed","template":"","meta":[],"product_cat":[337],"product_tag":[],"class_list":{"0":"post-10539","1":"product","2":"type-product","3":"status-publish","4":"has-post-thumbnail","6":"product_cat-akiu-seseliai","7":"pa_brands-inika","8":"pa_talpa-35ml-2","10":"first","11":"instock","12":"taxable","13":"shipping-taxable","14":"purchasable","15":"product-type-simple"},"_links":{"self":[{"href":"https:\/\/miamedic.lt\/en\/wp-json\/wp\/v2\/product\/10539","targetHints":{"allow":["GET"]}}],"collection":[{"href":"https:\/\/miamedic.lt\/en\/wp-json\/wp\/v2\/product"}],"about":[{"href":"https:\/\/miamedic.lt\/en\/wp-json\/wp\/v2\/types\/product"}],"replies":[{"embeddable":true,"href":"https:\/\/miamedic.lt\/en\/wp-json\/wp\/v2\/comments?post=10539"}],"version-history":[{"count":2,"href":"https:\/\/miamedic.lt\/en\/wp-json\/wp\/v2\/product\/10539\/revisions"}],"predecessor-version":[{"id":12366,"href":"https:\/\/miamedic.lt\/en\/wp-json\/wp\/v2\/product\/10539\/revisions\/12366"}],"wp:featuredmedia":[{"embeddable":true,"href":"https:\/\/miamedic.lt\/en\/wp-json\/wp\/v2\/media\/10540"}],"wp:attachment":[{"href":"https:\/\/miamedic.lt\/en\/wp-json\/wp\/v2\/media?parent=10539"}],"wp:term":[{"taxonomy":"product_cat","embeddable":true,"href":"https:\/\/miamedic.lt\/en\/wp-json\/wp\/v2\/product_cat?post=10539"},{"taxonomy":"product_tag","embeddable":true,"href":"https:\/\/miamedic.lt\/en\/wp-json\/wp\/v2\/product_tag?post=10539"}],"curies":[{"name":"wp","href":"https:\/\/api.w.org\/{rel}","templated":true}]}}