{"id":10525,"date":"2025-07-10T10:53:49","date_gmt":"2025-07-10T10:53:49","guid":{"rendered":"https:\/\/miamedic.lt\/?post_type=product&#038;p=10525"},"modified":"2025-12-01T00:28:58","modified_gmt":"2025-12-01T00:28:58","slug":"bold-lash-mascara","status":"publish","type":"product","link":"https:\/\/miamedic.lt\/en\/shop\/bold-lash-mascara\/","title":{"rendered":"Bold Lash Mascara"},"content":{"rendered":"<p data-start=\"5\" data-end=\"94\"><strong data-start=\"5\" data-end=\"94\">INIKA Bold Lash Mascara \u2013 intensyviam t\u016briui, ilgiui ir glotniems blakstien\u0173 efektams<\/strong><\/p>\n<p data-start=\"96\" data-end=\"195\"><strong data-start=\"96\" data-end=\"118\">Trumpas apra\u0161ymas:<\/strong><br data-start=\"118\" data-end=\"121\" \/><span class=\"relative -mx-px my-[-0.2rem] rounded px-px py-[0.2rem] transition-colors duration-100 ease-in-out\">Nat\u016bralus, COSMOS ir vegani\u0161kas tu\u0161as sukurtas suteikti stulbinant\u012f t\u016bri\u0161kum\u0105 ir intensyv\u0173 juod\u0105 pigment\u0105. Specialiai suformuotas \u0161epet\u0117lis dangai dengti atskirai kiekvien\u0105 blakstien\u0105 \u2013 jau vienu judesiu pasiekiamas i\u0161rai\u0161kingas, dramati\u0161kas efektas.<\/span><\/p>\n<p data-start=\"197\" data-end=\"296\"><strong data-start=\"197\" data-end=\"219\">Plauk\u0173\/odos tipas:<\/strong><br data-start=\"219\" data-end=\"222\" \/><span class=\"relative -mx-px my-[-0.2rem] rounded px-px py-[0.2rem] transition-colors duration-100 ease-in-out\">Tinka visiems \u2013 puikiai tinka jautrioms akims, nes formul\u0117je n\u0117ra sintetik\u0173.<\/span><\/p>\n<p data-start=\"298\" data-end=\"623\"><strong data-start=\"298\" data-end=\"311\">Poveikis:<\/strong><br data-start=\"311\" data-end=\"314\" \/><span class=\"relative -mx-px my-[-0.2rem] rounded px-px py-[0.2rem] transition-colors duration-100 ease-in-out\">\u2022 Suteikia t\u016brio ir ilgio \u2013 blakstienos atrodo storesn\u0117s ir pilnesn\u0117s vienu sluoksni\u0173 sluoksniu<\/span><br data-start=\"388\" data-end=\"391\" \/><span class=\"relative -mx-px my-[-0.2rem] rounded px-px py-[0.2rem] transition-colors duration-100 ease-in-out\">\u2022 Blizgus, sodrus juodas pigmentas \u2013 nebluksta vis\u0105 dien\u0105<\/span><br data-start=\"465\" data-end=\"468\" \/><span class=\"relative -mx-px my-[-0.2rem] rounded px-px py-[0.2rem] transition-colors duration-100 ease-in-out\">\u2022 Kondicionuoja \u2013 ricinos aliejus, magnolijos \u017eiev\u0117 ir saul\u0117gr\u0105\u017e\u0173 aliejus maitina ir stiprina blakstienas<\/span><br data-start=\"542\" data-end=\"545\" \/><span class=\"relative -mx-px my-[-0.2rem] rounded px-px py-[0.2rem] transition-colors duration-100 ease-in-out\">\u2022 Netepa ir nesusilimpa \u2013 \u0161varus, atskirtas efektas be gumuliuk\u0173 ar &#8222;voratinkli\u0173&#8221;<\/span><\/p>\n<p data-start=\"625\" data-end=\"642\"><strong data-start=\"625\" data-end=\"640\">Naudojimas:<\/strong><\/p>\n<ol data-start=\"643\" data-end=\"900\">\n<li data-start=\"643\" data-end=\"687\">\n<p data-start=\"646\" data-end=\"687\"><span class=\"relative -mx-px my-[-0.2rem] rounded px-px py-[0.2rem] transition-colors duration-100 ease-in-out\">Naudojamas paskutiniame makia\u017eo \u017eingsnyje.<\/span><\/p>\n<\/li>\n<li data-start=\"688\" data-end=\"771\">\n<p data-start=\"691\" data-end=\"771\"><span class=\"relative -mx-px my-[-0.2rem] rounded px-px py-[0.2rem] transition-colors duration-100 ease-in-out\">\u0160epet\u0117liu dengti tiesiai nuo \u0161akn\u0173 iki galiuk\u0173, sukamaisiais judesiais, kol pasiekiamas norimas t\u016bris.<\/span><\/p>\n<\/li>\n<li data-start=\"772\" data-end=\"816\">\n<p data-start=\"775\" data-end=\"816\"><span class=\"relative -mx-px my-[-0.2rem] rounded px-px py-[0.2rem] transition-colors duration-100 ease-in-out\">Norint intensyvesnio efekto \u2013 sluoksniuoti.<\/span><\/p>\n<\/li>\n<li data-start=\"817\" data-end=\"900\">\n<p data-start=\"820\" data-end=\"900\"><span class=\"relative -mx-px my-[-0.2rem] rounded px-px py-[0.2rem] transition-colors duration-100 ease-in-out\">Ne\u012fki\u0161ti \u0161epet\u0117lio \u012f pakuot\u0119 \u2013 tai apsaugo nuo d\u017ei\u016bvimo.<\/span><\/p>\n<\/li>\n<\/ol>\n<p data-start=\"902\" data-end=\"1094\"><strong data-start=\"902\" data-end=\"926\">Atsargumo priemon\u0117s:<\/strong><br data-start=\"926\" data-end=\"929\" \/><span class=\"relative -mx-px my-[-0.2rem] rounded px-px py-[0.2rem] transition-colors duration-100 ease-in-out\">\u2022 Tik i\u0161oriniam naudojimui aplink akis<\/span><br data-start=\"968\" data-end=\"971\" \/><span class=\"relative -mx-px my-[-0.2rem] rounded px-px py-[0.2rem] transition-colors duration-100 ease-in-out\">\u2022 Venkite kontakto su akimis \u2013 patekus, kruop\u0161\u010diai nuskalaukite<\/span><br data-start=\"1010\" data-end=\"1013\" \/><span class=\"relative -mx-px my-[-0.2rem] rounded px-px py-[0.2rem] transition-colors duration-100 ease-in-out\">\u2022 Nutraukite naudojim\u0105 su atsiradus sudirginimui<\/span><br data-start=\"1052\" data-end=\"1055\" \/><span class=\"relative -mx-px my-[-0.2rem] rounded px-px py-[0.2rem] transition-colors duration-100 ease-in-out\">\u2022 Laikyti vaikams nepasiekiamoje vietoje<\/span><\/p>\n<p data-start=\"1096\" data-end=\"1199\"><strong data-start=\"1096\" data-end=\"1116\">Laikymo s\u0105lygos:<\/strong><br data-start=\"1116\" data-end=\"1119\" \/><span class=\"relative -mx-px my-[-0.2rem] rounded px-px py-[0.2rem] transition-colors duration-100 ease-in-out\">\u2022 Kambario temperat\u016broje, laikyti sandariai ir atokiau nuo tiesiogin\u0117s \u0161viesos bei \u0161ilumos (&lt;\u202f30\u202f\u00b0C)<\/span><\/p>\n","protected":false},"excerpt":{"rendered":"<p>Intensyviam blakstien\u0173 t\u016briui ir ilgiui<\/p>","protected":false},"featured_media":10526,"comment_status":"open","ping_status":"closed","template":"","meta":[],"product_cat":[331],"product_tag":[],"class_list":{"0":"post-10525","1":"product","2":"type-product","3":"status-publish","4":"has-post-thumbnail","6":"product_cat-tusai","7":"pa_brands-inika","8":"pa_talpa-13ml","10":"first","11":"instock","12":"taxable","13":"shipping-taxable","14":"purchasable","15":"product-type-simple"},"_links":{"self":[{"href":"https:\/\/miamedic.lt\/en\/wp-json\/wp\/v2\/product\/10525","targetHints":{"allow":["GET"]}}],"collection":[{"href":"https:\/\/miamedic.lt\/en\/wp-json\/wp\/v2\/product"}],"about":[{"href":"https:\/\/miamedic.lt\/en\/wp-json\/wp\/v2\/types\/product"}],"replies":[{"embeddable":true,"href":"https:\/\/miamedic.lt\/en\/wp-json\/wp\/v2\/comments?post=10525"}],"version-history":[{"count":3,"href":"https:\/\/miamedic.lt\/en\/wp-json\/wp\/v2\/product\/10525\/revisions"}],"predecessor-version":[{"id":12368,"href":"https:\/\/miamedic.lt\/en\/wp-json\/wp\/v2\/product\/10525\/revisions\/12368"}],"wp:featuredmedia":[{"embeddable":true,"href":"https:\/\/miamedic.lt\/en\/wp-json\/wp\/v2\/media\/10526"}],"wp:attachment":[{"href":"https:\/\/miamedic.lt\/en\/wp-json\/wp\/v2\/media?parent=10525"}],"wp:term":[{"taxonomy":"product_cat","embeddable":true,"href":"https:\/\/miamedic.lt\/en\/wp-json\/wp\/v2\/product_cat?post=10525"},{"taxonomy":"product_tag","embeddable":true,"href":"https:\/\/miamedic.lt\/en\/wp-json\/wp\/v2\/product_tag?post=10525"}],"curies":[{"name":"wp","href":"https:\/\/api.w.org\/{rel}","templated":true}]}}