{"id":10522,"date":"2025-07-10T10:49:56","date_gmt":"2025-07-10T10:49:56","guid":{"rendered":"https:\/\/miamedic.lt\/?post_type=product&#038;p=10522"},"modified":"2025-12-01T00:28:58","modified_gmt":"2025-12-01T00:28:58","slug":"organic-purity-lash","status":"publish","type":"product","link":"https:\/\/miamedic.lt\/en\/shop\/organic-purity-lash\/","title":{"rendered":"Organic Purity Lash"},"content":{"rendered":"<p data-start=\"42\" data-end=\"138\"><strong data-start=\"42\" data-end=\"138\">INIKA Organic Purity\u202fLash Mascara \u2013 pirmasis sertifikuotas ekologi\u0161kas tu\u0161as jautrioms akims<\/strong><\/p>\n<p data-start=\"140\" data-end=\"239\"><strong data-start=\"140\" data-end=\"162\">Trumpas apra\u0161ymas:<\/strong><br data-start=\"162\" data-end=\"165\" \/><span class=\"relative -mx-px my-[-0.2rem] rounded px-px py-[0.2rem] transition-colors duration-100 ease-in-out\">Purity\u202fLash yra naujos kartos organi\u0161kas tu\u0161as, kuriame 71\u202f% sud\u0117tini\u0173 dali\u0173 yra sertifikuotos ekologi\u0161kos. Sukurtas taip, kad dr\u0117kint\u0173 ir stiprint\u0173 blakstienas, jis suteikia sodr\u0173 juod\u0105 atspalv\u012f ir blizges\u012f, ta\u010diau i\u0161lieka \u0161velnus jautrioms akims.<\/span><\/p>\n<p data-start=\"241\" data-end=\"342\"><strong data-start=\"241\" data-end=\"265\">Odos \/ plauk\u0173 tipas:<\/strong><br data-start=\"265\" data-end=\"268\" \/><span class=\"relative -mx-px my-[-0.2rem] rounded px-px py-[0.2rem] transition-colors duration-100 ease-in-out\">Tinka jautrioms akims ir visiems tipams \u2013 dr\u0117kinanti ir kondicionuojanti formul\u0117 su nat\u016braliais ingredientais.<\/span><\/p>\n<p data-start=\"344\" data-end=\"672\"><strong data-start=\"344\" data-end=\"357\">Poveikis:<\/strong><br data-start=\"357\" data-end=\"360\" \/><span class=\"relative -mx-px my-[-0.2rem] rounded px-px py-[0.2rem] transition-colors duration-100 ease-in-out\">\u2022 Intensyvus pigmentas \u2013 vis\u0173 blakstien\u0173 suv\u0117limas vienu sluoksniu<\/span><br data-start=\"434\" data-end=\"437\" \/><span class=\"relative -mx-px my-[-0.2rem] rounded px-px py-[0.2rem] transition-colors duration-100 ease-in-out\">\u2022 Suteikia blakstienoms ilg\u012f, blizges\u012f \u2013 be gumuliuk\u0173, lupimosi ar sudirgimo<\/span><br data-start=\"511\" data-end=\"514\" \/><span class=\"relative -mx-px my-[-0.2rem] rounded px-px py-[0.2rem] transition-colors duration-100 ease-in-out\">\u2022 Dr\u0117kina ir stiprina d\u0117l ricino, saul\u0117gr\u0105\u017e\u0173 aliej\u0173 ir vitamino E<\/span><br data-start=\"591\" data-end=\"594\" \/><span class=\"relative -mx-px my-[-0.2rem] rounded px-px py-[0.2rem] transition-colors duration-100 ease-in-out\">\u2022 Ramina ir kondicionuoja naudojant magnolijos \u017eiev\u0117s ekstrakt\u0105<\/span><\/p>\n<p data-start=\"674\" data-end=\"932\"><strong data-start=\"674\" data-end=\"689\">Naudojimas:<\/strong><br data-start=\"689\" data-end=\"692\" \/><span class=\"relative -mx-px my-[-0.2rem] rounded px-px py-[0.2rem] transition-colors duration-100 ease-in-out\">\u2022 Tepkite paskutin\u012f makia\u017eo \u017eingsn\u012f, nuo \u0161akn\u0173 iki galiuk\u0173 \u2013 sukamaisiais judesiais, kol pasieksite norim\u0105 efekt\u0105<\/span><br data-start=\"770\" data-end=\"773\" \/><span class=\"relative -mx-px my-[-0.2rem] rounded px-px py-[0.2rem] transition-colors duration-100 ease-in-out\">\u2022 Nepumpuokite \u0161epet\u0117lio \u2013 tai apsaugo nuo oro pateikimo ir d\u017ei\u016bvimo<\/span><br data-start=\"851\" data-end=\"854\" \/><span class=\"relative -mx-px my-[-0.2rem] rounded px-px py-[0.2rem] transition-colors duration-100 ease-in-out\">\u2022 I\u0161valykite bet kok\u012f pertekli\u0173 po d\u017ei\u016bvimo \u2013 mink\u0161tu tamponu arba spoolie \u0161epet\u0117liu<\/span><\/p>\n<p data-start=\"934\" data-end=\"1167\"><strong data-start=\"934\" data-end=\"958\">Atsargumo priemon\u0117s:<\/strong><br data-start=\"958\" data-end=\"961\" \/><span class=\"relative -mx-px my-[-0.2rem] rounded px-px py-[0.2rem] transition-colors duration-100 ease-in-out\">\u2022 Skirta tik i\u0161oriniam naudojimui aplink akis<\/span><br data-start=\"1039\" data-end=\"1042\" \/><span class=\"relative -mx-px my-[-0.2rem] rounded px-px py-[0.2rem] transition-colors duration-100 ease-in-out\">\u2022 Venkite kontakto su akimis \u2013 patekimo atveju i\u0161kart nuskalaukite<\/span><br data-start=\"1081\" data-end=\"1084\" \/><span class=\"relative -mx-px my-[-0.2rem] rounded px-px py-[0.2rem] transition-colors duration-100 ease-in-out\">\u2022 Nutraukite naudojim\u0105 esant sudirginimui<\/span><br data-start=\"1123\" data-end=\"1126\" \/><span class=\"relative -mx-px my-[-0.2rem] rounded px-px py-[0.2rem] transition-colors duration-100 ease-in-out\">\u2022 Laikykite vaikams nepasiekiamoje vietoje<\/span><\/p>\n<p data-start=\"1169\" data-end=\"1312\"><strong data-start=\"1169\" data-end=\"1189\">Laikymo s\u0105lygos:<\/strong><br data-start=\"1189\" data-end=\"1192\" \/><span class=\"relative -mx-px my-[-0.2rem] rounded px-px py-[0.2rem] transition-colors duration-100 ease-in-out\">\u2022 Kambario temperat\u016broje (&lt;\u202f30\u202f\u00b0C), atokiau nuo saul\u0117s \u0161viesos<\/span><br data-start=\"1270\" data-end=\"1273\" \/><span class=\"relative -mx-px my-[-0.2rem] rounded px-px py-[0.2rem] transition-colors duration-100 ease-in-out\">\u2022 Sandariai u\u017edarykite tarp naudojim\u0173 \u2013 taip ilgiau i\u0161laikysite kokyb\u0119<\/span><\/p>\n","protected":false},"excerpt":{"rendered":"<p>Sertifikuotas ekologi\u0161kas tu\u0161as jautrioms akims<\/p>","protected":false},"featured_media":10523,"comment_status":"open","ping_status":"closed","template":"","meta":[],"product_cat":[331],"product_tag":[],"class_list":{"0":"post-10522","1":"product","2":"type-product","3":"status-publish","4":"has-post-thumbnail","6":"product_cat-tusai","7":"pa_brands-inika","8":"pa_talpa-85ml","10":"first","11":"instock","12":"taxable","13":"shipping-taxable","14":"purchasable","15":"product-type-simple"},"_links":{"self":[{"href":"https:\/\/miamedic.lt\/en\/wp-json\/wp\/v2\/product\/10522","targetHints":{"allow":["GET"]}}],"collection":[{"href":"https:\/\/miamedic.lt\/en\/wp-json\/wp\/v2\/product"}],"about":[{"href":"https:\/\/miamedic.lt\/en\/wp-json\/wp\/v2\/types\/product"}],"replies":[{"embeddable":true,"href":"https:\/\/miamedic.lt\/en\/wp-json\/wp\/v2\/comments?post=10522"}],"version-history":[{"count":2,"href":"https:\/\/miamedic.lt\/en\/wp-json\/wp\/v2\/product\/10522\/revisions"}],"predecessor-version":[{"id":12369,"href":"https:\/\/miamedic.lt\/en\/wp-json\/wp\/v2\/product\/10522\/revisions\/12369"}],"wp:featuredmedia":[{"embeddable":true,"href":"https:\/\/miamedic.lt\/en\/wp-json\/wp\/v2\/media\/10523"}],"wp:attachment":[{"href":"https:\/\/miamedic.lt\/en\/wp-json\/wp\/v2\/media?parent=10522"}],"wp:term":[{"taxonomy":"product_cat","embeddable":true,"href":"https:\/\/miamedic.lt\/en\/wp-json\/wp\/v2\/product_cat?post=10522"},{"taxonomy":"product_tag","embeddable":true,"href":"https:\/\/miamedic.lt\/en\/wp-json\/wp\/v2\/product_tag?post=10522"}],"curies":[{"name":"wp","href":"https:\/\/api.w.org\/{rel}","templated":true}]}}