{"id":10515,"date":"2025-07-10T10:45:45","date_gmt":"2025-07-10T10:45:45","guid":{"rendered":"https:\/\/miamedic.lt\/?post_type=product&#038;p=10515"},"modified":"2025-12-01T00:30:12","modified_gmt":"2025-12-01T00:30:12","slug":"long-lash-mascara","status":"publish","type":"product","link":"https:\/\/miamedic.lt\/en\/shop\/long-lash-mascara\/","title":{"rendered":"Long Lash Mascara"},"content":{"rendered":"<p data-start=\"42\" data-end=\"154\"><strong data-start=\"42\" data-end=\"154\">INIKA Organic Long Lash Mascara \u2013 prabangus nat\u016bralus tu\u0161as ilgoms, intensyvioms ir nat\u016bralioms blakstienoms<\/strong><\/p>\n<p data-start=\"156\" data-end=\"255\"><strong data-start=\"156\" data-end=\"178\">Trumpas apra\u0161ymas:<\/strong><br data-start=\"178\" data-end=\"181\" \/><span class=\"relative -mx-px my-[-0.2rem] rounded px-px py-[0.2rem] transition-colors duration-100 ease-in-out\">Auk\u0161\u010diausios klas\u0117s, vegani\u0161ka, COSMOS\u2011sertifikuota formul\u0117, sukurta i\u0161 100\u202f% nat\u016brali\u0173, augalini\u0173 ingredient\u0173. Vienu \u0161epet\u0117lio mostu suteikia stulbinant\u012f ilg\u012f ir t\u016bri\u0161kumo efekt\u0105, i\u0161laikant nat\u016brali\u0105 puri\u0105 i\u0161vaizd\u0105.<\/span><\/p>\n<p data-start=\"257\" data-end=\"358\"><strong data-start=\"257\" data-end=\"281\">Odos \/ plauk\u0173 tipas:<\/strong><br data-start=\"281\" data-end=\"284\" \/><span class=\"relative -mx-px my-[-0.2rem] rounded px-px py-[0.2rem] transition-colors duration-100 ease-in-out\">Tinka visiems \u2013 net ir jautrioms akims. Rekomenduojamas visiems, kurie vertina nat\u016bralius makia\u017eo sprendimus.<\/span><\/p>\n<p data-start=\"360\" data-end=\"375\"><strong data-start=\"360\" data-end=\"373\">Poveikis:<\/strong><\/p>\n<ul data-start=\"376\" data-end=\"612\">\n<li data-start=\"376\" data-end=\"454\">\n<p data-start=\"378\" data-end=\"454\"><span class=\"relative -mx-px my-[-0.2rem] rounded px-px py-[0.2rem] transition-colors duration-100 ease-in-out\">Ilgina, tankina ir suteikia rimt\u0105 t\u016bri\u0161kumo efekt\u0105 \u2013 panoramin\u012f \u017evilgsn\u012f vienu sluoksniu<\/span><\/p>\n<\/li>\n<li data-start=\"455\" data-end=\"533\">\n<p data-start=\"457\" data-end=\"533\"><span class=\"relative -mx-px my-[-0.2rem] rounded px-px py-[0.2rem] transition-colors duration-100 ease-in-out\">\u201eSilk\u2011smooth\u201c, be gumuliuk\u0173 tekst\u016bra \u2013 ilgalaik\u0117, neblukusi spalva<\/span><\/p>\n<\/li>\n<li data-start=\"534\" data-end=\"612\">\n<p data-start=\"536\" data-end=\"612\"><span class=\"relative -mx-px my-[-0.2rem] rounded px-px py-[0.2rem] transition-colors duration-100 ease-in-out\">\u0160velniai kondicionuoja \u2013 ricinos, magnolijos, saul\u0117gr\u0105\u017e\u0173 aliejai dr\u0117kina, stiprina ir apsaugo plaukus<\/span><\/p>\n<\/li>\n<\/ul>\n<p data-start=\"614\" data-end=\"631\"><strong data-start=\"614\" data-end=\"629\">Naudojimas:<\/strong><\/p>\n<ol data-start=\"632\" data-end=\"965\">\n<li data-start=\"632\" data-end=\"715\">\n<p data-start=\"635\" data-end=\"715\"><span class=\"relative -mx-px my-[-0.2rem] rounded px-px py-[0.2rem] transition-colors duration-100 ease-in-out\">Taper\u030ckite tu\u0161\u0105 \u012fgalius sukamaisiais mostais nuo blakstien\u0173 \u0161akn\u0173 iki galiuk\u0173.<\/span><\/p>\n<\/li>\n<li data-start=\"716\" data-end=\"799\">\n<p data-start=\"719\" data-end=\"799\"><span class=\"relative -mx-px my-[-0.2rem] rounded px-px py-[0.2rem] transition-colors duration-100 ease-in-out\">Gali sluoksniuoti \u2013 taip sukurkite norim\u0105 dramati\u0161k\u0105 arba subtil\u0173 efekt\u0105.<\/span><\/p>\n<\/li>\n<li data-start=\"800\" data-end=\"883\">\n<p data-start=\"803\" data-end=\"883\"><span class=\"relative -mx-px my-[-0.2rem] rounded px-px py-[0.2rem] transition-colors duration-100 ease-in-out\">Nerinkite ir ne\u012fla\u0161inkite \u0161epet\u0117lio \u2013 tai padeda i\u0161vengti tu\u0161o d\u017ei\u016bvimo.<\/span><\/p>\n<\/li>\n<li data-start=\"884\" data-end=\"965\">\n<p data-start=\"887\" data-end=\"965\"><span class=\"relative -mx-px my-[-0.2rem] rounded px-px py-[0.2rem] transition-colors duration-100 ease-in-out\">Palikite u\u017edaryt\u0105 kambario temperat\u016broje (&lt;\u202f30\u202f\u00b0C).<\/span><\/p>\n<\/li>\n<\/ol>\n<p data-start=\"967\" data-end=\"993\"><strong data-start=\"967\" data-end=\"991\">Atsargumo priemon\u0117s:<\/strong><\/p>\n<ul data-start=\"994\" data-end=\"1167\">\n<li data-start=\"994\" data-end=\"1037\">\n<p data-start=\"996\" data-end=\"1037\"><span class=\"relative -mx-px my-[-0.2rem] rounded px-px py-[0.2rem] transition-colors duration-100 ease-in-out\">Tik i\u0161oriniam naudojimui aplink akis<\/span><\/p>\n<\/li>\n<li data-start=\"1038\" data-end=\"1081\">\n<p data-start=\"1040\" data-end=\"1081\"><span class=\"relative -mx-px my-[-0.2rem] rounded px-px py-[0.2rem] transition-colors duration-100 ease-in-out\">Venkite patekimo \u012f akis; i\u0161sipylus \u2013 kruop\u0161\u010diai nuskalaukite<\/span><\/p>\n<\/li>\n<li data-start=\"1082\" data-end=\"1125\">\n<p data-start=\"1084\" data-end=\"1125\"><span class=\"relative -mx-px my-[-0.2rem] rounded px-px py-[0.2rem] transition-colors duration-100 ease-in-out\">Nutraukite naudojim\u0105 atsiradus sudirgimui<\/span><\/p>\n<\/li>\n<li data-start=\"1126\" data-end=\"1167\">\n<p data-start=\"1128\" data-end=\"1167\"><span class=\"relative -mx-px my-[-0.2rem] rounded px-px py-[0.2rem] transition-colors duration-100 ease-in-out\">Laikyti vaikams nepasiekiamoje vietoje<\/span><\/p>\n<\/li>\n<\/ul>\n<p data-start=\"1169\" data-end=\"1191\"><strong data-start=\"1169\" data-end=\"1189\">Laikymo s\u0105lygos:<\/strong><\/p>\n<ul data-start=\"1192\" data-end=\"1360\">\n<li data-start=\"1192\" data-end=\"1235\">\n<p data-start=\"1194\" data-end=\"1235\"><span class=\"relative -mx-px my-[-0.2rem] rounded px-px py-[0.2rem] transition-colors duration-100 ease-in-out\">Kambario temperat\u016broje, \u017eemiau 30\u202f\u00b0C<\/span><\/p>\n<\/li>\n<li data-start=\"1236\" data-end=\"1279\">\n<p data-start=\"1238\" data-end=\"1279\"><span class=\"relative -mx-px my-[-0.2rem] rounded px-px py-[0.2rem] transition-colors duration-100 ease-in-out\">Sandariai u\u017edaryt\u0105, apsaugoti nuo tiesiogin\u0117s saul\u0117s \u0161viesos<\/span><\/p>\n<\/li>\n<li data-start=\"1280\" data-end=\"1360\">\n<p data-start=\"1282\" data-end=\"1360\"><span class=\"relative -mx-px my-[-0.2rem] rounded px-px py-[0.2rem] transition-colors duration-100 ease-in-out\">Rekomenduojama keisti kas 6 m\u0117nesius d\u0117l nat\u016bralios sud\u0117ties<\/span><\/p>\n<\/li>\n<\/ul>\n<p data-start=\"1362\" data-end=\"1390\">\n","protected":false},"excerpt":{"rendered":"<p>Prabangus nat\u016bralus tu\u0161as ilgoms, intensyvioms ir nat\u016bralioms blakstienoms i\u0161gauti<\/p>","protected":false},"featured_media":10516,"comment_status":"open","ping_status":"closed","template":"","meta":[],"product_cat":[331],"product_tag":[],"class_list":{"0":"post-10515","1":"product","2":"type-product","3":"status-publish","4":"has-post-thumbnail","6":"product_cat-tusai","7":"pa_brands-inika","8":"pa_talpa-8ml","10":"first","11":"instock","12":"taxable","13":"shipping-taxable","14":"purchasable","15":"product-type-variable"},"_links":{"self":[{"href":"https:\/\/miamedic.lt\/en\/wp-json\/wp\/v2\/product\/10515","targetHints":{"allow":["GET"]}}],"collection":[{"href":"https:\/\/miamedic.lt\/en\/wp-json\/wp\/v2\/product"}],"about":[{"href":"https:\/\/miamedic.lt\/en\/wp-json\/wp\/v2\/types\/product"}],"replies":[{"embeddable":true,"href":"https:\/\/miamedic.lt\/en\/wp-json\/wp\/v2\/comments?post=10515"}],"version-history":[{"count":1,"href":"https:\/\/miamedic.lt\/en\/wp-json\/wp\/v2\/product\/10515\/revisions"}],"predecessor-version":[{"id":10521,"href":"https:\/\/miamedic.lt\/en\/wp-json\/wp\/v2\/product\/10515\/revisions\/10521"}],"wp:featuredmedia":[{"embeddable":true,"href":"https:\/\/miamedic.lt\/en\/wp-json\/wp\/v2\/media\/10516"}],"wp:attachment":[{"href":"https:\/\/miamedic.lt\/en\/wp-json\/wp\/v2\/media?parent=10515"}],"wp:term":[{"taxonomy":"product_cat","embeddable":true,"href":"https:\/\/miamedic.lt\/en\/wp-json\/wp\/v2\/product_cat?post=10515"},{"taxonomy":"product_tag","embeddable":true,"href":"https:\/\/miamedic.lt\/en\/wp-json\/wp\/v2\/product_tag?post=10515"}],"curies":[{"name":"wp","href":"https:\/\/api.w.org\/{rel}","templated":true}]}}