{"id":10511,"date":"2025-07-10T10:37:03","date_gmt":"2025-07-10T10:37:03","guid":{"rendered":"https:\/\/miamedic.lt\/?post_type=product&#038;p=10511"},"modified":"2025-12-01T00:28:58","modified_gmt":"2025-12-01T00:28:58","slug":"curvy-lash-mascara","status":"publish","type":"product","link":"https:\/\/miamedic.lt\/en\/shop\/curvy-lash-mascara\/","title":{"rendered":"Curvy Lash Mascara"},"content":{"rendered":"<p data-start=\"42\" data-end=\"136\"><strong data-start=\"42\" data-end=\"136\">INIKA Curvy Lash Mascara \u2013\u00a0 juodas tu\u0161as intensyviam pak\u0117limui ir u\u017erietimui<\/strong><\/p>\n<p data-start=\"42\" data-end=\"136\"><strong data-start=\"138\" data-end=\"160\">Trumpas apra\u0161ymas:<\/strong><br data-start=\"160\" data-end=\"163\" \/><span class=\"relative -mx-px my-[-0.2rem] rounded px-px py-[0.2rem] transition-colors duration-100 ease-in-out\">Nat\u016bralus, \u201eCOSMOS Natural\u201c, vegani\u0161kas ir be \u017eiaurumo turintis tu\u0161as, sukurtas suteikti pasaki\u0161kai ilg\u0173, i\u0161lenkt\u0173 blakstien\u0173 efekt\u0105 be prilipim\u0173 ar sluoksniavimosi. Specialiai suformuotas \u0161epet\u0117lis vienu judesiu pakelia blakstienas nuo \u0161akn\u0173 iki galiuk\u0173.<\/span><\/p>\n<p data-start=\"202\" data-end=\"266\"><strong data-start=\"202\" data-end=\"226\">Odos \/ plauk\u0173 tipas:<\/strong><br data-start=\"226\" data-end=\"229\" \/><span class=\"relative -mx-px my-[-0.2rem] rounded px-px py-[0.2rem] transition-colors duration-100 ease-in-out\">Tinka visiems \u2013 ypa\u010d riebiai, jautriai odai ir net jautrioms akims.<\/span><\/p>\n<p data-start=\"268\" data-end=\"593\"><strong data-start=\"268\" data-end=\"281\">Poveikis:<\/strong><br data-start=\"281\" data-end=\"284\" \/><span class=\"relative -mx-px my-[-0.2rem] rounded px-px py-[0.2rem] transition-colors duration-100 ease-in-out\">\u2022 I\u0161s\u0117ja, pabr\u0117\u017eia blakstienas, suteikia link\u012f ir ilg\u012f<\/span><br data-start=\"358\" data-end=\"361\" \/><span class=\"relative -mx-px my-[-0.2rem] rounded px-px py-[0.2rem] transition-colors duration-100 ease-in-out\">\u2022 Padeda formuoti dramati\u0161k\u0105, bet nat\u016bral\u0173 vaizd\u0105 keliomis sluoksni\u0173 kombinacijomis<\/span><br data-start=\"435\" data-end=\"438\" \/><span class=\"relative -mx-px my-[-0.2rem] rounded px-px py-[0.2rem] transition-colors duration-100 ease-in-out\">\u2022 Smulkiai gonguota tekst\u016bra \u2013 be gabal\u0117li\u0173 ar \u201evoratinkli\u0173\u201c efekto<\/span><br data-start=\"512\" data-end=\"515\" \/><span class=\"relative -mx-px my-[-0.2rem] rounded px-px py-[0.2rem] transition-colors duration-100 ease-in-out\">\u2022 Atsparus aptepamui ir dr\u0117gmei \u2013 ilgai i\u0161laiko rezultat\u0105<\/span><\/p>\n<p data-start=\"595\" data-end=\"855\"><strong data-start=\"595\" data-end=\"610\">Naudojimas:<\/strong><br data-start=\"610\" data-end=\"613\" \/><span class=\"relative -mx-px my-[-0.2rem] rounded px-px py-[0.2rem] transition-colors duration-100 ease-in-out\">\u2022 Naudoti makia\u017eo pabaigoje, prie\u0161 tai leid\u017eiant d\u017ei\u016bti kitoms priemon\u0117ms<\/span><br data-start=\"691\" data-end=\"694\" \/><span class=\"relative -mx-px my-[-0.2rem] rounded px-px py-[0.2rem] transition-colors duration-100 ease-in-out\">\u2022 Tepant \u2013 sukamaisiais judesiais nuo \u0161akn\u0173 iki galiuk\u0173, sistemingai ir kelis sluoksnius, kol pasiekta norima apimtis<\/span><br data-start=\"772\" data-end=\"775\" \/><span class=\"relative -mx-px my-[-0.2rem] rounded px-px py-[0.2rem] transition-colors duration-100 ease-in-out\">\u2022 Patarimas: netraukite \u0161epet\u0117lio per dangtel\u012f \u2013 tai padeda i\u0161vengti oro pateikimo ir d\u017ei\u016bvimo<\/span><\/p>\n<p data-start=\"857\" data-end=\"1090\"><strong data-start=\"857\" data-end=\"881\">Atsargumo priemon\u0117s:<\/strong><br data-start=\"881\" data-end=\"884\" \/><span class=\"relative -mx-px my-[-0.2rem] rounded px-px py-[0.2rem] transition-colors duration-100 ease-in-out\">\u2022 Tik i\u0161oriniam naudojimui aplink akis<\/span><br data-start=\"962\" data-end=\"965\" \/><span class=\"relative -mx-px my-[-0.2rem] rounded px-px py-[0.2rem] transition-colors duration-100 ease-in-out\">\u2022 Venkite kontakto su akimis \u2013 \u012fvykus, kruop\u0161\u010diai skalauti<\/span><br data-start=\"1004\" data-end=\"1007\" \/><span class=\"relative -mx-px my-[-0.2rem] rounded px-px py-[0.2rem] transition-colors duration-100 ease-in-out\">\u2022 Nutraukite naudojim\u0105, jei oda sudirgsta<\/span><br data-start=\"1046\" data-end=\"1049\" \/><span class=\"relative -mx-px my-[-0.2rem] rounded px-px py-[0.2rem] transition-colors duration-100 ease-in-out\">\u2022 Laikyti vaikams nepasiekiamoje vietoje<\/span><\/p>\n<p data-start=\"1092\" data-end=\"1237\"><strong data-start=\"1092\" data-end=\"1112\">Laikymo s\u0105lygos:<\/strong><br data-start=\"1112\" data-end=\"1115\" \/><span class=\"relative -mx-px my-[-0.2rem] rounded px-px py-[0.2rem] transition-colors duration-100 ease-in-out\">\u2022 Laikyti \u017eemiau 30\u202f\u00b0C kambario temperat\u016broje<\/span><br data-start=\"1193\" data-end=\"1196\" \/><span class=\"relative -mx-px my-[-0.2rem] rounded px-px py-[0.2rem] transition-colors duration-100 ease-in-out\">\u2022 Sandariai u\u017edaryti, apsaugoti nuo tiesiogini\u0173 saul\u0117s ir \u0161ilumos<\/span><\/p>\n","protected":false},"excerpt":{"rendered":"<p>Juodas tu\u0161as intensyviam pak\u0117limui ir u\u017erietimui<\/p>","protected":false},"featured_media":10512,"comment_status":"open","ping_status":"closed","template":"","meta":[],"product_cat":[331],"product_tag":[],"class_list":{"0":"post-10511","1":"product","2":"type-product","3":"status-publish","4":"has-post-thumbnail","6":"product_cat-tusai","7":"pa_brands-inika","8":"pa_talpa-75ml-2","10":"first","11":"instock","12":"taxable","13":"shipping-taxable","14":"purchasable","15":"product-type-simple"},"_links":{"self":[{"href":"https:\/\/miamedic.lt\/en\/wp-json\/wp\/v2\/product\/10511","targetHints":{"allow":["GET"]}}],"collection":[{"href":"https:\/\/miamedic.lt\/en\/wp-json\/wp\/v2\/product"}],"about":[{"href":"https:\/\/miamedic.lt\/en\/wp-json\/wp\/v2\/types\/product"}],"replies":[{"embeddable":true,"href":"https:\/\/miamedic.lt\/en\/wp-json\/wp\/v2\/comments?post=10511"}],"version-history":[{"count":3,"href":"https:\/\/miamedic.lt\/en\/wp-json\/wp\/v2\/product\/10511\/revisions"}],"predecessor-version":[{"id":12370,"href":"https:\/\/miamedic.lt\/en\/wp-json\/wp\/v2\/product\/10511\/revisions\/12370"}],"wp:featuredmedia":[{"embeddable":true,"href":"https:\/\/miamedic.lt\/en\/wp-json\/wp\/v2\/media\/10512"}],"wp:attachment":[{"href":"https:\/\/miamedic.lt\/en\/wp-json\/wp\/v2\/media?parent=10511"}],"wp:term":[{"taxonomy":"product_cat","embeddable":true,"href":"https:\/\/miamedic.lt\/en\/wp-json\/wp\/v2\/product_cat?post=10511"},{"taxonomy":"product_tag","embeddable":true,"href":"https:\/\/miamedic.lt\/en\/wp-json\/wp\/v2\/product_tag?post=10511"}],"curies":[{"name":"wp","href":"https:\/\/api.w.org\/{rel}","templated":true}]}}