{"id":10504,"date":"2025-07-10T10:30:59","date_gmt":"2025-07-10T10:30:59","guid":{"rendered":"https:\/\/miamedic.lt\/?post_type=product&#038;p=10504"},"modified":"2025-12-01T00:28:58","modified_gmt":"2025-12-01T00:28:58","slug":"organic-lash-brow-serum","status":"publish","type":"product","link":"https:\/\/miamedic.lt\/en\/shop\/organic-lash-brow-serum\/","title":{"rendered":"Organic Lash &amp; Brow Serum"},"content":{"rendered":"<p data-start=\"5\" data-end=\"115\"><strong data-start=\"5\" data-end=\"115\">INIKA Organic Lash &amp; Brow Serum \u2013 nat\u016bralus serumas tankesniems ir sveikesniems blakstienoms bei antakiams<\/strong><\/p>\n<p data-start=\"117\" data-end=\"218\"><strong data-start=\"117\" data-end=\"139\">Trumpas apra\u0161ymas:<\/strong><br data-start=\"139\" data-end=\"142\" \/><span class=\"relative -mx-px my-[-0.2rem] rounded px-px py-[0.2rem] transition-colors duration-100 ease-in-out\">INIKA Organic Lash &amp; Brow Serum \u2013 tai sertifikuotas nat\u016bralus ir vegani\u0161kas serumas, sukurtas sustiprinti plon\u0117jan\u010dias ar ret\u0117jan\u010dias blakstienas ir antakius. Unikali formul\u0117 sukurta ne tik stimuliuoti augim\u0105, bet ir pagerinti folikul\u0173 b\u016bkl\u0119 bei u\u017ekirsti keli\u0105 l\u016b\u017ein\u0117jimui ir plauk\u0173 slinkimui<\/span><\/p>\n<p data-start=\"220\" data-end=\"321\"><strong data-start=\"220\" data-end=\"242\">Plauk\u0173\/odos tipas:<\/strong><br data-start=\"242\" data-end=\"245\" \/><span class=\"relative -mx-px my-[-0.2rem] rounded px-px py-[0.2rem] transition-colors duration-100 ease-in-out\">Tinka visiems \u2013 normaliai, mi\u0161riai, riebiai, sausai ir jautriai sri\u010diai aplink akis<\/span> .<\/p>\n<p data-start=\"323\" data-end=\"338\"><strong data-start=\"323\" data-end=\"336\">Poveikis:<\/strong><\/p>\n<ul data-start=\"339\" data-end=\"660\">\n<li data-start=\"339\" data-end=\"418\">\n<p data-start=\"341\" data-end=\"418\"><span class=\"relative -mx-px my-[-0.2rem] rounded px-px py-[0.2rem] transition-colors duration-100 ease-in-out\">Intensyviai dr\u0117kina ir kondicionuoja plauk\u0173 folikulus<\/span><\/p>\n<\/li>\n<li data-start=\"419\" data-end=\"498\">\n<p data-start=\"421\" data-end=\"498\"><span class=\"relative -mx-px my-[-0.2rem] rounded px-px py-[0.2rem] transition-colors duration-100 ease-in-out\">Stiprina ir ma\u017eina plauk\u0173 l\u016b\u017ein\u0117jim\u0105 bei slinkim\u0105<\/span><\/p>\n<\/li>\n<li data-start=\"499\" data-end=\"578\">\n<p data-start=\"501\" data-end=\"578\"><span class=\"relative -mx-px my-[-0.2rem] rounded px-px py-[0.2rem] transition-colors duration-100 ease-in-out\">Skatina tankesn\u012f ir intensyvesn\u012f augim\u0105 \u2013 matomi rezultatai po nuolatinio naudojimo<\/span><\/p>\n<\/li>\n<li data-start=\"579\" data-end=\"660\">\n<p data-start=\"581\" data-end=\"660\"><span class=\"relative -mx-px my-[-0.2rem] rounded px-px py-[0.2rem] transition-colors duration-100 ease-in-out\">Suteikia blakstienoms ir antakiams nat\u016bral\u0173 blizges\u012f<\/span><\/p>\n<\/li>\n<\/ul>\n<p data-start=\"662\" data-end=\"679\"><strong data-start=\"662\" data-end=\"677\">Naudojimas:<\/strong><\/p>\n<ul data-start=\"680\" data-end=\"973\">\n<li data-start=\"680\" data-end=\"763\">\n<p data-start=\"682\" data-end=\"763\"><span class=\"relative -mx-px my-[-0.2rem] rounded px-px py-[0.2rem] transition-colors duration-100 ease-in-out\">Tepkite ryte ir (arba) vakare ant \u0161vari\u0173 blakstien\u0173 ir antaki\u0173 sri\u010di\u0173<\/span><\/p>\n<\/li>\n<li data-start=\"764\" data-end=\"807\">\n<p data-start=\"766\" data-end=\"807\"><span class=\"relative -mx-px my-[-0.2rem] rounded px-px py-[0.2rem] transition-colors duration-100 ease-in-out\">Naudojant ta\u0161kin\u012f \u0161epet\u0117l\u012f: br\u016bk\u0161telkite serum\u0105 palei vir\u0161utin\u0119 blakstien\u0173 linij\u0105<\/span><\/p>\n<\/li>\n<li data-start=\"808\" data-end=\"891\">\n<p data-start=\"810\" data-end=\"891\"><span class=\"relative -mx-px my-[-0.2rem] rounded px-px py-[0.2rem] transition-colors duration-100 ease-in-out\">Apsaugojant antakius: apiberkite \u0161akn\u0173 linij\u0105 ir \u0161ukuokite p\u016bkeliu sukamaisiais judesiais<\/span><\/p>\n<\/li>\n<li data-start=\"892\" data-end=\"973\">\n<p data-start=\"894\" data-end=\"973\"><span class=\"relative -mx-px my-[-0.2rem] rounded px-px py-[0.2rem] transition-colors duration-100 ease-in-out\">Naudokite reguliariai \u2013 tai padeda pasiekti optimal\u0173 efekt\u0105<\/span><\/p>\n<\/li>\n<\/ul>\n<p data-start=\"975\" data-end=\"1001\"><strong data-start=\"975\" data-end=\"999\">Atsargumo priemon\u0117s:<\/strong><\/p>\n<ul data-start=\"1002\" data-end=\"1259\">\n<li data-start=\"1002\" data-end=\"1045\">\n<p data-start=\"1004\" data-end=\"1045\"><span class=\"relative -mx-px my-[-0.2rem] rounded px-px py-[0.2rem] transition-colors duration-100 ease-in-out\">Tik i\u0161oriniam naudojimui<\/span><\/p>\n<\/li>\n<li data-start=\"1046\" data-end=\"1089\">\n<p data-start=\"1048\" data-end=\"1089\"><span class=\"relative -mx-px my-[-0.2rem] rounded px-px py-[0.2rem] transition-colors duration-100 ease-in-out\">Venkite patekimo \u012f akis; jei tai nutinka \u2013 kruop\u0161\u010diai nuskalaukite<\/span><\/p>\n<\/li>\n<li data-start=\"1090\" data-end=\"1133\">\n<p data-start=\"1092\" data-end=\"1133\"><span class=\"relative -mx-px my-[-0.2rem] rounded px-px py-[0.2rem] transition-colors duration-100 ease-in-out\">Nutraukite naudojim\u0105, jei pasirei\u0161kia stiprus sudirgimas<\/span><\/p>\n<\/li>\n<li data-start=\"1134\" data-end=\"1217\">\n<p data-start=\"1136\" data-end=\"1217\"><span class=\"relative -mx-px my-[-0.2rem] rounded px-px py-[0.2rem] transition-colors duration-100 ease-in-out\">Rekomenduojama atlikti odos pleistr\u0105 test\u0105 prie\u0161 pirm\u0105 naudojim\u0105<\/span><\/p>\n<\/li>\n<li data-start=\"1218\" data-end=\"1259\">\n<p data-start=\"1220\" data-end=\"1259\"><span class=\"relative -mx-px my-[-0.2rem] rounded px-px py-[0.2rem] transition-colors duration-100 ease-in-out\">Laikyti vaikams nepasiekiamoje vietoje<\/span><\/p>\n<\/li>\n<\/ul>\n<p data-start=\"1261\" data-end=\"1283\"><strong data-start=\"1261\" data-end=\"1281\">Laikymo s\u0105lygos:<\/strong><\/p>\n<ul data-start=\"1284\" data-end=\"1449\">\n<li data-start=\"1284\" data-end=\"1367\">\n<p data-start=\"1286\" data-end=\"1367\"><span class=\"relative -mx-px my-[-0.2rem] rounded px-px py-[0.2rem] transition-colors duration-100 ease-in-out\">Laikyti kambario temperat\u016broje (&lt;30\u202f\u00b0C), sausoje, be tiesiogini\u0173 saul\u0117s spinduli\u0173<\/span><\/p>\n<\/li>\n<li data-start=\"1368\" data-end=\"1449\">\n<p data-start=\"1370\" data-end=\"1449\"><span class=\"relative -mx-px my-[-0.2rem] rounded px-px py-[0.2rem] transition-colors duration-100 ease-in-out\">Pakuot\u0117 gaminama i\u0161 perdirbto plastiko (PCR), siekiant tvarumo<\/span><\/p>\n<\/li>\n<\/ul>\n","protected":false},"excerpt":{"rendered":"<p>Nat\u016bralus serumas tankesniems ir sveikesniems blakstienoms bei antakiams<\/p>","protected":false},"featured_media":10505,"comment_status":"open","ping_status":"closed","template":"","meta":[],"product_cat":[269],"product_tag":[],"class_list":{"0":"post-10504","1":"product","2":"type-product","3":"status-publish","4":"has-post-thumbnail","6":"product_cat-blakstienoms-ir-antakiams","7":"pa_brands-inika","8":"pa_talpa-7ml","10":"first","11":"instock","12":"taxable","13":"shipping-taxable","14":"purchasable","15":"product-type-simple"},"_links":{"self":[{"href":"https:\/\/miamedic.lt\/en\/wp-json\/wp\/v2\/product\/10504","targetHints":{"allow":["GET"]}}],"collection":[{"href":"https:\/\/miamedic.lt\/en\/wp-json\/wp\/v2\/product"}],"about":[{"href":"https:\/\/miamedic.lt\/en\/wp-json\/wp\/v2\/types\/product"}],"replies":[{"embeddable":true,"href":"https:\/\/miamedic.lt\/en\/wp-json\/wp\/v2\/comments?post=10504"}],"version-history":[{"count":4,"href":"https:\/\/miamedic.lt\/en\/wp-json\/wp\/v2\/product\/10504\/revisions"}],"predecessor-version":[{"id":12371,"href":"https:\/\/miamedic.lt\/en\/wp-json\/wp\/v2\/product\/10504\/revisions\/12371"}],"wp:featuredmedia":[{"embeddable":true,"href":"https:\/\/miamedic.lt\/en\/wp-json\/wp\/v2\/media\/10505"}],"wp:attachment":[{"href":"https:\/\/miamedic.lt\/en\/wp-json\/wp\/v2\/media?parent=10504"}],"wp:term":[{"taxonomy":"product_cat","embeddable":true,"href":"https:\/\/miamedic.lt\/en\/wp-json\/wp\/v2\/product_cat?post=10504"},{"taxonomy":"product_tag","embeddable":true,"href":"https:\/\/miamedic.lt\/en\/wp-json\/wp\/v2\/product_tag?post=10504"}],"curies":[{"name":"wp","href":"https:\/\/api.w.org\/{rel}","templated":true}]}}