{"id":10451,"date":"2025-07-09T13:06:14","date_gmt":"2025-07-09T13:06:14","guid":{"rendered":"https:\/\/miamedic.lt\/?post_type=product&#038;p=10451"},"modified":"2025-12-01T00:29:00","modified_gmt":"2025-12-01T00:29:00","slug":"mineral-blush-puff-pot","status":"publish","type":"product","link":"https:\/\/miamedic.lt\/en\/shop\/mineral-blush-puff-pot\/","title":{"rendered":"Mineral Blush Puff Pot"},"content":{"rendered":"<p data-start=\"42\" data-end=\"173\"><strong data-start=\"42\" data-end=\"173\">INIKA Mineral Blush Puff Pot \u2013 kompakti\u0161ka mineralin\u0117 skaistal\u0173 pudra su integruota p\u016bkeliu suteikti nat\u016bral\u0173, \u0161veln\u0173 \u0161vyt\u0117jim\u0105<\/strong><\/p>\n<p data-start=\"175\" data-end=\"276\"><strong data-start=\"175\" data-end=\"197\">Trumpas apra\u0161ymas:<\/strong><br data-start=\"197\" data-end=\"200\" \/><span class=\"relative -mx-px my-[-0.2rem] rounded px-px py-[0.2rem] transition-colors duration-100 ease-in-out\">INIKA Mineral Blush Puff Pot \u2013 tai 100\u202f% nat\u016brali mineralin\u0117 pudra saugoma kompakti\u0161kame indelyje su integruota p\u016bkeliu. Ji sukurta suteikti greit\u0105, gaiv\u0173 ir daugiapakop\u012f \u0161veln\u0173 skaistal\u0173 poveik\u012f vos vienu judesiu \u2013 puikiai tinka kasdieniniam makia\u017eui ir pakartotiniams patempimams dienos metu<\/span><\/p>\n<p data-start=\"278\" data-end=\"372\"><strong data-start=\"278\" data-end=\"293\">Odos tipas:<\/strong><br data-start=\"293\" data-end=\"296\" \/><span class=\"relative -mx-px my-[-0.2rem] rounded px-px py-[0.2rem] transition-colors duration-100 ease-in-out\">Tinka visiems odos tipams, taip pat jautriai ir riebiai odai, nes formul\u0117 yra lengva, nekomedogeni\u0161ka ir bekvap\u0117<\/span> .<\/p>\n<p data-start=\"374\" data-end=\"585\"><strong data-start=\"374\" data-end=\"387\">Poveikis:<\/strong><br data-start=\"387\" data-end=\"390\" \/><span class=\"relative -mx-px my-[-0.2rem] rounded px-px py-[0.2rem] transition-colors duration-100 ease-in-out\">\u2022 Suteikia nat\u016bral\u0173, matin\u012f \u0161veln\u0173 \u0161vyt\u0117jim\u0105 \u201ehealthy flush\u201c<\/span><br data-start=\"427\" data-end=\"430\" \/><span class=\"relative -mx-px my-[-0.2rem] rounded px-px py-[0.2rem] transition-colors duration-100 ease-in-out\">\u2022 Sluoksniuojama tekst\u016bra leid\u017eia reguliuoti intensyvum\u0105 nuo subtilaus iki ry\u0161kaus efekto<\/span><br data-start=\"467\" data-end=\"470\" \/><span class=\"relative -mx-px my-[-0.2rem] rounded px-px py-[0.2rem] transition-colors duration-100 ease-in-out\">\u2022 Sugeria perteklin\u012f odos blizges\u012f, i\u0161laikant matin\u012f pavir\u0161i\u0173<\/span><br data-start=\"507\" data-end=\"510\" \/><span class=\"relative -mx-px my-[-0.2rem] rounded px-px py-[0.2rem] transition-colors duration-100 ease-in-out\">\u2022 Ramina ir komfortuoja od\u0105 \u2013 be talco, paraben\u0173 ar dirginan\u010di\u0173 med\u017eiag\u0173<\/span><\/p>\n<p data-start=\"587\" data-end=\"604\"><strong data-start=\"587\" data-end=\"602\">Naudojimas:<\/strong><\/p>\n<ol data-start=\"605\" data-end=\"905\">\n<li data-start=\"605\" data-end=\"690\">\n<p data-start=\"608\" data-end=\"690\"><span class=\"relative -mx-px my-[-0.2rem] rounded px-px py-[0.2rem] transition-colors duration-100 ease-in-out\">Pad\u0117kite indel\u012f apverstas ir \u0161velniai pakratykite, kad pudra patekt\u0173 \u012f p\u016bkel\u012f<\/span> <span class=\"\" data-state=\"closed\"><span class=\"ms-1 inline-flex max-w-full items-center relative top-[-0.094rem] animate-[show_150ms_ease-in]\"><a class=\"flex h-4.5 overflow-hidden rounded-xl px-2 text-[9px] font-medium text-token-text-secondary! bg-[#F4F4F4]! dark:bg-[#303030]! transition-colors duration-150 ease-in-out\" href=\"https:\/\/skinsort.com\/products\/inika\/mineral-blush-puff-pot?utm_source=chatgpt.com\" target=\"_blank\" rel=\"noopener\"><span class=\"relative start-0 bottom-0 flex h-full w-full items-center\"><span class=\"flex h-4 w-full items-center justify-between absolute\"><span class=\"max-w-full grow truncate overflow-hidden text-center\">thechoosychick.com<\/span><span class=\"-me-1 flex h-full items-center rounded-full px-1 text-[#8F8F8F]\">+8<\/span><\/span><span class=\"flex h-4 w-full items-center justify-between\"><span class=\"max-w-full grow truncate overflow-hidden text-center\">skinsort.com<\/span><span class=\"-me-1 flex h-full items-center rounded-full px-1 text-[#8F8F8F]\">+8<\/span><\/span><span class=\"flex h-4 w-full items-center justify-between absolute\"><span class=\"max-w-full grow truncate overflow-hidden text-center\">thechoosychick.com<\/span><span class=\"-me-1 flex h-full items-center rounded-full px-1 text-[#8F8F8F]\">+8<\/span><\/span><\/span><\/a><\/span><\/span>.<\/p>\n<\/li>\n<li data-start=\"691\" data-end=\"776\">\n<p data-start=\"694\" data-end=\"776\"><span class=\"relative -mx-px my-[-0.2rem] rounded px-px py-[0.2rem] transition-colors duration-100 ease-in-out\">P\u016bteliu palieskite vaiskumo zonoje (skruost\u0173 \u201eobuoliuose\u201c) ir mink\u0161tais judesiais paskleiskite link skruostikauli\u0173<\/span> .<\/p>\n<\/li>\n<li data-start=\"777\" data-end=\"821\">\n<p data-start=\"780\" data-end=\"821\"><span class=\"relative -mx-px my-[-0.2rem] rounded px-px py-[0.2rem] transition-colors duration-100 ease-in-out\">Galima sluoksniuoti ties smilkiniu ar nosies galiuku intensyvesniam efektui.<\/span><\/p>\n<\/li>\n<li data-start=\"822\" data-end=\"905\">\n<p data-start=\"825\" data-end=\"905\"><span class=\"relative -mx-px my-[-0.2rem] rounded px-px py-[0.2rem] transition-colors duration-100 ease-in-out\">Idealiai tinka pakartotiniam naudojimui dienos metu d\u0117l patogios pakuot\u0117s su veidrod\u0117liu<\/span> .<\/p>\n<\/li>\n<\/ol>\n<p data-start=\"907\" data-end=\"1099\"><strong data-start=\"907\" data-end=\"931\">Atsargumo priemon\u0117s:<\/strong><br data-start=\"931\" data-end=\"934\" \/><span class=\"relative -mx-px my-[-0.2rem] rounded px-px py-[0.2rem] transition-colors duration-100 ease-in-out\">\u2022 Tik i\u0161oriniam panaudojimui<\/span><br data-start=\"973\" data-end=\"976\" \/><span class=\"relative -mx-px my-[-0.2rem] rounded px-px py-[0.2rem] transition-colors duration-100 ease-in-out\">\u2022 Venkite patekimo \u012f akis<\/span><br data-start=\"1015\" data-end=\"1018\" \/><span class=\"relative -mx-px my-[-0.2rem] rounded px-px py-[0.2rem] transition-colors duration-100 ease-in-out\">\u2022 Jei od\u0105 sudirgina \u2013 nutraukite naudojim\u0105<\/span><br data-start=\"1057\" data-end=\"1060\" \/><span class=\"relative -mx-px my-[-0.2rem] rounded px-px py-[0.2rem] transition-colors duration-100 ease-in-out\">\u2022 Laikyti vaikams nepasiekiamoje vietoje<\/span><\/p>\n<p data-start=\"1101\" data-end=\"1245\"><strong data-start=\"1101\" data-end=\"1121\">Laikymo s\u0105lygos:<\/strong><br data-start=\"1121\" data-end=\"1124\" \/><span class=\"relative -mx-px my-[-0.2rem] rounded px-px py-[0.2rem] transition-colors duration-100 ease-in-out\">\u2022 Laikyti sandariai u\u017edaryt\u0105, sausoje vietoje kambario temperat\u016broje<\/span><br data-start=\"1163\" data-end=\"1166\" \/><span class=\"relative -mx-px my-[-0.2rem] rounded px-px py-[0.2rem] transition-colors duration-100 ease-in-out\">\u2022 Saugoti nuo tiesiogin\u0117s saul\u0117s, auk\u0161tos temperat\u016bros (&gt;\u202f30\u202f\u00b0C)<\/span><\/p>\n","protected":false},"excerpt":{"rendered":"<p>Kompakti\u0161ka mineralin\u0117 skaistal\u0173 pudra su integruota p\u016bkeliu suteikti nat\u016bral\u0173, \u0161veln\u0173 \u0161vyt\u0117jim\u0105<\/p>","protected":false},"featured_media":10452,"comment_status":"open","ping_status":"closed","template":"","meta":[],"product_cat":[311],"product_tag":[],"class_list":{"0":"post-10451","1":"product","2":"type-product","3":"status-publish","4":"has-post-thumbnail","6":"product_cat-skaistalai","7":"pa_brands-inika","8":"pa_talpa-3g","10":"first","11":"instock","12":"taxable","13":"shipping-taxable","14":"purchasable","15":"product-type-simple"},"_links":{"self":[{"href":"https:\/\/miamedic.lt\/en\/wp-json\/wp\/v2\/product\/10451","targetHints":{"allow":["GET"]}}],"collection":[{"href":"https:\/\/miamedic.lt\/en\/wp-json\/wp\/v2\/product"}],"about":[{"href":"https:\/\/miamedic.lt\/en\/wp-json\/wp\/v2\/types\/product"}],"replies":[{"embeddable":true,"href":"https:\/\/miamedic.lt\/en\/wp-json\/wp\/v2\/comments?post=10451"}],"version-history":[{"count":2,"href":"https:\/\/miamedic.lt\/en\/wp-json\/wp\/v2\/product\/10451\/revisions"}],"predecessor-version":[{"id":12379,"href":"https:\/\/miamedic.lt\/en\/wp-json\/wp\/v2\/product\/10451\/revisions\/12379"}],"wp:featuredmedia":[{"embeddable":true,"href":"https:\/\/miamedic.lt\/en\/wp-json\/wp\/v2\/media\/10452"}],"wp:attachment":[{"href":"https:\/\/miamedic.lt\/en\/wp-json\/wp\/v2\/media?parent=10451"}],"wp:term":[{"taxonomy":"product_cat","embeddable":true,"href":"https:\/\/miamedic.lt\/en\/wp-json\/wp\/v2\/product_cat?post=10451"},{"taxonomy":"product_tag","embeddable":true,"href":"https:\/\/miamedic.lt\/en\/wp-json\/wp\/v2\/product_tag?post=10451"}],"curies":[{"name":"wp","href":"https:\/\/api.w.org\/{rel}","templated":true}]}}