{"id":10348,"date":"2025-07-09T10:03:15","date_gmt":"2025-07-09T10:03:15","guid":{"rendered":"https:\/\/miamedic.lt\/?post_type=product&#038;p=10348"},"modified":"2025-12-01T00:30:15","modified_gmt":"2025-12-01T00:30:15","slug":"loose-mineral-foundation-spf-25","status":"publish","type":"product","link":"https:\/\/miamedic.lt\/en\/shop\/loose-mineral-foundation-spf-25\/","title":{"rendered":"Loose Mineral Foundation SPF 25"},"content":{"rendered":"<p data-start=\"155\" data-end=\"266\"><strong data-start=\"155\" data-end=\"196\">INIKA Loose Mineral Foundation SPF 25<\/strong> \u2013 birus mineralinis makia\u017eo pagrindas su nat\u016bralia apsauga nuo saul\u0117s<\/p>\n<p data-start=\"268\" data-end=\"685\">Tai 100 % nat\u016bralus, ekologi\u0161kas birus mineralinis pagrindas, kuris suvienodina odos atspalv\u012f, suteikia matin\u012f, bet gyvybing\u0105 fini\u0161\u0105 ir u\u017etikrina vidutin\u012f arba piln\u0105 maskavim\u0105. Produkto sud\u0117tyje esantys gryni mineralai leid\u017eia odai kv\u0117puoti, tod\u0117l \u0161is pagrindas ypa\u010d tinka jautriai ir probleminei odai. Priemon\u0117 taip pat suteikia plataus spektro apsaug\u0105 nuo saul\u0117s (SPF 25), tod\u0117l puikiai tinka kasdieniam naudojimui.<\/p>\n<p data-start=\"687\" data-end=\"781\"><strong data-start=\"687\" data-end=\"702\">Odos tipas:<\/strong><br data-start=\"702\" data-end=\"705\" \/>Tinka visiems odos tipams \u2013 \u012fskaitant jautri\u0105, riebi\u0105 ar linkusi\u0105 \u012f akn\u0119 od\u0105<\/p>\n<p data-start=\"783\" data-end=\"1035\"><strong data-start=\"783\" data-end=\"796\">Effect:<\/strong><br data-start=\"796\" data-end=\"799\" \/>\u2022 I\u0161lygina odos atspalv\u012f ir paslepia netobulumus<br data-start=\"847\" data-end=\"850\" \/>\u2022 Suteikia nat\u016bral\u0173 matin\u012f efekt\u0105<br data-start=\"883\" data-end=\"886\" \/>\u2022 Leisdamas odai kv\u0117puoti, neapsunkina jos<br data-start=\"928\" data-end=\"931\" \/>\u2022 Apsaugo nuo \u017ealing\u0173 saul\u0117s spinduli\u0173 (SPF 25)<br data-start=\"978\" data-end=\"981\" \/>\u2022 Galima sluoksniuoti \u2013 nuo lengvo iki pilno maskavimo<\/p>\n<p data-start=\"1037\" data-end=\"1309\"><strong data-start=\"1037\" data-end=\"1052\">Usage:<\/strong><br data-start=\"1052\" data-end=\"1055\" \/>\u2022 Pabarstykite nedidel\u012f kiek\u012f produkto \u012f dangtel\u012f<br data-start=\"1104\" data-end=\"1107\" \/>\u2022 Naudodami kabuki ar pudros \u0161epet\u0117l\u012f, sukamaisiais judesiais paimkite produkt\u0105<br data-start=\"1186\" data-end=\"1189\" \/>\u2022 \u0160velniai paskirstykite ant veido odos nuo centro \u012f i\u0161or\u0119<br data-start=\"1247\" data-end=\"1250\" \/>\u2022 Galite naudoti atskirai arba vir\u0161 skysto makia\u017eo pagrindo<\/p>\n<p data-start=\"1311\" data-end=\"1489\"><strong data-start=\"1311\" data-end=\"1335\">Atsargumo priemon\u0117s:<\/strong><br data-start=\"1335\" data-end=\"1338\" \/>\u2022 Tik i\u0161oriniam naudojimui<br data-start=\"1364\" data-end=\"1367\" \/>\u2022 Venkite patekimo \u012f akis<br data-start=\"1392\" data-end=\"1395\" \/>\u2022 Laikyti vaikams nepasiekiamoje vietoje<br data-start=\"1435\" data-end=\"1438\" \/>\u2022 Jei pasirei\u0161kia dirginimas \u2013 nutraukite naudojim\u0105<\/p>\n<p data-start=\"1491\" data-end=\"1593\"><strong data-start=\"1491\" data-end=\"1511\">Laikymo s\u0105lygos:<\/strong><br data-start=\"1511\" data-end=\"1514\" \/>\u2022 Laikyti sausoje, v\u0117sioje vietoje<br data-start=\"1548\" data-end=\"1551\" \/>\u2022 Saugoti nuo tiesiogini\u0173 saul\u0117s spinduli\u0173<\/p>","protected":false},"excerpt":{"rendered":"<p>Biri mineralin\u0117 pudra su nat\u016bralia apsauga nuo saul\u0117s<\/p>","protected":false},"featured_media":10349,"comment_status":"open","ping_status":"closed","template":"","meta":[],"product_cat":[181,300,185],"product_tag":[],"class_list":{"0":"post-10348","1":"product","2":"type-product","3":"status-publish","4":"has-post-thumbnail","6":"product_cat-makiazo-pagrindas","7":"product_cat-maskuoklis","8":"product_cat-birios-pudros","9":"pa_brands-inika","10":"pa_talpa-8g","12":"first","13":"instock","14":"taxable","15":"shipping-taxable","16":"purchasable","17":"product-type-variable"},"_links":{"self":[{"href":"https:\/\/miamedic.lt\/en\/wp-json\/wp\/v2\/product\/10348","targetHints":{"allow":["GET"]}}],"collection":[{"href":"https:\/\/miamedic.lt\/en\/wp-json\/wp\/v2\/product"}],"about":[{"href":"https:\/\/miamedic.lt\/en\/wp-json\/wp\/v2\/types\/product"}],"replies":[{"embeddable":true,"href":"https:\/\/miamedic.lt\/en\/wp-json\/wp\/v2\/comments?post=10348"}],"version-history":[{"count":5,"href":"https:\/\/miamedic.lt\/en\/wp-json\/wp\/v2\/product\/10348\/revisions"}],"predecessor-version":[{"id":12385,"href":"https:\/\/miamedic.lt\/en\/wp-json\/wp\/v2\/product\/10348\/revisions\/12385"}],"wp:featuredmedia":[{"embeddable":true,"href":"https:\/\/miamedic.lt\/en\/wp-json\/wp\/v2\/media\/10349"}],"wp:attachment":[{"href":"https:\/\/miamedic.lt\/en\/wp-json\/wp\/v2\/media?parent=10348"}],"wp:term":[{"taxonomy":"product_cat","embeddable":true,"href":"https:\/\/miamedic.lt\/en\/wp-json\/wp\/v2\/product_cat?post=10348"},{"taxonomy":"product_tag","embeddable":true,"href":"https:\/\/miamedic.lt\/en\/wp-json\/wp\/v2\/product_tag?post=10348"}],"curies":[{"name":"wp","href":"https:\/\/api.w.org\/{rel}","templated":true}]}}