{"id":10340,"date":"2025-07-09T09:10:20","date_gmt":"2025-07-09T09:10:20","guid":{"rendered":"https:\/\/miamedic.lt\/?post_type=product&#038;p=10340"},"modified":"2025-12-01T00:29:01","modified_gmt":"2025-12-01T00:29:01","slug":"organic-primer-pure-perfection","status":"publish","type":"product","link":"https:\/\/miamedic.lt\/en\/shop\/organic-primer-pure-perfection\/","title":{"rendered":"Organic Primer Pure Perfection"},"content":{"rendered":"<p data-start=\"138\" data-end=\"252\"><strong data-start=\"138\" data-end=\"178\">INIKA Organic Pure Perfection Primer<\/strong> \u2013 dr\u0117kinantis, tobul\u0105 pagrind\u0105 makia\u017eui suteikiantis ekologi\u0161kas primeris<\/p>\n<p data-start=\"254\" data-end=\"518\">\u0160is lengvos tekst\u016bros makia\u017eo pagrindas sukurtas i\u0161 nat\u016brali\u0173, ekologi\u0161k\u0173 ingredient\u0173, kurie ne tik paruo\u0161ia od\u0105 makia\u017eui, bet ir intensyviai j\u0105 dr\u0117kina bei suteikia spindesio. Jis i\u0161lygina odos pavir\u0161i\u0173, ma\u017eina por\u0173 matomum\u0105 ir padeda makia\u017eui i\u0161silaikyti ilgiau.<\/p>\n<p data-start=\"520\" data-end=\"620\"><strong data-start=\"520\" data-end=\"535\">Odos tipas:<\/strong><br data-start=\"535\" data-end=\"538\" \/>Tinka visiems odos tipams \u2013 ypa\u010d mi\u0161riai, normaliai, sausai ar dehidratuotai odai.<\/p>\n<p data-start=\"622\" data-end=\"820\"><strong data-start=\"622\" data-end=\"635\">Effect:<\/strong><br data-start=\"635\" data-end=\"638\" \/>\u2022 Dr\u0117kina ir mink\u0161tina od\u0105<br data-start=\"664\" data-end=\"667\" \/>\u2022 Suteikia \u0161veln\u0173, \u0161vytint\u012f fini\u0161\u0105<br data-start=\"701\" data-end=\"704\" \/>\u2022 Ma\u017eina smulkias rauk\u0161leles ir por\u0173 matomum\u0105<br data-start=\"749\" data-end=\"752\" \/>\u2022 Prat\u0119sia makia\u017eo i\u0161silaikym\u0105<br data-start=\"782\" data-end=\"785\" \/>\u2022 Gerina odos elastingum\u0105 ir lygum\u0105<\/p>\n<p data-start=\"822\" data-end=\"1020\"><strong data-start=\"822\" data-end=\"837\">Usage:<\/strong><br data-start=\"837\" data-end=\"840\" \/>\u2022 Naudokite ryte, prie\u0161 makia\u017e\u0105<br data-start=\"871\" data-end=\"874\" \/>\u2022 Prie\u0161 naudojim\u0105 suplakite<br data-start=\"901\" data-end=\"904\" \/>\u2022 U\u017etepkite 1\u20132 paspaudimus produkto ant \u0161varios veido ir kaklo odos<br data-start=\"972\" data-end=\"975\" \/>\u2022 \u0160velniai \u012fmasa\u017euokite iki visi\u0161ko \u012fsig\u0117rimo<\/p>\n<p data-start=\"1022\" data-end=\"1211\"><strong data-start=\"1022\" data-end=\"1046\">Atsargumo priemon\u0117s:<\/strong><br data-start=\"1046\" data-end=\"1049\" \/>\u2022 Tik i\u0161oriniam naudojimui<br data-start=\"1075\" data-end=\"1078\" \/>\u2022 Venkite patekimo \u012f akis<br data-start=\"1103\" data-end=\"1106\" \/>\u2022 Jei oda jautri eteriniams aliejams \u2013 atlikite pleistro test\u0105<br data-start=\"1168\" data-end=\"1171\" \/>\u2022 Laikyti vaikams nepasiekiamoje vietoje<\/p>\n<p data-start=\"1213\" data-end=\"1339\"><strong data-start=\"1213\" data-end=\"1233\">Laikymo s\u0105lygos:<\/strong><br data-start=\"1233\" data-end=\"1236\" \/>\u2022 Laikyti v\u0117sioje, sausoje vietoje, 15\u201325\u202f\u00b0C temperat\u016broje<br data-start=\"1294\" data-end=\"1297\" \/>\u2022 Saugoti nuo tiesiogini\u0173 saul\u0117s spinduli\u0173<\/p>","protected":false},"excerpt":{"rendered":"<p>Dr\u0117kinanti, tobul\u0105 pagrind\u0105 makia\u017eui suteikianti ekologi\u0161kas baz\u0117<\/p>","protected":false},"featured_media":10341,"comment_status":"open","ping_status":"closed","template":"","meta":[],"product_cat":[290],"product_tag":[],"class_list":{"0":"post-10340","1":"product","2":"type-product","3":"status-publish","4":"has-post-thumbnail","6":"product_cat-makiazo-baze","7":"pa_brands-inika","8":"pa_talpa-30ml-2","10":"first","11":"instock","12":"taxable","13":"shipping-taxable","14":"purchasable","15":"product-type-simple"},"_links":{"self":[{"href":"https:\/\/miamedic.lt\/en\/wp-json\/wp\/v2\/product\/10340","targetHints":{"allow":["GET"]}}],"collection":[{"href":"https:\/\/miamedic.lt\/en\/wp-json\/wp\/v2\/product"}],"about":[{"href":"https:\/\/miamedic.lt\/en\/wp-json\/wp\/v2\/types\/product"}],"replies":[{"embeddable":true,"href":"https:\/\/miamedic.lt\/en\/wp-json\/wp\/v2\/comments?post=10340"}],"version-history":[{"count":2,"href":"https:\/\/miamedic.lt\/en\/wp-json\/wp\/v2\/product\/10340\/revisions"}],"predecessor-version":[{"id":12387,"href":"https:\/\/miamedic.lt\/en\/wp-json\/wp\/v2\/product\/10340\/revisions\/12387"}],"wp:featuredmedia":[{"embeddable":true,"href":"https:\/\/miamedic.lt\/en\/wp-json\/wp\/v2\/media\/10341"}],"wp:attachment":[{"href":"https:\/\/miamedic.lt\/en\/wp-json\/wp\/v2\/media?parent=10340"}],"wp:term":[{"taxonomy":"product_cat","embeddable":true,"href":"https:\/\/miamedic.lt\/en\/wp-json\/wp\/v2\/product_cat?post=10340"},{"taxonomy":"product_tag","embeddable":true,"href":"https:\/\/miamedic.lt\/en\/wp-json\/wp\/v2\/product_tag?post=10340"}],"curies":[{"name":"wp","href":"https:\/\/api.w.org\/{rel}","templated":true}]}}