{"id":10314,"date":"2025-07-08T13:53:12","date_gmt":"2025-07-08T13:53:12","guid":{"rendered":"https:\/\/miamedic.lt\/?post_type=product&#038;p=10314"},"modified":"2025-12-01T00:29:02","modified_gmt":"2025-12-01T00:29:02","slug":"purifying-mousse","status":"publish","type":"product","link":"https:\/\/miamedic.lt\/en\/shop\/purifying-mousse\/","title":{"rendered":"Purifying Mousse"},"content":{"rendered":"<p><strong>Mesoestetic Purifying Mousse &#8211; <\/strong>balansuojan\u010dios, tar\u0161\u0105 ma\u017einan\u010dios valomosios veido putos riebiai ir \u012f spuogus linkusiai odai.<\/p>\n<p>KERATOLITINIS, OD\u0104 VALANTIS:<\/p>\n<p>Antiseptinis chlorheksidino veikimas derinamas su salicilo r\u016bg\u0161timi ir pieno r\u016bg\u0161timi, siekiant pagerinti por\u0173 atsikim\u0161im\u0105, pagerinti tekst\u016br\u0105 ir i\u0161vengti odos netobulum\u0173.<\/p>\n<p>BIOBALANSAVIMO VEIKSMAI:<\/p>\n<p>Probiotin\u0117 veiklioji med\u017eiaga Lactobacillus Ferment, gauta fermentuojant bakterij\u0105, stiprina mikrobiotos pusiausvyr\u0105, kad sustiprint\u0173 ir i\u0161laikyt\u0173 odos barjerin\u0119 funkcij\u0105 optimaliomis s\u0105lygomis. Kiekvienos formul\u0117s pH yra \u0161iek tiek r\u016bg\u0161tus, kuris i\u0161saugo pusiausvyr\u0105 ir apsaugo od\u0105 nuo nepageidaujam\u0173 patogenini\u0173 mikroorganizm\u0173.<\/p>\n<p>Biotechnologi\u0161kai aktyvus ingredientas Urban D-tox si\u016blo dvejop\u0105 poveik\u012f odos tar\u0161os poveikiui: kartu pa\u0161alina ter\u0161al\u0173 daleles ir ma\u017eina oksidacin\u012f stres\u0105, kuris, kaip \u017einoma, pagreitina odos sen\u0117jim\u0105.<\/p>\n<p><strong>Usage:<\/strong> Naudokite du kartus per dien\u0105, ryte ir vakare. \u0160velniai \u012fmasa\u017euokite ant dr\u0117gnos odos ir nuplaukite vandeniu.<\/p>","protected":false},"excerpt":{"rendered":"<p>Balansuojan\u010dios, tar\u0161\u0105 ma\u017einan\u010dios valomosios veido putos riebiai ir \u012f spuogus linkusiai odai<\/p>","protected":false},"featured_media":10315,"comment_status":"open","ping_status":"closed","template":"","meta":[],"product_cat":[124],"product_tag":[],"class_list":{"0":"post-10314","1":"product","2":"type-product","3":"status-publish","4":"has-post-thumbnail","6":"product_cat-prausikliai","7":"pa_brands-mesoestetic","8":"pa_talpa-150ml","10":"first","11":"instock","12":"taxable","13":"shipping-taxable","14":"purchasable","15":"product-type-simple"},"_links":{"self":[{"href":"https:\/\/miamedic.lt\/en\/wp-json\/wp\/v2\/product\/10314","targetHints":{"allow":["GET"]}}],"collection":[{"href":"https:\/\/miamedic.lt\/en\/wp-json\/wp\/v2\/product"}],"about":[{"href":"https:\/\/miamedic.lt\/en\/wp-json\/wp\/v2\/types\/product"}],"replies":[{"embeddable":true,"href":"https:\/\/miamedic.lt\/en\/wp-json\/wp\/v2\/comments?post=10314"}],"version-history":[{"count":1,"href":"https:\/\/miamedic.lt\/en\/wp-json\/wp\/v2\/product\/10314\/revisions"}],"predecessor-version":[{"id":10316,"href":"https:\/\/miamedic.lt\/en\/wp-json\/wp\/v2\/product\/10314\/revisions\/10316"}],"wp:featuredmedia":[{"embeddable":true,"href":"https:\/\/miamedic.lt\/en\/wp-json\/wp\/v2\/media\/10315"}],"wp:attachment":[{"href":"https:\/\/miamedic.lt\/en\/wp-json\/wp\/v2\/media?parent=10314"}],"wp:term":[{"taxonomy":"product_cat","embeddable":true,"href":"https:\/\/miamedic.lt\/en\/wp-json\/wp\/v2\/product_cat?post=10314"},{"taxonomy":"product_tag","embeddable":true,"href":"https:\/\/miamedic.lt\/en\/wp-json\/wp\/v2\/product_tag?post=10314"}],"curies":[{"name":"wp","href":"https:\/\/api.w.org\/{rel}","templated":true}]}}