{"id":10311,"date":"2025-07-08T13:49:29","date_gmt":"2025-07-08T13:49:29","guid":{"rendered":"https:\/\/miamedic.lt\/?post_type=product&#038;p=10311"},"modified":"2025-12-01T00:29:02","modified_gmt":"2025-12-01T00:29:02","slug":"blemiderm-local-control","status":"publish","type":"product","link":"https:\/\/miamedic.lt\/en\/shop\/blemiderm-local-control\/","title":{"rendered":"Blemiderm Local Control"},"content":{"rendered":"<p><strong>Mesoestetic Blemiderm Local Control <\/strong>&#8211; vietiniam naudojimui spuogams skirtas gelis.<\/p>\n<p>Greitai veikiantis specifini\u0173 spuog\u0173 korektorius. Ma\u017eina spuogus ir ink\u0161tirus.<\/p>\n<p>Koncentruota AHA ir BHA r\u016bg\u0161\u010di\u0173\u00a0 formul\u0117, kuri atkim\u0161a ir i\u0161valo poras. Enoksolono ir niacinamido derinys padeda suma\u017einti patinim\u0105 ir paraudim\u0105 bei neleid\u017eia atsirasti pou\u017edegiminei hiperpigmentacijai.<\/p>\n<p>Sud\u0117tis: salicilo r\u016bg\u0161tis, migdol\u0173 r\u016bg\u0161tis, salicilo r\u016bg\u0161tis, niacinamidas, enoksolinas<\/p>\n<p><strong>Usage:<\/strong> U\u017etepkite nedidel\u012f kiek\u012f produkto ant spuogo nak\u010diai po odos valymo.<\/p>","protected":false},"excerpt":{"rendered":"<p>Vietiniam naudojimui spuogams skirtas gelis<\/p>","protected":false},"featured_media":10312,"comment_status":"open","ping_status":"closed","template":"","meta":[],"product_cat":[107],"product_tag":[],"class_list":{"0":"post-10311","1":"product","2":"type-product","3":"status-publish","4":"has-post-thumbnail","6":"product_cat-serumai","7":"pa_brands-mesoestetic","8":"pa_talpa-10ml","10":"first","11":"instock","12":"taxable","13":"shipping-taxable","14":"purchasable","15":"product-type-simple"},"_links":{"self":[{"href":"https:\/\/miamedic.lt\/en\/wp-json\/wp\/v2\/product\/10311","targetHints":{"allow":["GET"]}}],"collection":[{"href":"https:\/\/miamedic.lt\/en\/wp-json\/wp\/v2\/product"}],"about":[{"href":"https:\/\/miamedic.lt\/en\/wp-json\/wp\/v2\/types\/product"}],"replies":[{"embeddable":true,"href":"https:\/\/miamedic.lt\/en\/wp-json\/wp\/v2\/comments?post=10311"}],"version-history":[{"count":1,"href":"https:\/\/miamedic.lt\/en\/wp-json\/wp\/v2\/product\/10311\/revisions"}],"predecessor-version":[{"id":10313,"href":"https:\/\/miamedic.lt\/en\/wp-json\/wp\/v2\/product\/10311\/revisions\/10313"}],"wp:featuredmedia":[{"embeddable":true,"href":"https:\/\/miamedic.lt\/en\/wp-json\/wp\/v2\/media\/10312"}],"wp:attachment":[{"href":"https:\/\/miamedic.lt\/en\/wp-json\/wp\/v2\/media?parent=10311"}],"wp:term":[{"taxonomy":"product_cat","embeddable":true,"href":"https:\/\/miamedic.lt\/en\/wp-json\/wp\/v2\/product_cat?post=10311"},{"taxonomy":"product_tag","embeddable":true,"href":"https:\/\/miamedic.lt\/en\/wp-json\/wp\/v2\/product_tag?post=10311"}],"curies":[{"name":"wp","href":"https:\/\/api.w.org\/{rel}","templated":true}]}}