{"id":10306,"date":"2025-07-08T13:44:43","date_gmt":"2025-07-08T13:44:43","guid":{"rendered":"https:\/\/miamedic.lt\/?post_type=product&#038;p=10306"},"modified":"2025-12-01T00:29:02","modified_gmt":"2025-12-01T00:29:02","slug":"blemiderm-treatment","status":"publish","type":"product","link":"https:\/\/miamedic.lt\/en\/shop\/blemiderm-treatment\/","title":{"rendered":"Blemiderm Treatment"},"content":{"rendered":"<p><strong>Mesoestetic Blemiderm Treatment <\/strong>&#8211; naktinis kremas-gelis riebiai, probleminei odai. Atkem\u0161a poras ir suma\u017eina riebal\u0173 pertekli\u0173.<\/p>\n<p>Apsaugo ir kontroliuoja akn\u0117s spuog\u0173 atsiradim\u0105. Atkem\u0161a poras ir suma\u017eina riebal\u0173 pertekli\u0173.<\/p>\n<p>Jo formul\u0117, kurioje yra 10% azelaino r\u016bg\u0161ties ir liposominio retinolio, skatina odos atjauninim\u0105 ir reguliuoja riebal\u0173 gamyb\u0105. Jame yra akn\u0117s spuog\u0173 kompleksas, skirtas reguliuoti l\u0105steli\u0173 mechanizmus, kurie sukelia akn\u0117s b\u0117rimus. Pagrindiniai privalumai:<\/p>\n<ul>\n<li>Atkem\u0161a poras<\/li>\n<li>Reguliuoja sebumo gamyb\u0105<\/li>\n<li>Skatina odos atsinaujinim\u0105<\/li>\n<li>Reguliuoja pagrindin\u0119 akn\u0117s b\u0117rim\u0173 prie\u017east\u012f<\/li>\n<\/ul>\n<p>Sud\u0117tis: azelaino r\u016bg\u0161tis, migdol\u0173 r\u016bg\u0161tis, salicilo r\u016bg\u0161tis, \u0161ikimino r\u016bg\u0161tis<\/p>\n<p><strong>Usage:<\/strong> Naudokite vien\u0105 kart\u0105 per dien\u0105 vakare. Tepkite ant nuvalytos, sausos odos ir venkite aki\u0173 srities.<\/p>","protected":false},"excerpt":{"rendered":"<p>Naktinis kremas-gelis riebiai, probleminei odai<\/p>","protected":false},"featured_media":10307,"comment_status":"open","ping_status":"closed","template":"","meta":[],"product_cat":[180],"product_tag":[],"class_list":{"0":"post-10306","1":"product","2":"type-product","3":"status-publish","4":"has-post-thumbnail","6":"product_cat-naktiniai-kremai","7":"pa_brands-mesoestetic","8":"pa_talpa-50ml-2","10":"first","11":"instock","12":"taxable","13":"shipping-taxable","14":"purchasable","15":"product-type-simple"},"_links":{"self":[{"href":"https:\/\/miamedic.lt\/en\/wp-json\/wp\/v2\/product\/10306","targetHints":{"allow":["GET"]}}],"collection":[{"href":"https:\/\/miamedic.lt\/en\/wp-json\/wp\/v2\/product"}],"about":[{"href":"https:\/\/miamedic.lt\/en\/wp-json\/wp\/v2\/types\/product"}],"replies":[{"embeddable":true,"href":"https:\/\/miamedic.lt\/en\/wp-json\/wp\/v2\/comments?post=10306"}],"version-history":[{"count":1,"href":"https:\/\/miamedic.lt\/en\/wp-json\/wp\/v2\/product\/10306\/revisions"}],"predecessor-version":[{"id":10308,"href":"https:\/\/miamedic.lt\/en\/wp-json\/wp\/v2\/product\/10306\/revisions\/10308"}],"wp:featuredmedia":[{"embeddable":true,"href":"https:\/\/miamedic.lt\/en\/wp-json\/wp\/v2\/media\/10307"}],"wp:attachment":[{"href":"https:\/\/miamedic.lt\/en\/wp-json\/wp\/v2\/media?parent=10306"}],"wp:term":[{"taxonomy":"product_cat","embeddable":true,"href":"https:\/\/miamedic.lt\/en\/wp-json\/wp\/v2\/product_cat?post=10306"},{"taxonomy":"product_tag","embeddable":true,"href":"https:\/\/miamedic.lt\/en\/wp-json\/wp\/v2\/product_tag?post=10306"}],"curies":[{"name":"wp","href":"https:\/\/api.w.org\/{rel}","templated":true}]}}