{"id":10303,"date":"2025-07-08T13:39:52","date_gmt":"2025-07-08T13:39:52","guid":{"rendered":"https:\/\/miamedic.lt\/?post_type=product&#038;p=10303"},"modified":"2025-12-01T00:29:02","modified_gmt":"2025-12-01T00:29:02","slug":"blemiderm-resurfacing-gel","status":"publish","type":"product","link":"https:\/\/miamedic.lt\/en\/shop\/blemiderm-resurfacing-gel\/","title":{"rendered":"Blemiderm Resurfacing Gel"},"content":{"rendered":"<p><strong>Mesoestetic Blemiderm Resurfacing Gel<\/strong> &#8211; atnaujinamasis gelis mi\u0161riai, riebiai, \u012f spuogus linkusiai odai. I\u0161grynina poras, i\u0161valo ir atkuria od\u0105. Gelis su salicilo ir glikolio r\u016bg\u0161timi.<\/p>\n<p>tnaujinantis ir odos tekst\u016br\u0105 gerinantis gelis mi\u0161riai, riebiai ar \u012f akn\u0119 linkusiai odai.<\/p>\n<ul>\n<li>Atnaujina, valo ir gerina odos tekst\u016br\u0105<\/li>\n<li>Ma\u017eina riebal\u0173 pertekli\u0173 (reguliuoja sebumo gamyb\u0105)<\/li>\n<li>Atkem\u0161a poras<\/li>\n<li>Reguliuoja pagrindinius akn\u0117s sukeliamus veiksnius, kad b\u016bt\u0173 i\u0161vengta spuog\u0173 atsiradimo<\/li>\n<\/ul>\n<p><strong>Usage:<\/strong> Naudokite vien\u0105 kart\u0105 per dien\u0105 vakare.<\/p>\n<p>Tepkite ant \u0161varaus ir sauso veido, kaklo ir i\u0161kirpt\u0117s srities, vengdami kontakto su aki\u0173 kont\u016bru. Taikymo metu galite jausti dilg\u010diojimo poj\u016bt\u012f. Nenaudoti ant \u017eaizd\u0173 ar sudirgusios odos.<\/p>","protected":false},"excerpt":{"rendered":"<p>Atnaujinamasis gelis mi\u0161riai, riebiai, \u012f spuogus linkusiai odai<\/p>","protected":false},"featured_media":10304,"comment_status":"open","ping_status":"closed","template":"","meta":[],"product_cat":[107],"product_tag":[],"class_list":{"0":"post-10303","1":"product","2":"type-product","3":"status-publish","4":"has-post-thumbnail","6":"product_cat-serumai","7":"pa_brands-mesoestetic","8":"pa_talpa-50ml-2","10":"first","11":"instock","12":"taxable","13":"shipping-taxable","14":"purchasable","15":"product-type-simple"},"_links":{"self":[{"href":"https:\/\/miamedic.lt\/en\/wp-json\/wp\/v2\/product\/10303","targetHints":{"allow":["GET"]}}],"collection":[{"href":"https:\/\/miamedic.lt\/en\/wp-json\/wp\/v2\/product"}],"about":[{"href":"https:\/\/miamedic.lt\/en\/wp-json\/wp\/v2\/types\/product"}],"replies":[{"embeddable":true,"href":"https:\/\/miamedic.lt\/en\/wp-json\/wp\/v2\/comments?post=10303"}],"version-history":[{"count":1,"href":"https:\/\/miamedic.lt\/en\/wp-json\/wp\/v2\/product\/10303\/revisions"}],"predecessor-version":[{"id":10305,"href":"https:\/\/miamedic.lt\/en\/wp-json\/wp\/v2\/product\/10303\/revisions\/10305"}],"wp:featuredmedia":[{"embeddable":true,"href":"https:\/\/miamedic.lt\/en\/wp-json\/wp\/v2\/media\/10304"}],"wp:attachment":[{"href":"https:\/\/miamedic.lt\/en\/wp-json\/wp\/v2\/media?parent=10303"}],"wp:term":[{"taxonomy":"product_cat","embeddable":true,"href":"https:\/\/miamedic.lt\/en\/wp-json\/wp\/v2\/product_cat?post=10303"},{"taxonomy":"product_tag","embeddable":true,"href":"https:\/\/miamedic.lt\/en\/wp-json\/wp\/v2\/product_tag?post=10303"}],"curies":[{"name":"wp","href":"https:\/\/api.w.org\/{rel}","templated":true}]}}