{"id":10300,"date":"2025-07-08T13:34:28","date_gmt":"2025-07-08T13:34:28","guid":{"rendered":"https:\/\/miamedic.lt\/?post_type=product&#038;p=10300"},"modified":"2025-12-01T00:29:03","modified_gmt":"2025-12-01T00:29:03","slug":"mesoprotech-melan-130-pigment-control","status":"publish","type":"product","link":"https:\/\/miamedic.lt\/en\/shop\/mesoprotech-melan-130-pigment-control\/","title":{"rendered":"Mesoprotech Melan 130 Pigment Control"},"content":{"rendered":"<p><strong>Mesoestetic Mesoprotech Melan 130 Pigment Control<\/strong> &#8211; labai stipri apsauga nuo saul\u0117s su UVB 131 ir UVA 67, skirta odai su pigmentacijos netobulumais.<\/p>\n<p>\u0160i tonuota, stipri apsauga nuo saul\u0117s yra praturtinta ingredientais, \u012fskaitant azeloglicin\u0105, kuris reguliuoja melanino sintez\u0119 ir padeda i\u0161vengti pigmentacijos.<\/p>\n<p><strong>Privalumai naudojant \u201emesoestetic Mesoprotech Melan 130 Pigment Control\u201c:<\/strong><\/p>\n<ul>\n<li>Apsaugo od\u0105 nuo UVA, UVB, matomos \u0161viesos ir infraraudon\u0173j\u0173 spinduli\u0173.<\/li>\n<li>Labai auk\u0161tas apsaugos lygis: UVB 131 ir UVA 67.<\/li>\n<li>Reguliuoja melanino gamyb\u0105 ir u\u017ekerta keli\u0105 pigmentacijos atsiradimui.<\/li>\n<li>Lengvai tonuota spalva vienodina odos atspalv\u012f ir maskuoja netobulumus.<\/li>\n<\/ul>\n<p>\u0160i auk\u0161tos kokyb\u0117s apsauga nuo saul\u0117s si\u016blo i\u0161skirtin\u0119 apsaug\u0105 nuo vis\u0173 kenksming\u0173 \u0161viesos spektr\u0173, kurie gali sukelti prie\u0161laikin\u012f odos sen\u0117jim\u0105. \u201emesoestetic Mesoprotech\u201c technologija apsaugo nuo UVB ir UVA spinduli\u0173, taip pat nuo matomos \u0161viesos (HEV) ir infraraudon\u0173j\u0173 spinduli\u0173 (IR).<\/p>\n<p>Azeloglicinas padeda reguliuoti ferment\u0105, atsaking\u0105 u\u017e melanino gamyb\u0105, ir taip padeda i\u0161vengti pigmentacijos. Itin lengvas skystis turi nat\u016bral\u0173 pigment\u0105, kuris nepalieka balt\u0173 d\u0117mi\u0173, ma\u017eina netobulumus ir suteikia vienod\u0105 odos atspalv\u012f.<\/p>\n<p><strong>Naudojimo instrukcijos:<\/strong><\/p>\n<ol>\n<li>Prie\u0161 naudojim\u0105 gerai suplakite buteliuk\u0105.<\/li>\n<li>Tepkite rekomenduojam\u0105 kiek\u012f (2 mg\/cm\u00b2 odos) \u201emesoestetic Mesoprotech Melan SPF 50+ Pigment Control\u201c priemon\u0117s ant \u0161varios, sausos odos 30 minu\u010di\u0173 prie\u0161 buvim\u0105 saul\u0117je.<\/li>\n<li>Naudojant ma\u017eesn\u012f nei rekomenduojama kiek\u012f, \u017eymiai suma\u017e\u0117ja apsaugos lygis.<\/li>\n<li>Pakartotinai tepkite kas dvi valandas b\u016bnant tiesiogin\u0117je saul\u0117je, ypa\u010d po rank\u0161luos\u010dio naudojimo, maudyni\u0173 ar prakaitavimo.<\/li>\n<li>Pakartotinis tepimas yra b\u016btinas norint palaikyti apsaugos lyg\u012f ir priemon\u0117s efektyvum\u0105.<\/li>\n<\/ol>","protected":false},"excerpt":{"rendered":"<p>labai stipri apsauga nuo saul\u0117s skirta odai su pigmentacijos netobulumais<\/p>","protected":false},"featured_media":10301,"comment_status":"open","ping_status":"closed","template":"","meta":[],"product_cat":[153],"product_tag":[],"class_list":{"0":"post-10300","1":"product","2":"type-product","3":"status-publish","4":"has-post-thumbnail","6":"product_cat-spf-veido-prieziura","7":"pa_brands-mesoestetic","8":"pa_talpa-50ml-2","10":"first","11":"instock","12":"taxable","13":"shipping-taxable","14":"purchasable","15":"product-type-simple"},"_links":{"self":[{"href":"https:\/\/miamedic.lt\/en\/wp-json\/wp\/v2\/product\/10300","targetHints":{"allow":["GET"]}}],"collection":[{"href":"https:\/\/miamedic.lt\/en\/wp-json\/wp\/v2\/product"}],"about":[{"href":"https:\/\/miamedic.lt\/en\/wp-json\/wp\/v2\/types\/product"}],"replies":[{"embeddable":true,"href":"https:\/\/miamedic.lt\/en\/wp-json\/wp\/v2\/comments?post=10300"}],"version-history":[{"count":1,"href":"https:\/\/miamedic.lt\/en\/wp-json\/wp\/v2\/product\/10300\/revisions"}],"predecessor-version":[{"id":10302,"href":"https:\/\/miamedic.lt\/en\/wp-json\/wp\/v2\/product\/10300\/revisions\/10302"}],"wp:featuredmedia":[{"embeddable":true,"href":"https:\/\/miamedic.lt\/en\/wp-json\/wp\/v2\/media\/10301"}],"wp:attachment":[{"href":"https:\/\/miamedic.lt\/en\/wp-json\/wp\/v2\/media?parent=10300"}],"wp:term":[{"taxonomy":"product_cat","embeddable":true,"href":"https:\/\/miamedic.lt\/en\/wp-json\/wp\/v2\/product_cat?post=10300"},{"taxonomy":"product_tag","embeddable":true,"href":"https:\/\/miamedic.lt\/en\/wp-json\/wp\/v2\/product_tag?post=10300"}],"curies":[{"name":"wp","href":"https:\/\/api.w.org\/{rel}","templated":true}]}}