{"id":10297,"date":"2025-07-08T13:29:57","date_gmt":"2025-07-08T13:29:57","guid":{"rendered":"https:\/\/miamedic.lt\/?post_type=product&#038;p=10297"},"modified":"2025-12-01T00:29:03","modified_gmt":"2025-12-01T00:29:03","slug":"melan-tran3x-concentrate","status":"publish","type":"product","link":"https:\/\/miamedic.lt\/en\/shop\/melan-tran3x-concentrate\/","title":{"rendered":"Melan Tran3x Concentrate"},"content":{"rendered":"<p><strong>Mesoestetic Melan Tran3x Concentrate &#8211; <\/strong>depigmentuojantis serumas kasdieniniam naudojimui, kuris palaipsniui veikia tamsias epidermio d\u0117meles, kad suteikt\u0173 vienodesn\u012f odos atspalv\u012f. Slopina mechanizmus, atsakingus u\u017e pigmentacij\u0105, kad b\u016bt\u0173 i\u0161vengta tamsi\u0173 d\u0117mi\u0173 atsiradimo ir j\u0173 pasikartojimo. Greitai \u012fsigerianti lengvos tekst\u016bros.<\/p>\n<p>Daugiasluoksnis depigmentavimo sprendimas namuose. Daugyb\u0117 klinikini\u0173 tyrim\u0173 patvirtina vietin\u0117s traneksamo r\u016bg\u0161ties veiksmingum\u0105 ir toleravim\u0105 gydant odos hiperpigmentacij\u0105.<\/p>\n<p><em>Traneksamo r\u016bg\u0161tis<\/em><\/p>\n<p>Veikia epidermio l\u0105steles, kurios, veikiamos tam tikr\u0173 veiksni\u0173 (saul\u0117s, hormonini\u0173 poky\u010di\u0173 ir u\u017edegim\u0173 ir kt.), i\u0161skiria med\u017eiag\u0105, kuri skatina melanino gamybos proces\u0105.<\/p>\n<p><em>Tyr valdymo kompleksas<\/em><\/p>\n<p>Kojin\u0117s r\u016bg\u0161ties derinys su naujovi\u0161ku peptidu ir aminor\u016bg\u0161timi veiksmingai veikia ferment\u0105 tirozinaz\u0119, slopindamas tirozino oksidacij\u0105 ir jo, kaip tamsi\u0173 d\u0117mi\u0173 susidarymo katalizatoriaus, vaidmen\u012f.<\/p>\n<p><em>Niacinamidas<\/em><\/p>\n<p>Neleid\u017eia melaninui patekti i\u0161 gilesni\u0173 odos sluoksni\u0173 \u012f i\u0161orinius sluoksnius, kur pigmentacija tampa tamsesn\u0117 ir labiau matoma.<\/p>\n<p><em>J\u016brinis glikogenas<\/em><\/p>\n<p>Si\u016blo apsaug\u0105 nuo nat\u016bralios \u0161viesos sukeliamos oksidacijos ir technologini\u0173 \u0161altini\u0173 (elektromagnetini\u0173 bang\u0173 (REM), m\u0117lynos \u0161viesos (HEV)) sukeliamos spinduliuot\u0117s.<\/p>\n<p><em>AHA ir BHA r<\/em>\u016bg\u0161\u010di\u0173 kompleksas<\/p>\n<p>Salicilo ir pieno r\u016bg\u0161ties derinys suteikia \u0161veln\u0173 kasdienin\u012f \u0161vei\u010diam\u0105j\u012f poveik\u012f.<\/p>\n<p><strong>Usage:<\/strong><\/p>\n<p>Naudokite du kartus per dien\u0105, ryte ir vakare. U\u017ela\u0161inkite 3-4 la\u0161us ant nuvalytos, sausos odos ir tolygiai paskirstykite. U\u017etepkite melan tran3x krem\u0105\u00a0 ir \u0161velniai \u012fmasa\u017euokite \u012f od\u0105, kol visi\u0161kai \u012fsigers. Esant tiesioginiams saul\u0117s spinduliams, naudokite labai stipri\u0105 apsaug\u0105 nuo saul\u0117s ir melan tran3x serum\u0105 naudokite tik vakare.<\/p>","protected":false},"excerpt":{"rendered":"<p>Depigmentuojantis serumas kasdieniniam naudojimui<\/p>","protected":false},"featured_media":10298,"comment_status":"open","ping_status":"closed","template":"","meta":[],"product_cat":[107],"product_tag":[],"class_list":{"0":"post-10297","1":"product","2":"type-product","3":"status-publish","4":"has-post-thumbnail","6":"product_cat-serumai","7":"pa_brands-mesoestetic","8":"pa_talpa-30ml-2","10":"first","11":"instock","12":"taxable","13":"shipping-taxable","14":"purchasable","15":"product-type-simple"},"_links":{"self":[{"href":"https:\/\/miamedic.lt\/en\/wp-json\/wp\/v2\/product\/10297","targetHints":{"allow":["GET"]}}],"collection":[{"href":"https:\/\/miamedic.lt\/en\/wp-json\/wp\/v2\/product"}],"about":[{"href":"https:\/\/miamedic.lt\/en\/wp-json\/wp\/v2\/types\/product"}],"replies":[{"embeddable":true,"href":"https:\/\/miamedic.lt\/en\/wp-json\/wp\/v2\/comments?post=10297"}],"version-history":[{"count":1,"href":"https:\/\/miamedic.lt\/en\/wp-json\/wp\/v2\/product\/10297\/revisions"}],"predecessor-version":[{"id":10299,"href":"https:\/\/miamedic.lt\/en\/wp-json\/wp\/v2\/product\/10297\/revisions\/10299"}],"wp:featuredmedia":[{"embeddable":true,"href":"https:\/\/miamedic.lt\/en\/wp-json\/wp\/v2\/media\/10298"}],"wp:attachment":[{"href":"https:\/\/miamedic.lt\/en\/wp-json\/wp\/v2\/media?parent=10297"}],"wp:term":[{"taxonomy":"product_cat","embeddable":true,"href":"https:\/\/miamedic.lt\/en\/wp-json\/wp\/v2\/product_cat?post=10297"},{"taxonomy":"product_tag","embeddable":true,"href":"https:\/\/miamedic.lt\/en\/wp-json\/wp\/v2\/product_tag?post=10297"}],"curies":[{"name":"wp","href":"https:\/\/api.w.org\/{rel}","templated":true}]}}