{"id":10289,"date":"2025-07-08T13:20:58","date_gmt":"2025-07-08T13:20:58","guid":{"rendered":"https:\/\/miamedic.lt\/?post_type=product&#038;p=10289"},"modified":"2025-12-01T00:29:03","modified_gmt":"2025-12-01T00:29:03","slug":"hydratonic-mist","status":"publish","type":"product","link":"https:\/\/miamedic.lt\/en\/shop\/hydratonic-mist\/","title":{"rendered":"Hydratonic Mist"},"content":{"rendered":"<p><strong>Mesoestetic Hydratonic Mist<\/strong> &#8211; balansuojantis, tar\u0161\u0105 ma\u017einantis, dr\u0117kinantis veido tonikas. U\u017ebaigia veido higien\u0105 ir stiprina odos mikrobiotos pusiausvyr\u0105. Vis\u0173 tip\u0173 odai.<\/p>\n<p>DR\u0116KINIMAS, REGENERAVIMAS, LYGINIMAS:<\/p>\n<p>Jo formul\u0117je derinamas ro\u017ei\u0173 vandens dr\u0117kinamasis ir glotninamasis poveikis su pantenoliu (provitaminu B5), kuris regeneruoja ir ramina ir u\u017etikrina optimal\u0173 odos komfort\u0105.<\/p>\n<p>BIOBALANCAVIMAS:<\/p>\n<p>Pobiotin\u0117 veiklioji med\u017eiaga Lactobacillus Ferment, gauta fermentuojant bakterij\u0105, stiprina mikrobiotos pusiausvyr\u0105, kad sustipr\u0117t\u0173 ir i\u0161laikyt\u0173 odos barjerin\u0119 funkcij\u0105 optimaliomis s\u0105lygomis.<\/p>\n<p>Biotechnologi\u0161kai aktyvus ingredientas Urban D-tox si\u016blo dvejop\u0105 poveik\u012f odos tar\u0161os poveikiui: kartu pa\u0161alina ter\u0161al\u0173 daleles ir ma\u017eina oksidacin\u012f stres\u0105, kuris, kaip \u017einoma, pagreitina odos sen\u0117jim\u0105.<\/p>\n<p><strong>Usage:<\/strong> Naudokite du kartus per dien\u0105, ryte ir vakare. U\u017epurk\u0161kite ant sausos, nuvalytos odos ir nusausinkite vatos diskeliu arba servet\u0117le.<\/p>","protected":false},"excerpt":{"rendered":"<p>Balansuojantis, tar\u0161\u0105 ma\u017einantis, dr\u0117kinantis veido tonikas<\/p>","protected":false},"featured_media":10290,"comment_status":"open","ping_status":"closed","template":"","meta":[],"product_cat":[105],"product_tag":[],"class_list":{"0":"post-10289","1":"product","2":"type-product","3":"status-publish","4":"has-post-thumbnail","6":"product_cat-tonikai","7":"pa_brands-mesoestetic","8":"pa_talpa-125ml","10":"first","11":"instock","12":"taxable","13":"shipping-taxable","14":"purchasable","15":"product-type-simple"},"_links":{"self":[{"href":"https:\/\/miamedic.lt\/en\/wp-json\/wp\/v2\/product\/10289","targetHints":{"allow":["GET"]}}],"collection":[{"href":"https:\/\/miamedic.lt\/en\/wp-json\/wp\/v2\/product"}],"about":[{"href":"https:\/\/miamedic.lt\/en\/wp-json\/wp\/v2\/types\/product"}],"replies":[{"embeddable":true,"href":"https:\/\/miamedic.lt\/en\/wp-json\/wp\/v2\/comments?post=10289"}],"version-history":[{"count":1,"href":"https:\/\/miamedic.lt\/en\/wp-json\/wp\/v2\/product\/10289\/revisions"}],"predecessor-version":[{"id":10291,"href":"https:\/\/miamedic.lt\/en\/wp-json\/wp\/v2\/product\/10289\/revisions\/10291"}],"wp:featuredmedia":[{"embeddable":true,"href":"https:\/\/miamedic.lt\/en\/wp-json\/wp\/v2\/media\/10290"}],"wp:attachment":[{"href":"https:\/\/miamedic.lt\/en\/wp-json\/wp\/v2\/media?parent=10289"}],"wp:term":[{"taxonomy":"product_cat","embeddable":true,"href":"https:\/\/miamedic.lt\/en\/wp-json\/wp\/v2\/product_cat?post=10289"},{"taxonomy":"product_tag","embeddable":true,"href":"https:\/\/miamedic.lt\/en\/wp-json\/wp\/v2\/product_tag?post=10289"}],"curies":[{"name":"wp","href":"https:\/\/api.w.org\/{rel}","templated":true}]}}