{"id":10284,"date":"2025-07-08T10:23:24","date_gmt":"2025-07-08T10:23:24","guid":{"rendered":"https:\/\/miamedic.lt\/?post_type=product&#038;p=10284"},"modified":"2025-12-01T00:29:04","modified_gmt":"2025-12-01T00:29:04","slug":"hydracream-fusion","status":"publish","type":"product","link":"https:\/\/miamedic.lt\/en\/shop\/hydracream-fusion\/","title":{"rendered":"Hydracream Fusion"},"content":{"rendered":"<p><strong>Mesoestetic Hydracream Fusion<\/strong> &#8211; balansuojantis, nuo tar\u0161os valomasis veido kremas-aliejus. Jis maitina ir dr\u0117kina od\u0105, tod\u0117l ji tampa gra\u017eiai lygi. Sausai ir jautriai odai.<\/p>\n<p>ODOS MAITINIMAS: gausu skvaleno, augalinio aliejaus, harmoningai deran\u010dio su oda, suteikian\u010dio maitinim\u0105 ir elastingum\u0105, puikiai \u012fsigeria \u012f audin\u012f nepalikdamas riebi\u0173 liku\u010di\u0173.<\/p>\n<p>BIOBALANCUOJAMAS VEIKSMAS: pobiotinis aktyvus ingredientas Lactobacillus Ferment, gautas fermentuojant bakterij\u0105, stiprina mikrobiotos pusiausvyr\u0105, kad sustiprint\u0173 ir i\u0161laikyt\u0173 odos barjerin\u0119 funkcij\u0105 optimaliomis s\u0105lygomis. Kiekvienos formul\u0117s pH yra \u0161iek tiek r\u016bg\u0161tus, kuris i\u0161saugo pusiausvyr\u0105 ir apsaugo od\u0105 nuo nepageidaujam\u0173 patogenini\u0173 mikroorganizm\u0173.<\/p>\n<p>Biotechnologi\u0161kai aktyvus ingredientas Urban D-tox si\u016blo dvejop\u0105 poveik\u012f odos tar\u0161os poveikiui: kartu pa\u0161alina ter\u0161al\u0173 daleles ir ma\u017eina oksidacin\u012f stres\u0105, kuris, kaip \u017einoma, pagreitina odos sen\u0117jim\u0105.<\/p>\n<p><strong>Usage:<\/strong> ryte ir vakare. U\u017etepkite nedidel\u012f kiek\u012f ant sauso veido ir tolygiai paskirstykite. Palikite kelias sekundes ir masa\u017euokite, kol i\u0161tirps aliejuje. Nuplaukite dideliu kiekiu drungno vandens.<\/p>","protected":false},"excerpt":{"rendered":"<p>Balansuojantis, nuo tar\u0161os valantis veido kremas-aliejus<\/p>","protected":false},"featured_media":10285,"comment_status":"open","ping_status":"closed","template":"","meta":[],"product_cat":[124],"product_tag":[],"class_list":{"0":"post-10284","1":"product","2":"type-product","3":"status-publish","4":"has-post-thumbnail","6":"product_cat-prausikliai","7":"pa_brands-mesoestetic","8":"pa_talpa-100ml","10":"first","11":"instock","12":"taxable","13":"shipping-taxable","14":"purchasable","15":"product-type-simple"},"_links":{"self":[{"href":"https:\/\/miamedic.lt\/en\/wp-json\/wp\/v2\/product\/10284","targetHints":{"allow":["GET"]}}],"collection":[{"href":"https:\/\/miamedic.lt\/en\/wp-json\/wp\/v2\/product"}],"about":[{"href":"https:\/\/miamedic.lt\/en\/wp-json\/wp\/v2\/types\/product"}],"replies":[{"embeddable":true,"href":"https:\/\/miamedic.lt\/en\/wp-json\/wp\/v2\/comments?post=10284"}],"version-history":[{"count":1,"href":"https:\/\/miamedic.lt\/en\/wp-json\/wp\/v2\/product\/10284\/revisions"}],"predecessor-version":[{"id":10286,"href":"https:\/\/miamedic.lt\/en\/wp-json\/wp\/v2\/product\/10284\/revisions\/10286"}],"wp:featuredmedia":[{"embeddable":true,"href":"https:\/\/miamedic.lt\/en\/wp-json\/wp\/v2\/media\/10285"}],"wp:attachment":[{"href":"https:\/\/miamedic.lt\/en\/wp-json\/wp\/v2\/media?parent=10284"}],"wp:term":[{"taxonomy":"product_cat","embeddable":true,"href":"https:\/\/miamedic.lt\/en\/wp-json\/wp\/v2\/product_cat?post=10284"},{"taxonomy":"product_tag","embeddable":true,"href":"https:\/\/miamedic.lt\/en\/wp-json\/wp\/v2\/product_tag?post=10284"}],"curies":[{"name":"wp","href":"https:\/\/api.w.org\/{rel}","templated":true}]}}